{"id":157725,"date":"2021-09-28T14:32:23","date_gmt":"2021-09-28T11:32:23","guid":{"rendered":"http:\/\/dev.tactic.net\/tuote\/masterchefindian-game-night\/"},"modified":"2023-05-10T15:17:30","modified_gmt":"2023-05-10T12:17:30","slug":"masterchefindian-game-night","status":"publish","type":"product","link":"https:\/\/games.tactic.net\/pl\/tuote\/masterchefindian-game-night\/","title":{"rendered":"Tactic MasterChef Indyjska Uczta"},"content":{"rendered":"<p>Widzisz siebie jako MasterChefa? Teraz mo\u017cesz to udowodni\u0107 podczas pysznej indyjskiej walki kucharskiej! Pokonaj innych graczy w kulinarnych miniwyzwaniach i wybierz najlepsze sk\u0142adniki. Wykorzystaj je do stworzenia niezapomnianego dania, zdob\u0105d\u017a jak najwi\u0119cej punk\u00f3w i wygraj!<br \/>\nZawarto\u015b\u0107: 70 kart sk\u0142adnik\u00f3w, 70 kart minigier, 10 kart wyzwa\u0144, 1 plansza punktacji, 4 figurki MasterChef w fartuchach + kartonowe podstawki, 4 kartonowe talerze, 12 \u017ceton\u00f3w punktacji, 1 podstawka, 1 karta obrusu, 1 notes.<br \/>\nGra dla 3-4 graczy w wieku 14+.<\/p>\n","protected":false},"excerpt":{"rendered":"<p>Widzisz siebie jako MasterChefa? Teraz mo\u017cesz to udowodni\u0107 podczas pysznej indyjskiej walki kucharskiej! Pokonaj innych graczy w kulinarnych miniwyzwaniach i wybierz najlepsze sk\u0142adniki. Wykorzystaj je do stworzenia niezapomnianego dania, zdob\u0105d\u017a jak najwi\u0119cej punk\u00f3w i wygraj! Zawarto\u015b\u0107: 70 kart sk\u0142adnik\u00f3w, 70 kart minigier, 10 kart wyzwa\u0144, 1 plansza punktacji, 4 figurki MasterChef w fartuchach + kartonowe [&hellip;]<\/p>\n","protected":false},"featured_media":0,"template":"","meta":{"content-type":"","_monsterinsights_skip_tracking":false,"_monsterinsights_sitenote_active":false,"_monsterinsights_sitenote_note":"","_monsterinsights_sitenote_category":0},"product_brand":[],"product_cat":[1805,1811],"product_tag":[995,991],"brand":[],"target-group":[],"discontinued":[],"class_list":{"0":"post-157725","1":"product","2":"type-product","3":"status-publish","5":"product_cat-gry-planszowe","6":"product_cat-imprezowe-gry-dla-doroslych","7":"product_tag-wieloosobowe","8":"product_tag-zabawa","10":"first","11":"outofstock","12":"taxable","13":"shipping-taxable","14":"product-type-simple"},"aioseo_notices":[],"_links":{"self":[{"href":"https:\/\/games.tactic.net\/pl\/wp-json\/wp\/v2\/product\/157725","targetHints":{"allow":["GET"]}}],"collection":[{"href":"https:\/\/games.tactic.net\/pl\/wp-json\/wp\/v2\/product"}],"about":[{"href":"https:\/\/games.tactic.net\/pl\/wp-json\/wp\/v2\/types\/product"}],"wp:attachment":[{"href":"https:\/\/games.tactic.net\/pl\/wp-json\/wp\/v2\/media?parent=157725"}],"wp:term":[{"taxonomy":"product_brand","embeddable":true,"href":"https:\/\/games.tactic.net\/pl\/wp-json\/wp\/v2\/product_brand?post=157725"},{"taxonomy":"product_cat","embeddable":true,"href":"https:\/\/games.tactic.net\/pl\/wp-json\/wp\/v2\/product_cat?post=157725"},{"taxonomy":"product_tag","embeddable":true,"href":"https:\/\/games.tactic.net\/pl\/wp-json\/wp\/v2\/product_tag?post=157725"},{"taxonomy":"brand","embeddable":true,"href":"https:\/\/games.tactic.net\/pl\/wp-json\/wp\/v2\/brand?post=157725"},{"taxonomy":"target-group","embeddable":true,"href":"https:\/\/games.tactic.net\/pl\/wp-json\/wp\/v2\/target-group?post=157725"},{"taxonomy":"discontinued","embeddable":true,"href":"https:\/\/games.tactic.net\/pl\/wp-json\/wp\/v2\/discontinued?post=157725"}],"curies":[{"name":"wp","href":"https:\/\/api.w.org\/{rel}","templated":true}]}}