{"id":157668,"date":"2021-09-28T14:31:02","date_gmt":"2021-09-28T11:31:02","guid":{"rendered":"http:\/\/dev.tactic.net\/tuote\/masterchefmezze-veggie-night\/"},"modified":"2023-05-10T15:17:17","modified_gmt":"2023-05-10T12:17:17","slug":"masterchefmezze-veggie-night","status":"publish","type":"product","link":"https:\/\/games.tactic.net\/pl\/tuote\/masterchefmezze-veggie-night\/","title":{"rendered":"Tactic MasterChef Mezze Veggie Night"},"content":{"rendered":"<p>Widzisz siebie jako MasterChefa? Teraz mo\u017cesz to udowodni\u0107 podczas pysznej wegetaria\u0144skiej walki kucharskiej! Pokonaj innych graczy w kulinarnych miniwyzwaniach i wybierz najlepsze sk\u0142adniki. Wykorzystaj je do stworzenia niezapomnianego dania, zdob\u0105d\u017a jak najwi\u0119cej punk\u00f3w i wygraj!<br \/>\nZawarto\u015b\u0107: 70 kart sk\u0142adnik\u00f3w, 70 kart minigier, 10 kart wyzwa\u0144, 1 plansza punktacji, 4 figurki MasterChef w fartuchach + kartonowe podstawki, 4 kartonowe talerze, 12 \u017ceton\u00f3w punktacji, 1 podstawka, 1 karta obrusu, 1 notes.<br \/>\nGra dla 3-4 graczy w wieku 14+.<\/p>\n","protected":false},"excerpt":{"rendered":"<p>Widzisz siebie jako MasterChefa? Teraz mo\u017cesz to udowodni\u0107 podczas pysznej wegetaria\u0144skiej walki kucharskiej! Pokonaj innych graczy w kulinarnych miniwyzwaniach i wybierz najlepsze sk\u0142adniki. Wykorzystaj je do stworzenia niezapomnianego dania, zdob\u0105d\u017a jak najwi\u0119cej punk\u00f3w i wygraj! Zawarto\u015b\u0107: 70 kart sk\u0142adnik\u00f3w, 70 kart minigier, 10 kart wyzwa\u0144, 1 plansza punktacji, 4 figurki MasterChef w fartuchach + kartonowe [&hellip;]<\/p>\n","protected":false},"featured_media":0,"template":"","meta":{"content-type":"","_monsterinsights_skip_tracking":false,"_monsterinsights_sitenote_active":false,"_monsterinsights_sitenote_note":"","_monsterinsights_sitenote_category":0},"product_brand":[],"product_cat":[1805,1811],"product_tag":[1277,995,991],"brand":[],"target-group":[],"discontinued":[],"class_list":{"0":"post-157668","1":"product","2":"type-product","3":"status-publish","5":"product_cat-gry-planszowe","6":"product_cat-imprezowe-gry-dla-doroslych","7":"product_tag-wiedza","8":"product_tag-wieloosobowe","9":"product_tag-zabawa","11":"first","12":"outofstock","13":"taxable","14":"shipping-taxable","15":"product-type-simple"},"aioseo_notices":[],"_links":{"self":[{"href":"https:\/\/games.tactic.net\/pl\/wp-json\/wp\/v2\/product\/157668","targetHints":{"allow":["GET"]}}],"collection":[{"href":"https:\/\/games.tactic.net\/pl\/wp-json\/wp\/v2\/product"}],"about":[{"href":"https:\/\/games.tactic.net\/pl\/wp-json\/wp\/v2\/types\/product"}],"wp:attachment":[{"href":"https:\/\/games.tactic.net\/pl\/wp-json\/wp\/v2\/media?parent=157668"}],"wp:term":[{"taxonomy":"product_brand","embeddable":true,"href":"https:\/\/games.tactic.net\/pl\/wp-json\/wp\/v2\/product_brand?post=157668"},{"taxonomy":"product_cat","embeddable":true,"href":"https:\/\/games.tactic.net\/pl\/wp-json\/wp\/v2\/product_cat?post=157668"},{"taxonomy":"product_tag","embeddable":true,"href":"https:\/\/games.tactic.net\/pl\/wp-json\/wp\/v2\/product_tag?post=157668"},{"taxonomy":"brand","embeddable":true,"href":"https:\/\/games.tactic.net\/pl\/wp-json\/wp\/v2\/brand?post=157668"},{"taxonomy":"target-group","embeddable":true,"href":"https:\/\/games.tactic.net\/pl\/wp-json\/wp\/v2\/target-group?post=157668"},{"taxonomy":"discontinued","embeddable":true,"href":"https:\/\/games.tactic.net\/pl\/wp-json\/wp\/v2\/discontinued?post=157668"}],"curies":[{"name":"wp","href":"https:\/\/api.w.org\/{rel}","templated":true}]}}