{"id":156943,"date":"2021-09-28T14:22:58","date_gmt":"2021-09-28T11:22:58","guid":{"rendered":"http:\/\/dev.tactic.net\/tuote\/masterchefitalian-game-night\/"},"modified":"2023-05-10T15:17:45","modified_gmt":"2023-05-10T12:17:45","slug":"masterchefitalian-game-night","status":"publish","type":"product","link":"https:\/\/games.tactic.net\/pl\/tuote\/masterchefitalian-game-night\/","title":{"rendered":"Tactic MasterChef W\u0142oska Uczta"},"content":{"rendered":"<p>Zakasaj r\u0119kawy i do roboty! MasterChef rzuca wyzwanie wszystkim \u2013 \u017c\u00f3\u0142todziobom i profesjonalnym szefom kuchni \u2013 do pysznej w\u0142oskiej walki kucharskiej! Podczas szybkich minigier gracze zbieraj\u0105 karty sk\u0142adnik\u00f3w, z kt\u00f3rych na koniec stworz\u0105 kulinarne arcydzie\u0142o. \u017beby wygra\u0107, potrzebujesz odrobiny kreatywno\u015bci i szczypty poczucia humoru!<\/p>\n","protected":false},"excerpt":{"rendered":"<p>Zakasaj r\u0119kawy i do roboty! MasterChef rzuca wyzwanie wszystkim \u2013 \u017c\u00f3\u0142todziobom i profesjonalnym szefom kuchni \u2013 do pysznej w\u0142oskiej walki kucharskiej! Podczas szybkich minigier gracze zbieraj\u0105 karty sk\u0142adnik\u00f3w, z kt\u00f3rych na koniec stworz\u0105 kulinarne arcydzie\u0142o. \u017beby wygra\u0107, potrzebujesz odrobiny kreatywno\u015bci i szczypty poczucia humoru!<\/p>\n","protected":false},"featured_media":0,"template":"","meta":{"content-type":"","_monsterinsights_skip_tracking":false,"_monsterinsights_sitenote_active":false,"_monsterinsights_sitenote_note":"","_monsterinsights_sitenote_category":0},"product_brand":[],"product_cat":[1805,1811],"product_tag":[897,991],"brand":[],"target-group":[],"discontinued":[],"class_list":{"0":"post-156943","1":"product","2":"type-product","3":"status-publish","5":"product_cat-gry-planszowe","6":"product_cat-imprezowe-gry-dla-doroslych","7":"product_tag-taktyka","8":"product_tag-zabawa","10":"first","11":"outofstock","12":"taxable","13":"shipping-taxable","14":"product-type-simple"},"aioseo_notices":[],"_links":{"self":[{"href":"https:\/\/games.tactic.net\/pl\/wp-json\/wp\/v2\/product\/156943","targetHints":{"allow":["GET"]}}],"collection":[{"href":"https:\/\/games.tactic.net\/pl\/wp-json\/wp\/v2\/product"}],"about":[{"href":"https:\/\/games.tactic.net\/pl\/wp-json\/wp\/v2\/types\/product"}],"wp:attachment":[{"href":"https:\/\/games.tactic.net\/pl\/wp-json\/wp\/v2\/media?parent=156943"}],"wp:term":[{"taxonomy":"product_brand","embeddable":true,"href":"https:\/\/games.tactic.net\/pl\/wp-json\/wp\/v2\/product_brand?post=156943"},{"taxonomy":"product_cat","embeddable":true,"href":"https:\/\/games.tactic.net\/pl\/wp-json\/wp\/v2\/product_cat?post=156943"},{"taxonomy":"product_tag","embeddable":true,"href":"https:\/\/games.tactic.net\/pl\/wp-json\/wp\/v2\/product_tag?post=156943"},{"taxonomy":"brand","embeddable":true,"href":"https:\/\/games.tactic.net\/pl\/wp-json\/wp\/v2\/brand?post=156943"},{"taxonomy":"target-group","embeddable":true,"href":"https:\/\/games.tactic.net\/pl\/wp-json\/wp\/v2\/target-group?post=156943"},{"taxonomy":"discontinued","embeddable":true,"href":"https:\/\/games.tactic.net\/pl\/wp-json\/wp\/v2\/discontinued?post=156943"}],"curies":[{"name":"wp","href":"https:\/\/api.w.org\/{rel}","templated":true}]}}