{"id":155671,"date":"2021-09-28T14:17:26","date_gmt":"2021-09-28T11:17:26","guid":{"rendered":"http:\/\/dev.tactic.net\/tuote\/geby\/"},"modified":"2022-05-24T13:16:54","modified_gmt":"2022-05-24T10:16:54","slug":"geby","status":"publish","type":"product","link":"https:\/\/games.tactic.net\/pl\/tuote\/geby\/","title":{"rendered":"Tactic G\u0119by"},"content":{"rendered":"<p>U\u0142\u00f3\u017c stos z niestabilnych klock\u00f3w! Pierwszy gracz, kt\u00f3ry pozb\u0119dzie si\u0119 swych kart lub z powodzeniem po\u0142o\u017cy na stosie dziewi\u0105ty klocek wygrywa!<\/p>\n","protected":false},"excerpt":{"rendered":"<p>U\u0142\u00f3\u017c stos z niestabilnych klock\u00f3w! Pierwszy gracz, kt\u00f3ry pozb\u0119dzie si\u0119 swych kart lub z powodzeniem po\u0142o\u017cy na stosie dziewi\u0105ty klocek wygrywa!<\/p>\n","protected":false},"featured_media":0,"template":"","meta":{"content-type":"","_monsterinsights_skip_tracking":false,"_monsterinsights_sitenote_active":false,"_monsterinsights_sitenote_note":"","_monsterinsights_sitenote_category":0},"product_brand":[],"product_cat":[1805,1811],"product_tag":[1234,1285,995],"brand":[],"target-group":[],"discontinued":[],"class_list":{"0":"post-155671","1":"product","2":"type-product","3":"status-publish","5":"product_cat-gry-planszowe","6":"product_cat-imprezowe-gry-dla-doroslych","7":"product_tag-laczenie-pl","8":"product_tag-rozwiazywanie-problemow","9":"product_tag-wieloosobowe","11":"first","12":"outofstock","13":"taxable","14":"shipping-taxable","15":"product-type-simple"},"aioseo_notices":[],"_links":{"self":[{"href":"https:\/\/games.tactic.net\/pl\/wp-json\/wp\/v2\/product\/155671","targetHints":{"allow":["GET"]}}],"collection":[{"href":"https:\/\/games.tactic.net\/pl\/wp-json\/wp\/v2\/product"}],"about":[{"href":"https:\/\/games.tactic.net\/pl\/wp-json\/wp\/v2\/types\/product"}],"wp:attachment":[{"href":"https:\/\/games.tactic.net\/pl\/wp-json\/wp\/v2\/media?parent=155671"}],"wp:term":[{"taxonomy":"product_brand","embeddable":true,"href":"https:\/\/games.tactic.net\/pl\/wp-json\/wp\/v2\/product_brand?post=155671"},{"taxonomy":"product_cat","embeddable":true,"href":"https:\/\/games.tactic.net\/pl\/wp-json\/wp\/v2\/product_cat?post=155671"},{"taxonomy":"product_tag","embeddable":true,"href":"https:\/\/games.tactic.net\/pl\/wp-json\/wp\/v2\/product_tag?post=155671"},{"taxonomy":"brand","embeddable":true,"href":"https:\/\/games.tactic.net\/pl\/wp-json\/wp\/v2\/brand?post=155671"},{"taxonomy":"target-group","embeddable":true,"href":"https:\/\/games.tactic.net\/pl\/wp-json\/wp\/v2\/target-group?post=155671"},{"taxonomy":"discontinued","embeddable":true,"href":"https:\/\/games.tactic.net\/pl\/wp-json\/wp\/v2\/discontinued?post=155671"}],"curies":[{"name":"wp","href":"https:\/\/api.w.org\/{rel}","templated":true}]}}