{"id":155365,"date":"2021-09-28T14:15:53","date_gmt":"2021-09-28T11:15:53","guid":{"rendered":"http:\/\/dev.tactic.net\/tuote\/zalozysz-sie-party\/"},"modified":"2023-10-25T16:00:36","modified_gmt":"2023-10-25T13:00:36","slug":"zalozysz-sie-party","status":"publish","type":"product","link":"https:\/\/games.tactic.net\/pl\/tuote\/zalozysz-sie-party\/","title":{"rendered":"Tactic Za\u0142o\u017cysz si\u0119? Party"},"content":{"rendered":"<p>\u015aWIETNA ZABAWA W OBSTAWIANIE WYZWA\u0143. Edycja imprezowa wprowadza jeszcze \u015bmieszniejsze zadania i pytania. Jakie? Przekonasz si\u0119, graj\u0105c w Za\u0142o\u017cysz si\u0119? Party  \u2022\u2022 Osoba, kt\u00f3ra zako\u0144czy gr\u0119 z najwi\u0119ksz\u0105 kwot\u0105, wygrywa! \u2022\u2022 Wiele zabawnych sytuacji &#8211; gwarantowane! \u2022\u2022 Obstawianie sprawia, \u017ce gra jest naprawd\u0119 ekscytuj\u0105ca! Zawarto\u015b\u0107: Plansza do gry, 288 kart zada\u0144 (188 kart z zadaniami aktorskimi, 50 kart z zadaniami umys\u0142owymi, 50 kart z zadaniami zr\u0119czno\u015bciowymi), 12 kart TAK\/NIE, Plik banknot\u00f3w do gry, 6 pionk\u00f3w, 36 znacznik\u00f3w, 1 kostka, 3 klepsydry.<br \/>\nGra dla 3-6 graczy w wieku 15+.<\/p>\n","protected":false},"excerpt":{"rendered":"<p>\u015aWIETNA ZABAWA W OBSTAWIANIE WYZWA\u0143. Edycja imprezowa wprowadza jeszcze \u015bmieszniejsze zadania i pytania. Jakie? Przekonasz si\u0119, graj\u0105c w Za\u0142o\u017cysz si\u0119? Party.<\/p>\n","protected":false},"featured_media":0,"template":"","meta":{"content-type":"","_monsterinsights_skip_tracking":false,"_monsterinsights_sitenote_active":false,"_monsterinsights_sitenote_note":"","_monsterinsights_sitenote_category":0},"product_brand":[],"product_cat":[1811],"product_tag":[],"brand":[],"target-group":[],"discontinued":[],"class_list":{"0":"post-155365","1":"product","2":"type-product","3":"status-publish","5":"product_cat-imprezowe-gry-dla-doroslych","7":"first","8":"outofstock","9":"taxable","10":"shipping-taxable","11":"product-type-simple"},"aioseo_notices":[],"_links":{"self":[{"href":"https:\/\/games.tactic.net\/pl\/wp-json\/wp\/v2\/product\/155365","targetHints":{"allow":["GET"]}}],"collection":[{"href":"https:\/\/games.tactic.net\/pl\/wp-json\/wp\/v2\/product"}],"about":[{"href":"https:\/\/games.tactic.net\/pl\/wp-json\/wp\/v2\/types\/product"}],"wp:attachment":[{"href":"https:\/\/games.tactic.net\/pl\/wp-json\/wp\/v2\/media?parent=155365"}],"wp:term":[{"taxonomy":"product_brand","embeddable":true,"href":"https:\/\/games.tactic.net\/pl\/wp-json\/wp\/v2\/product_brand?post=155365"},{"taxonomy":"product_cat","embeddable":true,"href":"https:\/\/games.tactic.net\/pl\/wp-json\/wp\/v2\/product_cat?post=155365"},{"taxonomy":"product_tag","embeddable":true,"href":"https:\/\/games.tactic.net\/pl\/wp-json\/wp\/v2\/product_tag?post=155365"},{"taxonomy":"brand","embeddable":true,"href":"https:\/\/games.tactic.net\/pl\/wp-json\/wp\/v2\/brand?post=155365"},{"taxonomy":"target-group","embeddable":true,"href":"https:\/\/games.tactic.net\/pl\/wp-json\/wp\/v2\/target-group?post=155365"},{"taxonomy":"discontinued","embeddable":true,"href":"https:\/\/games.tactic.net\/pl\/wp-json\/wp\/v2\/discontinued?post=155365"}],"curies":[{"name":"wp","href":"https:\/\/api.w.org\/{rel}","templated":true}]}}