{"id":155203,"date":"2021-09-28T14:14:41","date_gmt":"2021-09-28T11:14:41","guid":{"rendered":"http:\/\/dev.tactic.net\/tuote\/ale-zycie\/"},"modified":"2023-10-25T16:22:02","modified_gmt":"2023-10-25T13:22:02","slug":"ale-zycie","status":"publish","type":"product","link":"https:\/\/games.tactic.net\/pl\/tuote\/ale-zycie\/","title":{"rendered":"Tactic Ale \u017cycie!"},"content":{"rendered":"<p>Co za gra! Zawodnicy przedstawiaj\u0105\u00a0sobie nawzajem najlepsze i najgorsze mo\u017cliwe scenariusze, uk\u0142adaj\u0105c je z kart, kt\u00f3re maj\u0105\u00a0w r\u0119ku. Pr\u00f3buj\u0105\u00a0skra\u015b\u0107\u00a0karty innych graczy, sprzedaj\u0105c im swoje pomys\u0142y, aby wygra\u0107!<br \/>\n\u2022 Gra pe\u0142na niedorzecznych scenariuszy!<br \/>\n\u2022 Niewyczerpane \u017ar\u00f3d\u0142o temat\u00f3w dla imprezowych konwersacji.<br \/>\n\u2022 Idealna gra imprezowa.<br \/>\nZawarto\u015b\u0107: plansza, 175 kart ze stylami \u017cycia, 45 kart \u201eAle \u017cycie!\u201d, 40 tekturowych \u017ceton\u00f3w (w 8 zestawach), zasady gry.<br \/>\nGra dla 3-8 os\u00f3b w wieku 12+.<\/p>\n","protected":false},"excerpt":{"rendered":"<p>Co za gra! Zawodnicy przedstawiaj\u0105 sobie nawzajem najlepsze i najgorsze mo\u017cliwe scenariusze, uk\u0142adaj\u0105c je z kart, kt\u00f3re maj\u0105 w r\u0119ku. Pr\u00f3buj\u0105 skra\u015b\u0107 karty innych graczy, sprzedaj\u0105c im swoje pomys\u0142y, aby wygra\u0107!<\/p>\n","protected":false},"featured_media":0,"template":"","meta":{"content-type":"","_monsterinsights_skip_tracking":false,"_monsterinsights_sitenote_active":false,"_monsterinsights_sitenote_note":"","_monsterinsights_sitenote_category":0},"product_brand":[],"product_cat":[1811],"product_tag":[],"brand":[],"target-group":[],"discontinued":[],"class_list":{"0":"post-155203","1":"product","2":"type-product","3":"status-publish","5":"product_cat-imprezowe-gry-dla-doroslych","7":"first","8":"outofstock","9":"taxable","10":"shipping-taxable","11":"product-type-simple"},"aioseo_notices":[],"_links":{"self":[{"href":"https:\/\/games.tactic.net\/pl\/wp-json\/wp\/v2\/product\/155203","targetHints":{"allow":["GET"]}}],"collection":[{"href":"https:\/\/games.tactic.net\/pl\/wp-json\/wp\/v2\/product"}],"about":[{"href":"https:\/\/games.tactic.net\/pl\/wp-json\/wp\/v2\/types\/product"}],"wp:attachment":[{"href":"https:\/\/games.tactic.net\/pl\/wp-json\/wp\/v2\/media?parent=155203"}],"wp:term":[{"taxonomy":"product_brand","embeddable":true,"href":"https:\/\/games.tactic.net\/pl\/wp-json\/wp\/v2\/product_brand?post=155203"},{"taxonomy":"product_cat","embeddable":true,"href":"https:\/\/games.tactic.net\/pl\/wp-json\/wp\/v2\/product_cat?post=155203"},{"taxonomy":"product_tag","embeddable":true,"href":"https:\/\/games.tactic.net\/pl\/wp-json\/wp\/v2\/product_tag?post=155203"},{"taxonomy":"brand","embeddable":true,"href":"https:\/\/games.tactic.net\/pl\/wp-json\/wp\/v2\/brand?post=155203"},{"taxonomy":"target-group","embeddable":true,"href":"https:\/\/games.tactic.net\/pl\/wp-json\/wp\/v2\/target-group?post=155203"},{"taxonomy":"discontinued","embeddable":true,"href":"https:\/\/games.tactic.net\/pl\/wp-json\/wp\/v2\/discontinued?post=155203"}],"curies":[{"name":"wp","href":"https:\/\/api.w.org\/{rel}","templated":true}]}}