{"id":154845,"date":"2021-09-28T14:11:37","date_gmt":"2021-09-28T11:11:37","guid":{"rendered":"http:\/\/dev.tactic.net\/tuote\/gra-planszowa-zafiksowani-quiz-nie-tylko-dla-geekow\/"},"modified":"2023-09-26T20:49:48","modified_gmt":"2023-09-26T17:49:48","slug":"gra-planszowa-zafiksowani-quiz-nie-tylko-dla-geekow","status":"publish","type":"product","link":"https:\/\/games.tactic.net\/pl\/tuote\/gra-planszowa-zafiksowani-quiz-nie-tylko-dla-geekow\/","title":{"rendered":"Tactic Zafiksowani Quiz nie tylko dla geek\u00f3w"},"content":{"rendered":"<p>Poznaj \u015bwiat ludzi z pasj\u0105! \u015awiat hobby jest bardzo bogaty, dlatego najlepiej go poznacie odpowiadaj\u0105c na pytania z tego quizu. Niekt\u00f3re b\u0119d\u0105 proste, wr\u0119cz szkolne, niekt\u00f3re zupe\u0142nie nieoczekiwane czy nawet, zdawa\u0142oby si\u0119, dziwaczne. Za ka\u017cd\u0105 pozycj\u0119 wymienion\u0105 z listy gracz zdobywa \u017ceton-bitcoina. Zarabia je r\u00f3wnie\u017c w\u00f3wczas, gdy trafnie przewiduje, jak z zadaniami radz\u0105 sobie inni gracze.<br \/>\nZawarto\u015b\u0107: plansza, 182 kart z pytaniami, 18 kart do obstawiania (po 3 dla ka\u017cdego gracza), 40 \u017ceton\u00f3w bitcoin, stojak na kart\u0119, klepsydra.<br \/>\nGra przeznaczona jest dla 2-6 graczy w wieku 14+.<\/p>\n","protected":false},"excerpt":{"rendered":"<p>Poznaj \u015bwiat ludzi z pasj\u0105! \u015awiat hobby jest bardzo bogaty, dlatego najlepiej go poznacie odpowiadaj\u0105c na pytania z tego quizu. Niekt\u00f3re b\u0119d\u0105 proste, wr\u0119cz szkolne, niekt\u00f3re zupe\u0142nie nieoczekiwane czy nawet, zdawa\u0142oby si\u0119, dziwaczne. Za ka\u017cd\u0105 pozycj\u0119 wymienion\u0105 z listy gracz zdobywa \u017ceton-bitcoina. Zarabia je r\u00f3wnie\u017c w\u00f3wczas, gdy trafnie przewiduje, jak z zadaniami radz\u0105 sobie inni [&hellip;]<\/p>\n","protected":false},"featured_media":154836,"template":"","meta":{"content-type":"","_monsterinsights_skip_tracking":false,"_monsterinsights_sitenote_active":false,"_monsterinsights_sitenote_note":"","_monsterinsights_sitenote_category":0},"product_brand":[],"product_cat":[349],"product_tag":[],"brand":[],"target-group":[],"discontinued":[],"class_list":{"0":"post-154845","1":"product","2":"type-product","3":"status-publish","4":"has-post-thumbnail","6":"product_cat-gry-rodzinne","8":"first","9":"instock","10":"taxable","11":"shipping-taxable","12":"product-type-simple"},"aioseo_notices":[],"_links":{"self":[{"href":"https:\/\/games.tactic.net\/pl\/wp-json\/wp\/v2\/product\/154845","targetHints":{"allow":["GET"]}}],"collection":[{"href":"https:\/\/games.tactic.net\/pl\/wp-json\/wp\/v2\/product"}],"about":[{"href":"https:\/\/games.tactic.net\/pl\/wp-json\/wp\/v2\/types\/product"}],"wp:featuredmedia":[{"embeddable":true,"href":"https:\/\/games.tactic.net\/pl\/wp-json\/wp\/v2\/media\/154836"}],"wp:attachment":[{"href":"https:\/\/games.tactic.net\/pl\/wp-json\/wp\/v2\/media?parent=154845"}],"wp:term":[{"taxonomy":"product_brand","embeddable":true,"href":"https:\/\/games.tactic.net\/pl\/wp-json\/wp\/v2\/product_brand?post=154845"},{"taxonomy":"product_cat","embeddable":true,"href":"https:\/\/games.tactic.net\/pl\/wp-json\/wp\/v2\/product_cat?post=154845"},{"taxonomy":"product_tag","embeddable":true,"href":"https:\/\/games.tactic.net\/pl\/wp-json\/wp\/v2\/product_tag?post=154845"},{"taxonomy":"brand","embeddable":true,"href":"https:\/\/games.tactic.net\/pl\/wp-json\/wp\/v2\/brand?post=154845"},{"taxonomy":"target-group","embeddable":true,"href":"https:\/\/games.tactic.net\/pl\/wp-json\/wp\/v2\/target-group?post=154845"},{"taxonomy":"discontinued","embeddable":true,"href":"https:\/\/games.tactic.net\/pl\/wp-json\/wp\/v2\/discontinued?post=154845"}],"curies":[{"name":"wp","href":"https:\/\/api.w.org\/{rel}","templated":true}]}}