{"id":154443,"date":"2021-09-28T14:09:28","date_gmt":"2021-09-28T11:09:28","guid":{"rendered":"http:\/\/dev.tactic.net\/tuote\/gift-game-dziwne-to-prawo\/"},"modified":"2023-10-25T14:40:14","modified_gmt":"2023-10-25T11:40:14","slug":"gift-game-dziwne-to-prawo","status":"publish","type":"product","link":"https:\/\/games.tactic.net\/pl\/tuote\/gift-game-dziwne-to-prawo\/","title":{"rendered":"Gamestorm Gift Game Dziwne to prawo&#8230; gra planszowa"},"content":{"rendered":"<p>Miejska legenda czy fakt? W \u015bwiecie jest mn\u00f3stwo rozmaitych przepis\u00f3w i praw, a niekt\u00f3re z nich s\u0105 ca\u0142kowicie szalone. Twoim zadaniem jest odgadn\u0105\u0107, co jest prawd\u0105, a co fa\u0142szem. Pierwszy gracz, kt\u00f3ry odpowie poprawnie, wygrywa kart\u0119. Pierwszy, kt\u00f3ry zdob\u0119dzie ich 5, zostaje zwyci\u0119zc\u0105.<br \/>\n Zawarto\u015b\u0107: 194 karty z pytaniami, 6 kart odpowiedzi, zasady. Gra imprezowa dla 2-6 graczy w wieku 15+.<\/p>\n","protected":false},"excerpt":{"rendered":"<p>Miejska legenda czy fakt? W \u015bwiecie jest mn\u00f3stwo rozmaitych przepis\u00f3w i praw, a niekt\u00f3re z nich s\u0105 ca\u0142kowicie szalone. Twoim zadaniem jest odgadn\u0105\u0107, co jest prawd\u0105, a co fa\u0142szem. Pierwszy gracz, kt\u00f3ry odpowie poprawnie, wygrywa kart\u0119. Pierwszy, kt\u00f3ry zdob\u0119dzie ich 5, zostaje zwyci\u0119zc\u0105.<\/p>\n","protected":false},"featured_media":0,"template":"","meta":{"content-type":"","_monsterinsights_skip_tracking":false,"_monsterinsights_sitenote_active":false,"_monsterinsights_sitenote_note":"","_monsterinsights_sitenote_category":0},"product_brand":[],"product_cat":[1811,1818],"product_tag":[1277,995,991],"brand":[],"target-group":[],"discontinued":[],"class_list":{"0":"post-154443","1":"product","2":"type-product","3":"status-publish","5":"product_cat-imprezowe-gry-dla-doroslych","6":"product_cat-imprezowe-gry-rodzinne","7":"product_tag-wiedza","8":"product_tag-wieloosobowe","9":"product_tag-zabawa","11":"first","12":"outofstock","13":"taxable","14":"shipping-taxable","15":"product-type-simple"},"aioseo_notices":[],"_links":{"self":[{"href":"https:\/\/games.tactic.net\/pl\/wp-json\/wp\/v2\/product\/154443","targetHints":{"allow":["GET"]}}],"collection":[{"href":"https:\/\/games.tactic.net\/pl\/wp-json\/wp\/v2\/product"}],"about":[{"href":"https:\/\/games.tactic.net\/pl\/wp-json\/wp\/v2\/types\/product"}],"wp:attachment":[{"href":"https:\/\/games.tactic.net\/pl\/wp-json\/wp\/v2\/media?parent=154443"}],"wp:term":[{"taxonomy":"product_brand","embeddable":true,"href":"https:\/\/games.tactic.net\/pl\/wp-json\/wp\/v2\/product_brand?post=154443"},{"taxonomy":"product_cat","embeddable":true,"href":"https:\/\/games.tactic.net\/pl\/wp-json\/wp\/v2\/product_cat?post=154443"},{"taxonomy":"product_tag","embeddable":true,"href":"https:\/\/games.tactic.net\/pl\/wp-json\/wp\/v2\/product_tag?post=154443"},{"taxonomy":"brand","embeddable":true,"href":"https:\/\/games.tactic.net\/pl\/wp-json\/wp\/v2\/brand?post=154443"},{"taxonomy":"target-group","embeddable":true,"href":"https:\/\/games.tactic.net\/pl\/wp-json\/wp\/v2\/target-group?post=154443"},{"taxonomy":"discontinued","embeddable":true,"href":"https:\/\/games.tactic.net\/pl\/wp-json\/wp\/v2\/discontinued?post=154443"}],"curies":[{"name":"wp","href":"https:\/\/api.w.org\/{rel}","templated":true}]}}