{"id":154428,"date":"2021-09-28T14:08:07","date_gmt":"2021-09-28T11:08:07","guid":{"rendered":"http:\/\/dev.tactic.net\/tuote\/gift-game-nic-nie-ukryjesz\/"},"modified":"2023-10-25T14:41:54","modified_gmt":"2023-10-25T11:41:54","slug":"gift-game-nic-nie-ukryjesz","status":"publish","type":"product","link":"https:\/\/games.tactic.net\/pl\/tuote\/gift-game-nic-nie-ukryjesz\/","title":{"rendered":"Gamestorm Gift Game Nic nie ukryjesz! gra planszowa"},"content":{"rendered":"<p>Czas pozwoli\u0107 wyjrze\u0107 trupom z szafy! Wskazywanie palcami jest zwykle uwa\u017cane za niegrzeczne, ale w tej grze jest wr\u0119cz obowi\u0105zkowe! Jeden z graczy odczytuje pytanie, wszyscy odliczaj\u0105 do trzech i wskazuj\u0105 osob\u0119, kt\u00f3ra wed\u0142ug nich najlepiej pasuje do opisu. Wszyscy gracze, kt\u00f3rzy znajd\u0105 si\u0119 w grupie wi\u0119kszo\u015bciowej, wygrywaj\u0105 kart\u0119. Pierwszy zawodnik, kt\u00f3ry zgromadzi 5 kart, wygrywa ca\u0142\u0105 rozgrywk\u0119.<br \/>\n\u2022 Prosta i szybka rozgrywka.<br \/>\n\u2022 Efektownie kolorowy design.<br \/>\nZawarto\u015b\u0107: 200 kart, zasady.<br \/>\nGra imprezowa dla 3-6 graczy w wieku 15+.<\/p>\n","protected":false},"excerpt":{"rendered":"<p>Czas pozwoli\u0107 wyjrze\u0107 trupom z szafy! Wskazywanie palcami jest zwykle uwa\u017cane za niegrzeczne, ale w tej grze jest wr\u0119cz obowi\u0105zkowe! Jeden z graczy odczytuje pytanie, wszyscy odliczaj\u0105 do trzech i wskazuj\u0105 osob\u0119, kt\u00f3ra wed\u0142ug nich najlepiej pasuje do opisu. Wszyscy gracze, kt\u00f3rzy znajd\u0105 si\u0119 w grupie wi\u0119kszo\u015bciowej, wygrywaj\u0105 kart\u0119. Pierwszy zawodnik, kt\u00f3ry zgromadzi 5 kart, wygrywa ca\u0142\u0105 rozgrywk\u0119.<\/p>\n","protected":false},"featured_media":0,"template":"","meta":{"content-type":"","_monsterinsights_skip_tracking":false,"_monsterinsights_sitenote_active":false,"_monsterinsights_sitenote_note":"","_monsterinsights_sitenote_category":0},"product_brand":[],"product_cat":[1811,1818],"product_tag":[1277,995,991],"brand":[],"target-group":[],"discontinued":[],"class_list":{"0":"post-154428","1":"product","2":"type-product","3":"status-publish","5":"product_cat-imprezowe-gry-dla-doroslych","6":"product_cat-imprezowe-gry-rodzinne","7":"product_tag-wiedza","8":"product_tag-wieloosobowe","9":"product_tag-zabawa","11":"first","12":"outofstock","13":"taxable","14":"shipping-taxable","15":"product-type-simple"},"aioseo_notices":[],"_links":{"self":[{"href":"https:\/\/games.tactic.net\/pl\/wp-json\/wp\/v2\/product\/154428","targetHints":{"allow":["GET"]}}],"collection":[{"href":"https:\/\/games.tactic.net\/pl\/wp-json\/wp\/v2\/product"}],"about":[{"href":"https:\/\/games.tactic.net\/pl\/wp-json\/wp\/v2\/types\/product"}],"wp:attachment":[{"href":"https:\/\/games.tactic.net\/pl\/wp-json\/wp\/v2\/media?parent=154428"}],"wp:term":[{"taxonomy":"product_brand","embeddable":true,"href":"https:\/\/games.tactic.net\/pl\/wp-json\/wp\/v2\/product_brand?post=154428"},{"taxonomy":"product_cat","embeddable":true,"href":"https:\/\/games.tactic.net\/pl\/wp-json\/wp\/v2\/product_cat?post=154428"},{"taxonomy":"product_tag","embeddable":true,"href":"https:\/\/games.tactic.net\/pl\/wp-json\/wp\/v2\/product_tag?post=154428"},{"taxonomy":"brand","embeddable":true,"href":"https:\/\/games.tactic.net\/pl\/wp-json\/wp\/v2\/brand?post=154428"},{"taxonomy":"target-group","embeddable":true,"href":"https:\/\/games.tactic.net\/pl\/wp-json\/wp\/v2\/target-group?post=154428"},{"taxonomy":"discontinued","embeddable":true,"href":"https:\/\/games.tactic.net\/pl\/wp-json\/wp\/v2\/discontinued?post=154428"}],"curies":[{"name":"wp","href":"https:\/\/api.w.org\/{rel}","templated":true}]}}