{"id":154413,"date":"2021-09-28T14:05:18","date_gmt":"2021-09-28T11:05:18","guid":{"rendered":"http:\/\/dev.tactic.net\/tuote\/gift-game-zle-to-dobrze\/"},"modified":"2023-10-25T14:42:17","modified_gmt":"2023-10-25T11:42:17","slug":"gift-game-zle-to-dobrze","status":"publish","type":"product","link":"https:\/\/games.tactic.net\/pl\/tuote\/gift-game-zle-to-dobrze\/","title":{"rendered":"Gamestorm Gift Game \u0179le to Dobrze gra planszowa"},"content":{"rendered":"<p>Lepiej zr\u00f3b to \u017ale! W tej grze quizowej wszystko jest do g\u00f3ry nogami i trzeba odpowiada\u0107 niepoprawnie! Gracz, kt\u00f3ry zbierze 5 kart, wygrywa.<br \/>\n\u2022 Prosta i szybka rozgrywka.<br \/>\n\u2022 Efektowny i kolorowy design.<br \/>\nZawarto\u015b\u0107: 182 karty z pytaniami, 18 kart odpowiedzi, zasady.<br \/>\nGra imprezowa dla 2-6 graczy w wieku 15+.<\/p>\n","protected":false},"excerpt":{"rendered":"<p>Lepiej zr\u00f3b to \u017ale! W tej grze quizowej wszystko jest do g\u00f3ry nogami i trzeba odpowiada\u0107 niepoprawnie! Gracz, kt\u00f3ry zbierze 5 kart, wygrywa.<\/p>\n","protected":false},"featured_media":0,"template":"","meta":{"content-type":"","_monsterinsights_skip_tracking":false,"_monsterinsights_sitenote_active":false,"_monsterinsights_sitenote_note":"","_monsterinsights_sitenote_category":0},"product_brand":[],"product_cat":[1811,1818],"product_tag":[1277,995,991],"brand":[],"target-group":[],"discontinued":[],"class_list":{"0":"post-154413","1":"product","2":"type-product","3":"status-publish","5":"product_cat-imprezowe-gry-dla-doroslych","6":"product_cat-imprezowe-gry-rodzinne","7":"product_tag-wiedza","8":"product_tag-wieloosobowe","9":"product_tag-zabawa","11":"first","12":"outofstock","13":"taxable","14":"shipping-taxable","15":"product-type-simple"},"aioseo_notices":[],"_links":{"self":[{"href":"https:\/\/games.tactic.net\/pl\/wp-json\/wp\/v2\/product\/154413","targetHints":{"allow":["GET"]}}],"collection":[{"href":"https:\/\/games.tactic.net\/pl\/wp-json\/wp\/v2\/product"}],"about":[{"href":"https:\/\/games.tactic.net\/pl\/wp-json\/wp\/v2\/types\/product"}],"wp:attachment":[{"href":"https:\/\/games.tactic.net\/pl\/wp-json\/wp\/v2\/media?parent=154413"}],"wp:term":[{"taxonomy":"product_brand","embeddable":true,"href":"https:\/\/games.tactic.net\/pl\/wp-json\/wp\/v2\/product_brand?post=154413"},{"taxonomy":"product_cat","embeddable":true,"href":"https:\/\/games.tactic.net\/pl\/wp-json\/wp\/v2\/product_cat?post=154413"},{"taxonomy":"product_tag","embeddable":true,"href":"https:\/\/games.tactic.net\/pl\/wp-json\/wp\/v2\/product_tag?post=154413"},{"taxonomy":"brand","embeddable":true,"href":"https:\/\/games.tactic.net\/pl\/wp-json\/wp\/v2\/brand?post=154413"},{"taxonomy":"target-group","embeddable":true,"href":"https:\/\/games.tactic.net\/pl\/wp-json\/wp\/v2\/target-group?post=154413"},{"taxonomy":"discontinued","embeddable":true,"href":"https:\/\/games.tactic.net\/pl\/wp-json\/wp\/v2\/discontinued?post=154413"}],"curies":[{"name":"wp","href":"https:\/\/api.w.org\/{rel}","templated":true}]}}