{"id":154370,"date":"2021-09-28T14:02:44","date_gmt":"2021-09-28T11:02:44","guid":{"rendered":"http:\/\/dev.tactic.net\/tuote\/you-me\/"},"modified":"2023-09-20T17:03:41","modified_gmt":"2023-09-20T14:03:41","slug":"you-me","status":"publish","type":"product","link":"https:\/\/games.tactic.net\/pl\/tuote\/you-me\/","title":{"rendered":"Tactic Ty i Ja"},"content":{"rendered":"<p>Rzu\u0107 okiem na sw\u00f3j zwi\u0105zek i dowiedz si\u0119 wi\u0119cej o drugiej po\u0142\u00f3wce!<br \/>\nUda\u0142o ci si\u0119 ukry\u0107 swoje wady, czy druga po\u0142\u00f3wka wie o tobie wszystko? Ty &#038; Ja to zabawny quiz dla par, sprawdzaj\u0105cy, jak dobrze si\u0119 znacie. Wygrywa para, kt\u00f3ra zna si\u0119 jak \u0142yse konie!<br \/>\nZawarto\u015b\u0107: 200 kart, notes, instrukcja.<br \/>\nGra dla 4 i wi\u0119cej graczy w wieku 18+.<\/p>\n","protected":false},"excerpt":{"rendered":"<p>Rzu\u0107 okiem na sw\u00f3j zwi\u0105zek i dowiedz si\u0119 wi\u0119cej o drugiej po\u0142\u00f3wce! Uda\u0142o ci si\u0119 ukry\u0107 swoje wady, czy druga po\u0142\u00f3wka wie o tobie wszystko? Ty &#038; Ja to zabawny quiz dla par, sprawdzaj\u0105cy, jak dobrze si\u0119 znacie. Wygrywa para, kt\u00f3ra zna si\u0119 jak \u0142yse konie! Zawarto\u015b\u0107: 200 kart, notes, instrukcja. Gra dla 4 i [&hellip;]<\/p>\n","protected":false},"featured_media":0,"template":"","meta":{"content-type":"","_monsterinsights_skip_tracking":false,"_monsterinsights_sitenote_active":false,"_monsterinsights_sitenote_note":"","_monsterinsights_sitenote_category":0},"product_brand":[],"product_cat":[1810],"product_tag":[1277,995,991],"brand":[],"target-group":[],"discontinued":[],"class_list":{"0":"post-154370","1":"product","2":"type-product","3":"status-publish","5":"product_cat-18-gry-dla-doroslych","6":"product_tag-wiedza","7":"product_tag-wieloosobowe","8":"product_tag-zabawa","10":"first","11":"outofstock","12":"taxable","13":"shipping-taxable","14":"product-type-simple"},"aioseo_notices":[],"_links":{"self":[{"href":"https:\/\/games.tactic.net\/pl\/wp-json\/wp\/v2\/product\/154370","targetHints":{"allow":["GET"]}}],"collection":[{"href":"https:\/\/games.tactic.net\/pl\/wp-json\/wp\/v2\/product"}],"about":[{"href":"https:\/\/games.tactic.net\/pl\/wp-json\/wp\/v2\/types\/product"}],"wp:attachment":[{"href":"https:\/\/games.tactic.net\/pl\/wp-json\/wp\/v2\/media?parent=154370"}],"wp:term":[{"taxonomy":"product_brand","embeddable":true,"href":"https:\/\/games.tactic.net\/pl\/wp-json\/wp\/v2\/product_brand?post=154370"},{"taxonomy":"product_cat","embeddable":true,"href":"https:\/\/games.tactic.net\/pl\/wp-json\/wp\/v2\/product_cat?post=154370"},{"taxonomy":"product_tag","embeddable":true,"href":"https:\/\/games.tactic.net\/pl\/wp-json\/wp\/v2\/product_tag?post=154370"},{"taxonomy":"brand","embeddable":true,"href":"https:\/\/games.tactic.net\/pl\/wp-json\/wp\/v2\/brand?post=154370"},{"taxonomy":"target-group","embeddable":true,"href":"https:\/\/games.tactic.net\/pl\/wp-json\/wp\/v2\/target-group?post=154370"},{"taxonomy":"discontinued","embeddable":true,"href":"https:\/\/games.tactic.net\/pl\/wp-json\/wp\/v2\/discontinued?post=154370"}],"curies":[{"name":"wp","href":"https:\/\/api.w.org\/{rel}","templated":true}]}}