{"id":154369,"date":"2021-09-28T13:59:10","date_gmt":"2021-09-28T10:59:10","guid":{"rendered":"http:\/\/dev.tactic.net\/tuote\/wanna-bet-challenge\/"},"modified":"2023-09-20T17:03:10","modified_gmt":"2023-09-20T14:03:10","slug":"wanna-bet-challenge","status":"publish","type":"product","link":"https:\/\/games.tactic.net\/pl\/tuote\/wanna-bet-challenge\/","title":{"rendered":"Tactic Za\u0142o\u017cysz si\u0119? Wyzwania"},"content":{"rendered":"<p>Najnowsza, kompaktowa gra z rodziny &#8222;Za\u0142o\u017cysz si\u0119?&#8221; wchodzi z hukiem na ka\u017cdy wiecz\u00f3r z grami! Sprostajcie wyzwaniom i poka\u017ccie, na co was sta\u0107! Czas stan\u0105\u0107 oko w oko i stoczy\u0107 pojedynek! Przybierzcie pokerowy wyraz twarzy &#8211; zaczynamy gr\u0119 &#8222;Za\u0142o\u017cysz si\u0119? Wyzwania&#8221;. W tej przezabawnej i trzymaj\u0105cej w napi\u0119ciu grze, gracze zmagaj\u0105 si\u0119 z wyzwaniami. Zwyci\u0119zca zgarnia ca\u0142\u0105 pul\u0119 zak\u0142ad\u00f3w, ale ka\u017cdy, kto w\u0142a\u015bciwie obstawi\u0142, mo\u017ce te\u017c troch\u0119 wygra\u0107! Gotowi, by podj\u0105\u0107 wyzwanie? W tej zabawnej grze dla ca\u0142ej rodziny z pewno\u015bci\u0105 nikomu nie zabraknie wyzwa\u0144 i aktywno\u015bci!<br \/>\nZawarto\u015b\u0107: 200 kart (192 karty wyzwa\u0144 + 8 kart pojedynk\u00f3w), notes, instrukcja.<br \/>\nGra dla 3-8 graczy w wieku 10+.<\/p>\n","protected":false},"excerpt":{"rendered":"<p>Najnowsza, kompaktowa gra z rodziny &#8222;Za\u0142o\u017cysz si\u0119?&#8221; wchodzi z hukiem na ka\u017cdy wiecz\u00f3r z grami! Sprostajcie wyzwaniom i poka\u017ccie, na co was sta\u0107! Czas stan\u0105\u0107 oko w oko i stoczy\u0107 pojedynek! Przybierzcie pokerowy wyraz twarzy &#8211; zaczynamy gr\u0119 &#8222;Za\u0142o\u017cysz si\u0119? Wyzwania&#8221;. W tej przezabawnej i trzymaj\u0105cej w napi\u0119ciu grze, gracze zmagaj\u0105 si\u0119 z wyzwaniami. Zwyci\u0119zca [&hellip;]<\/p>\n","protected":false},"featured_media":0,"template":"","meta":{"content-type":"","_monsterinsights_skip_tracking":false,"_monsterinsights_sitenote_active":false,"_monsterinsights_sitenote_note":"","_monsterinsights_sitenote_category":0},"product_brand":[],"product_cat":[1811,1818],"product_tag":[341,385,995],"brand":[],"target-group":[],"discontinued":[],"class_list":{"0":"post-154369","1":"product","2":"type-product","3":"status-publish","5":"product_cat-imprezowe-gry-dla-doroslych","6":"product_cat-imprezowe-gry-rodzinne","7":"product_tag-dzialanie","8":"product_tag-umiejetnosc","9":"product_tag-wieloosobowe","11":"first","12":"instock","13":"taxable","14":"shipping-taxable","15":"product-type-simple"},"aioseo_notices":[],"_links":{"self":[{"href":"https:\/\/games.tactic.net\/pl\/wp-json\/wp\/v2\/product\/154369","targetHints":{"allow":["GET"]}}],"collection":[{"href":"https:\/\/games.tactic.net\/pl\/wp-json\/wp\/v2\/product"}],"about":[{"href":"https:\/\/games.tactic.net\/pl\/wp-json\/wp\/v2\/types\/product"}],"wp:attachment":[{"href":"https:\/\/games.tactic.net\/pl\/wp-json\/wp\/v2\/media?parent=154369"}],"wp:term":[{"taxonomy":"product_brand","embeddable":true,"href":"https:\/\/games.tactic.net\/pl\/wp-json\/wp\/v2\/product_brand?post=154369"},{"taxonomy":"product_cat","embeddable":true,"href":"https:\/\/games.tactic.net\/pl\/wp-json\/wp\/v2\/product_cat?post=154369"},{"taxonomy":"product_tag","embeddable":true,"href":"https:\/\/games.tactic.net\/pl\/wp-json\/wp\/v2\/product_tag?post=154369"},{"taxonomy":"brand","embeddable":true,"href":"https:\/\/games.tactic.net\/pl\/wp-json\/wp\/v2\/brand?post=154369"},{"taxonomy":"target-group","embeddable":true,"href":"https:\/\/games.tactic.net\/pl\/wp-json\/wp\/v2\/target-group?post=154369"},{"taxonomy":"discontinued","embeddable":true,"href":"https:\/\/games.tactic.net\/pl\/wp-json\/wp\/v2\/discontinued?post=154369"}],"curies":[{"name":"wp","href":"https:\/\/api.w.org\/{rel}","templated":true}]}}