{"id":154325,"date":"2021-09-28T13:54:55","date_gmt":"2021-09-28T10:54:55","guid":{"rendered":"http:\/\/dev.tactic.net\/tuote\/gra-planszowa-dekady-lata-80\/"},"modified":"2023-10-25T14:39:24","modified_gmt":"2023-10-25T11:39:24","slug":"gra-planszowa-dekady-lata-80","status":"publish","type":"product","link":"https:\/\/games.tactic.net\/pl\/tuote\/gra-planszowa-dekady-lata-80\/","title":{"rendered":"Tactic Gra planszowa Dekady Lata 80."},"content":{"rendered":"<p>Dekady gra imprezowa 80<br \/>\nKa\u017cda dekada mia\u0142a swoje momenty I<br \/>\nSWOICH bohater\u00f3w. Przypomnij je sobie wraz<br \/>\nz nami. Ka\u017cde pude\u0142ko zawiera du\u017c\u0105 kolekcj\u0119<br \/>\nzaskakuj\u0105cych, szalonych i interesuj\u0105cych minigier na<br \/>\ntemat wybranej dekady.<br \/>\n\u2022 Wybierz wyja\u015bnianie s\u0142\u00f3w, blefowanie, prawda<br \/>\nlub fa\u0142sz, ciekawostki lub anagramy.<br \/>\n\u2022 Idealne na prezent dla starszych<br \/>\ngraczy, ale nie tylko\u2026<br \/>\n\u2022 M\u0142odsi dowiedz\u0105 si\u0119 co nieco podczas<br \/>\ntej ciekawej rozgrywki.<br \/>\nGra quizowa dla 2-6 graczy w wieku 15+<\/p>\n","protected":false},"excerpt":{"rendered":"<p>Ka\u017cda dekada mia\u0142a swoje momenty i swoich bohater\u00f3w. Przypomnij je sobie wraz z nami. Ka\u017cde pude\u0142ko zawiera du\u017c\u0105 kolekcj\u0119 zaskakuj\u0105cych, szalonych i interesuj\u0105cych minigier na temat wybranej dekady.<\/p>\n","protected":false},"featured_media":0,"template":"","meta":{"content-type":"","_monsterinsights_skip_tracking":false,"_monsterinsights_sitenote_active":false,"_monsterinsights_sitenote_note":"","_monsterinsights_sitenote_category":0},"product_brand":[],"product_cat":[1817],"product_tag":[1000,1277,995,991],"brand":[],"target-group":[],"discontinued":[],"class_list":{"0":"post-154325","1":"product","2":"type-product","3":"status-publish","5":"product_cat-quizowe-gry-dla-doroslych","6":"product_tag-edukacyjny","7":"product_tag-wiedza","8":"product_tag-wieloosobowe","9":"product_tag-zabawa","11":"first","12":"instock","13":"taxable","14":"shipping-taxable","15":"product-type-simple"},"aioseo_notices":[],"_links":{"self":[{"href":"https:\/\/games.tactic.net\/pl\/wp-json\/wp\/v2\/product\/154325","targetHints":{"allow":["GET"]}}],"collection":[{"href":"https:\/\/games.tactic.net\/pl\/wp-json\/wp\/v2\/product"}],"about":[{"href":"https:\/\/games.tactic.net\/pl\/wp-json\/wp\/v2\/types\/product"}],"wp:attachment":[{"href":"https:\/\/games.tactic.net\/pl\/wp-json\/wp\/v2\/media?parent=154325"}],"wp:term":[{"taxonomy":"product_brand","embeddable":true,"href":"https:\/\/games.tactic.net\/pl\/wp-json\/wp\/v2\/product_brand?post=154325"},{"taxonomy":"product_cat","embeddable":true,"href":"https:\/\/games.tactic.net\/pl\/wp-json\/wp\/v2\/product_cat?post=154325"},{"taxonomy":"product_tag","embeddable":true,"href":"https:\/\/games.tactic.net\/pl\/wp-json\/wp\/v2\/product_tag?post=154325"},{"taxonomy":"brand","embeddable":true,"href":"https:\/\/games.tactic.net\/pl\/wp-json\/wp\/v2\/brand?post=154325"},{"taxonomy":"target-group","embeddable":true,"href":"https:\/\/games.tactic.net\/pl\/wp-json\/wp\/v2\/target-group?post=154325"},{"taxonomy":"discontinued","embeddable":true,"href":"https:\/\/games.tactic.net\/pl\/wp-json\/wp\/v2\/discontinued?post=154325"}],"curies":[{"name":"wp","href":"https:\/\/api.w.org\/{rel}","templated":true}]}}