{"id":154252,"date":"2021-09-28T13:49:27","date_gmt":"2021-09-28T10:49:27","guid":{"rendered":"http:\/\/dev.tactic.net\/tuote\/iknow-wielki-test-wiedzy\/"},"modified":"2023-05-15T11:30:05","modified_gmt":"2023-05-15T08:30:05","slug":"iknow-wielki-test-wiedzy","status":"archive","type":"product","link":"https:\/\/games.tactic.net\/pl\/tuote\/iknow-wielki-test-wiedzy\/","title":{"rendered":"iKNOW Wielki Test Wiedzy"},"content":{"rendered":"<p>Druga \u201edu\u017ca&#8221; wersja najlepszej gry quizowej. Tym razem gracze b\u0119d\u0105 mogli zag\u0142\u0119bi\u0107 si\u0119 w tematy z najlepszego telewizyjnego teleturnieju ostatnich lat.<br \/>\u2022Punkty zdobywa si\u0119 nie tylko za odpowiedzi.<br \/>\u2022Liczy si\u0119 znajomo\u015b\u0107 wsp\u00f3\u0142graczy oraz zmys\u0142 taktyczny.<br \/>\u20221600 pyta\u0144 i 4800 podpowiedzi.<\/p>\n<div>\n<\/div>\n","protected":false},"excerpt":{"rendered":"<p>Druga \u201edu\u017ca&#8221; wersja najlepszej gry quizowej. Tym razem gracze b\u0119d\u0105 mogli zag\u0142\u0119bi\u0107 si\u0119 w tematy z najlepszego telewizyjnego teleturnieju ostatnich lat.<\/p>\n","protected":false},"featured_media":0,"template":"","meta":{"content-type":"","_monsterinsights_skip_tracking":false,"_monsterinsights_sitenote_active":false,"_monsterinsights_sitenote_note":"","_monsterinsights_sitenote_category":0},"product_brand":[],"product_cat":[1814,1817],"product_tag":[1277],"brand":[{"id":2106,"name":"iKNOW","slug":"iknow_pl"}],"target-group":[],"discontinued":[],"class_list":{"0":"post-154252","1":"product","2":"type-product","3":"status-archive","5":"product_cat-quizowe-gry-rodzinne","6":"product_cat-quizowe-gry-dla-doroslych","7":"product_tag-wiedza","8":"brand-iknow_pl","10":"first","11":"outofstock","12":"taxable","13":"shipping-taxable","14":"product-type-simple"},"aioseo_notices":[],"_links":{"self":[{"href":"https:\/\/games.tactic.net\/pl\/wp-json\/wp\/v2\/product\/154252","targetHints":{"allow":["GET"]}}],"collection":[{"href":"https:\/\/games.tactic.net\/pl\/wp-json\/wp\/v2\/product"}],"about":[{"href":"https:\/\/games.tactic.net\/pl\/wp-json\/wp\/v2\/types\/product"}],"wp:attachment":[{"href":"https:\/\/games.tactic.net\/pl\/wp-json\/wp\/v2\/media?parent=154252"}],"wp:term":[{"taxonomy":"product_brand","embeddable":true,"href":"https:\/\/games.tactic.net\/pl\/wp-json\/wp\/v2\/product_brand?post=154252"},{"taxonomy":"product_cat","embeddable":true,"href":"https:\/\/games.tactic.net\/pl\/wp-json\/wp\/v2\/product_cat?post=154252"},{"taxonomy":"product_tag","embeddable":true,"href":"https:\/\/games.tactic.net\/pl\/wp-json\/wp\/v2\/product_tag?post=154252"},{"taxonomy":"brand","embeddable":true,"href":"https:\/\/games.tactic.net\/pl\/wp-json\/wp\/v2\/brand?post=154252"},{"taxonomy":"target-group","embeddable":true,"href":"https:\/\/games.tactic.net\/pl\/wp-json\/wp\/v2\/target-group?post=154252"},{"taxonomy":"discontinued","embeddable":true,"href":"https:\/\/games.tactic.net\/pl\/wp-json\/wp\/v2\/discontinued?post=154252"}],"curies":[{"name":"wp","href":"https:\/\/api.w.org\/{rel}","templated":true}]}}