{"id":154178,"date":"2021-09-28T13:47:34","date_gmt":"2021-09-28T10:47:34","guid":{"rendered":"http:\/\/dev.tactic.net\/tuote\/iknow-edycja-rodzinna\/"},"modified":"2023-05-15T11:33:27","modified_gmt":"2023-05-15T08:33:27","slug":"iknow-edycja-rodzinna","status":"archive","type":"product","link":"https:\/\/games.tactic.net\/pl\/tuote\/iknow-edycja-rodzinna\/","title":{"rendered":"iKNOW &#8211; edycja rodzinna"},"content":{"rendered":"<p>To kolejna innowacyjna gra z serii iKNOW. Podczas gdy jeden z graczy udziela odpowiedzi, pozostali obstawiaj\u0105 jej trafno\u015b\u0107. Mo\u017cliwy jest jednak zwrot akcji \u2013 je\u017celi uwa\u017casz, \u017ce wiesz lepiej, mo\u017cesz spr\u00f3bowa\u0107 zdoby\u0107 dla siebie troch\u0119 dodatkowych punkt\u00f3w!<\/p>\n<p>\u2022 W zestawie z pytaniami, kt\u00f3re nie sprawi\u0105 trudno\u015bci graczom z jednej grupy wiekowej, lecz mog\u0105 by\u0107 zabawn\u0105 zagwozdk\u0105 dla innej!<br \/>\n\u2022 Nowa rozgrywka, idealnie dopasowana do ca\u0142ej rodziny.<\/p>\n<div><\/div>\n<div>\n<div>Zawarto\u015b\u0107: 200 kart (800 pyta\u0144, 2400 odpowiedzi), plansza, 6 plastikowych pionk\u00f3w iKNOW, 12 plastikowych \u017ceton\u00f3w iBET, plastikowe dyski punktacji.<\/div>\n<div><\/div>\n<div>Gra przeznaczona dla 2-6 graczy w wieku 12+.<\/div>\n<div><\/div>\n<div><\/div>\n<\/div>\n","protected":false},"excerpt":{"rendered":"<p>To kolejna innowacyjna gra z serii iKNOW. Podczas gdy jeden z graczy udziela odpowiedzi, pozostali obstawiaj\u0105 jej trafno\u015b\u0107. Mo\u017cliwy jest jednak zwrot akcji \u2013 je\u017celi uwa\u017casz, \u017ce wiesz lepiej, mo\u017cesz spr\u00f3bowa\u0107 zdoby\u0107 dla siebie troch\u0119 dodatkowych punkt\u00f3w!<\/p>\n","protected":false},"featured_media":0,"template":"","meta":{"content-type":"","_monsterinsights_skip_tracking":false,"_monsterinsights_sitenote_active":false,"_monsterinsights_sitenote_note":"","_monsterinsights_sitenote_category":0},"product_brand":[],"product_cat":[1814],"product_tag":[1000,1277],"brand":[{"id":2106,"name":"iKNOW","slug":"iknow_pl"}],"target-group":[],"discontinued":[],"class_list":{"0":"post-154178","1":"product","2":"type-product","3":"status-archive","5":"product_cat-quizowe-gry-rodzinne","6":"product_tag-edukacyjny","7":"product_tag-wiedza","8":"brand-iknow_pl","10":"first","11":"outofstock","12":"taxable","13":"shipping-taxable","14":"product-type-simple"},"aioseo_notices":[],"_links":{"self":[{"href":"https:\/\/games.tactic.net\/pl\/wp-json\/wp\/v2\/product\/154178","targetHints":{"allow":["GET"]}}],"collection":[{"href":"https:\/\/games.tactic.net\/pl\/wp-json\/wp\/v2\/product"}],"about":[{"href":"https:\/\/games.tactic.net\/pl\/wp-json\/wp\/v2\/types\/product"}],"wp:attachment":[{"href":"https:\/\/games.tactic.net\/pl\/wp-json\/wp\/v2\/media?parent=154178"}],"wp:term":[{"taxonomy":"product_brand","embeddable":true,"href":"https:\/\/games.tactic.net\/pl\/wp-json\/wp\/v2\/product_brand?post=154178"},{"taxonomy":"product_cat","embeddable":true,"href":"https:\/\/games.tactic.net\/pl\/wp-json\/wp\/v2\/product_cat?post=154178"},{"taxonomy":"product_tag","embeddable":true,"href":"https:\/\/games.tactic.net\/pl\/wp-json\/wp\/v2\/product_tag?post=154178"},{"taxonomy":"brand","embeddable":true,"href":"https:\/\/games.tactic.net\/pl\/wp-json\/wp\/v2\/brand?post=154178"},{"taxonomy":"target-group","embeddable":true,"href":"https:\/\/games.tactic.net\/pl\/wp-json\/wp\/v2\/target-group?post=154178"},{"taxonomy":"discontinued","embeddable":true,"href":"https:\/\/games.tactic.net\/pl\/wp-json\/wp\/v2\/discontinued?post=154178"}],"curies":[{"name":"wp","href":"https:\/\/api.w.org\/{rel}","templated":true}]}}