{"id":154090,"date":"2021-09-28T13:45:44","date_gmt":"2021-09-28T10:45:44","guid":{"rendered":"http:\/\/dev.tactic.net\/tuote\/iknow-junior\/"},"modified":"2023-10-25T13:27:21","modified_gmt":"2023-10-25T10:27:21","slug":"iknow-junior","status":"publish","type":"product","link":"https:\/\/games.tactic.net\/pl\/tuote\/iknow-junior\/","title":{"rendered":"Tactic iKNOW Junior gra planszowa"},"content":{"rendered":"<p>Dzieci odpowiadaj\u0105 na pytania i wykonuj\u0105 r\u00f3\u017cne zadania, od prostych rysunk\u00f3w, po czytanie i wiele, wiele innych. W tej unikalnej i wszechstronnej grze dla dzieci w wieku przedszkolnym i wczesnoszkolnym gracze mog\u0105 prosi\u0107 o wskaz\u00f3wki i rozwi\u0105zywa\u0107 zadania wsp\u00f3lnie z przyjaci\u00f3\u0142mi! Gra polecana przez MENSA.<br \/>\n\u2022Zr\u00f3\u017cnicowane zadania otwieraj\u0105 dzieci na \u015bwiat wiedzy i nauki!<br \/>\n\u2022Zawiera 300 zada\u0144 i 100 obrazkowych pyta\u0144 wraz ze wskaz\u00f3wkami.<br \/>\n\u2022Pi\u0119knie wykonana gra z wyj\u0105tkowymi pionkami &#8211; dzieci b\u0119d\u0105 zachwycone! Zawarto\u015b\u0107: plansza, 5 pionk\u00f3w, 400 kart z zadaniami, zasady gry z poradnikiem. Gra przeznaczona jest dla 2-5 graczy w wieku 5-9 lat.<\/p>\n<p><img decoding=\"async\" src=\"https:\\\\\\\\games.tactic.net\\\\pic\\\\logo\\\\PL_2017_zabawka_roku.png\"><\/p>\n","protected":false},"excerpt":{"rendered":"<p>Dzieci odpowiadaj\u0105 na pytania i wykonuj\u0105 r\u00f3\u017cne zadania: od prostych rysunk\u00f3w, po czytanie i wiele, wiele innych. W tej unikalnej i wszechstronnej grze dla dzieci w wieku przedszkolnym i wczesnoszkolnym gracze mog\u0105 prosi\u0107 o wskaz\u00f3wki i rozwi\u0105zywa\u0107 zadania wsp\u00f3lnie z przyjaci\u00f3\u0142mi!<\/p>\n","protected":false},"featured_media":0,"template":"","meta":{"content-type":"","_monsterinsights_skip_tracking":false,"_monsterinsights_sitenote_active":false,"_monsterinsights_sitenote_note":"","_monsterinsights_sitenote_category":0},"product_brand":[],"product_cat":[1796,1814],"product_tag":[1000,1277],"brand":[{"id":2106,"name":"iKNOW","slug":"iknow_pl"}],"target-group":[],"discontinued":[],"class_list":{"0":"post-154090","1":"product","2":"type-product","3":"status-publish","5":"product_cat-gry-planszowe-dla-dzieci","6":"product_cat-quizowe-gry-rodzinne","7":"product_tag-edukacyjny","8":"product_tag-wiedza","9":"brand-iknow_pl","11":"first","12":"instock","13":"taxable","14":"shipping-taxable","15":"product-type-simple"},"aioseo_notices":[],"_links":{"self":[{"href":"https:\/\/games.tactic.net\/pl\/wp-json\/wp\/v2\/product\/154090","targetHints":{"allow":["GET"]}}],"collection":[{"href":"https:\/\/games.tactic.net\/pl\/wp-json\/wp\/v2\/product"}],"about":[{"href":"https:\/\/games.tactic.net\/pl\/wp-json\/wp\/v2\/types\/product"}],"wp:attachment":[{"href":"https:\/\/games.tactic.net\/pl\/wp-json\/wp\/v2\/media?parent=154090"}],"wp:term":[{"taxonomy":"product_brand","embeddable":true,"href":"https:\/\/games.tactic.net\/pl\/wp-json\/wp\/v2\/product_brand?post=154090"},{"taxonomy":"product_cat","embeddable":true,"href":"https:\/\/games.tactic.net\/pl\/wp-json\/wp\/v2\/product_cat?post=154090"},{"taxonomy":"product_tag","embeddable":true,"href":"https:\/\/games.tactic.net\/pl\/wp-json\/wp\/v2\/product_tag?post=154090"},{"taxonomy":"brand","embeddable":true,"href":"https:\/\/games.tactic.net\/pl\/wp-json\/wp\/v2\/brand?post=154090"},{"taxonomy":"target-group","embeddable":true,"href":"https:\/\/games.tactic.net\/pl\/wp-json\/wp\/v2\/target-group?post=154090"},{"taxonomy":"discontinued","embeddable":true,"href":"https:\/\/games.tactic.net\/pl\/wp-json\/wp\/v2\/discontinued?post=154090"}],"curies":[{"name":"wp","href":"https:\/\/api.w.org\/{rel}","templated":true}]}}