{"id":153960,"date":"2021-09-28T13:42:58","date_gmt":"2021-09-28T10:42:58","guid":{"rendered":"http:\/\/dev.tactic.net\/tuote\/iknow-2\/"},"modified":"2023-10-25T15:58:26","modified_gmt":"2023-10-25T12:58:26","slug":"iknow-2","status":"publish","type":"product","link":"https:\/\/games.tactic.net\/pl\/tuote\/iknow-2\/","title":{"rendered":"Tactic iKNOW renewed gra planszowa"},"content":{"rendered":"<p>ZAKTUALIZOWANA ODS\u0141ONA KULTOWEJ GRY QUIZOWEJ iKNOW! Reedycja obejmuje \u0142\u0105cznie po\u0142ow\u0119 zawarto\u015bci merytorycznej, czyli 4000 pyta\u0144, sugestii i odpowiedzi. Wyj\u0105tkowa. Dynamiczna. Wci\u0105gaj\u0105ca. iKNOW jest gr\u0105 planszow\u0105, w kt\u00f3rej istotn\u0105 rol\u0119 odgrywa interakcja. Wiedza, umiej\u0119tno\u015bci taktyczne oraz szcz\u0119\u015bcie sk\u0142adaj\u0105 si\u0119 w jej przypadku na niepowtarzaln\u0105 ca\u0142o\u015b\u0107. Wynik zale\u017cy nie tylko od poprawnych odpowiedzi na pytania, ale i od trafnych przewidywa\u0144, co do wiedzy znajomych, z kt\u00f3rymi grasz. Przekonaj si\u0119, jak dobrze ich znasz! Zawarto\u015b\u0107: 400 kart (1600 pyta\u0144 i 4800 podpowiedzi), 6 pionk\u00f3w iKnow, 6 pionk\u00f3w iBet, plansza, \u017cetony punktacji w dw\u00f3ch kolorach. Gra przeznaczona jest dla 2-6 graczy w wieku 15+.<\/p>\n","protected":false},"excerpt":{"rendered":"<p>Punkty zdobywa si\u0119 za poprawne odpowiedzi na pytania (stosownie do poziomu trudno\u015bci, na kt\u00f3rym zdecydowali\u015bmy si\u0119 odpowiada\u0107) oraz trafne typowanie, jak poradz\u0105 sobie z nimi pozostali gracze<\/p>\n","protected":false},"featured_media":0,"template":"","meta":{"content-type":"","_monsterinsights_skip_tracking":false,"_monsterinsights_sitenote_active":false,"_monsterinsights_sitenote_note":"","_monsterinsights_sitenote_category":0},"product_brand":[],"product_cat":[1814,1817],"product_tag":[1000,1277],"brand":[{"id":2106,"name":"iKNOW","slug":"iknow_pl"}],"target-group":[],"discontinued":[],"class_list":{"0":"post-153960","1":"product","2":"type-product","3":"status-publish","5":"product_cat-quizowe-gry-rodzinne","6":"product_cat-quizowe-gry-dla-doroslych","7":"product_tag-edukacyjny","8":"product_tag-wiedza","9":"brand-iknow_pl","11":"first","12":"outofstock","13":"taxable","14":"shipping-taxable","15":"product-type-simple"},"aioseo_notices":[],"_links":{"self":[{"href":"https:\/\/games.tactic.net\/pl\/wp-json\/wp\/v2\/product\/153960","targetHints":{"allow":["GET"]}}],"collection":[{"href":"https:\/\/games.tactic.net\/pl\/wp-json\/wp\/v2\/product"}],"about":[{"href":"https:\/\/games.tactic.net\/pl\/wp-json\/wp\/v2\/types\/product"}],"wp:attachment":[{"href":"https:\/\/games.tactic.net\/pl\/wp-json\/wp\/v2\/media?parent=153960"}],"wp:term":[{"taxonomy":"product_brand","embeddable":true,"href":"https:\/\/games.tactic.net\/pl\/wp-json\/wp\/v2\/product_brand?post=153960"},{"taxonomy":"product_cat","embeddable":true,"href":"https:\/\/games.tactic.net\/pl\/wp-json\/wp\/v2\/product_cat?post=153960"},{"taxonomy":"product_tag","embeddable":true,"href":"https:\/\/games.tactic.net\/pl\/wp-json\/wp\/v2\/product_tag?post=153960"},{"taxonomy":"brand","embeddable":true,"href":"https:\/\/games.tactic.net\/pl\/wp-json\/wp\/v2\/brand?post=153960"},{"taxonomy":"target-group","embeddable":true,"href":"https:\/\/games.tactic.net\/pl\/wp-json\/wp\/v2\/target-group?post=153960"},{"taxonomy":"discontinued","embeddable":true,"href":"https:\/\/games.tactic.net\/pl\/wp-json\/wp\/v2\/discontinued?post=153960"}],"curies":[{"name":"wp","href":"https:\/\/api.w.org\/{rel}","templated":true}]}}