{"id":153914,"date":"2021-09-28T13:39:50","date_gmt":"2021-09-28T10:39:50","guid":{"rendered":"http:\/\/dev.tactic.net\/tuote\/wszystkie-panstwa-swiata\/"},"modified":"2023-10-25T14:38:11","modified_gmt":"2023-10-25T11:38:11","slug":"wszystkie-panstwa-swiata","status":"publish","type":"product","link":"https:\/\/games.tactic.net\/pl\/tuote\/wszystkie-panstwa-swiata\/","title":{"rendered":"Tactic Wszystkie Pa\u0144stwa \u015awiata"},"content":{"rendered":"<p>QUIZ O WSZYSTKICH PA\u0143STWACH NA \u015aWIECIE. W grze przypisujemy flagi pa\u0144stwom, a nast\u0119pnie odgadujemy ich stolice i odpowiadamy na inne pytania. Aby wygra\u0107, nale\u017cy zdoby\u0107 flagi pa\u0144stw z ka\u017cdego kontynentu. Mn\u00f3stwo ciekawych wiadomo\u015bci o pa\u0144stwach z ca\u0142ego \u015bwiata! Obfituje w wiele emocji. \u0141atwo przyswajalne zasady. Zawarto\u015b\u0107: plansza do gry, 200 kart (195 kart pa\u0144stw i 5 kart kontynent\u00f3w), 30 pionk\u00f3w (6 x 5 kolor\u00f3w). Gra przeznaczona dla 2-6 graczy w wieku 8+.<\/p>\n","protected":false},"excerpt":{"rendered":"<p>NIEZWYK\u0141Y QUIZ O PA\u0143STWACH I FLAGACH W grze przypisujemy flagi pa\u0144stwom, a nast\u0119pnie odgadujemy ich stolice. Aby wygra\u0107, nale\u017cy zdoby\u0107 flagi pa\u0144stw z ka\u017cdego kontynentu<\/p>\n","protected":false},"featured_media":0,"template":"","meta":{"content-type":"","_monsterinsights_skip_tracking":false,"_monsterinsights_sitenote_active":false,"_monsterinsights_sitenote_note":"","_monsterinsights_sitenote_category":0},"product_brand":[],"product_cat":[1814],"product_tag":[1000,1277,995],"brand":[],"target-group":[],"discontinued":[],"class_list":{"0":"post-153914","1":"product","2":"type-product","3":"status-publish","5":"product_cat-quizowe-gry-rodzinne","6":"product_tag-edukacyjny","7":"product_tag-wiedza","8":"product_tag-wieloosobowe","10":"first","11":"outofstock","12":"taxable","13":"shipping-taxable","14":"product-type-simple"},"aioseo_notices":[],"_links":{"self":[{"href":"https:\/\/games.tactic.net\/pl\/wp-json\/wp\/v2\/product\/153914","targetHints":{"allow":["GET"]}}],"collection":[{"href":"https:\/\/games.tactic.net\/pl\/wp-json\/wp\/v2\/product"}],"about":[{"href":"https:\/\/games.tactic.net\/pl\/wp-json\/wp\/v2\/types\/product"}],"wp:attachment":[{"href":"https:\/\/games.tactic.net\/pl\/wp-json\/wp\/v2\/media?parent=153914"}],"wp:term":[{"taxonomy":"product_brand","embeddable":true,"href":"https:\/\/games.tactic.net\/pl\/wp-json\/wp\/v2\/product_brand?post=153914"},{"taxonomy":"product_cat","embeddable":true,"href":"https:\/\/games.tactic.net\/pl\/wp-json\/wp\/v2\/product_cat?post=153914"},{"taxonomy":"product_tag","embeddable":true,"href":"https:\/\/games.tactic.net\/pl\/wp-json\/wp\/v2\/product_tag?post=153914"},{"taxonomy":"brand","embeddable":true,"href":"https:\/\/games.tactic.net\/pl\/wp-json\/wp\/v2\/brand?post=153914"},{"taxonomy":"target-group","embeddable":true,"href":"https:\/\/games.tactic.net\/pl\/wp-json\/wp\/v2\/target-group?post=153914"},{"taxonomy":"discontinued","embeddable":true,"href":"https:\/\/games.tactic.net\/pl\/wp-json\/wp\/v2\/discontinued?post=153914"}],"curies":[{"name":"wp","href":"https:\/\/api.w.org\/{rel}","templated":true}]}}