{"id":153856,"date":"2021-09-28T13:38:39","date_gmt":"2021-09-28T10:38:39","guid":{"rendered":"http:\/\/dev.tactic.net\/tuote\/polska-gra-quizowa\/"},"modified":"2022-01-31T11:00:15","modified_gmt":"2022-01-31T09:00:15","slug":"polska-gra-quizowa","status":"publish","type":"product","link":"https:\/\/games.tactic.net\/pl\/tuote\/polska-gra-quizowa\/","title":{"rendered":"Polska &#8211; gra quizowa"},"content":{"rendered":"<p>NOWA WERSJA POPULARNEJ GRY oferuje modyfikacj\u0119 mechaniki i nowe ekscytuj\u0105ce pytania, dzi\u0119ki czemu zabawa jest jeszcze lepsza! Wszyscy uczestnicy graj\u0105 w tym samym czasie, rozwi\u0105zuj\u0105c test wielokrotnego wyboru. <\/p>\n<p>\u2022 Test wielokrotnego wyboru gwarantuje zabaw\u0119 na wielu poziomach zaawansowania.<\/p>\n<p>\u2022 Zr\u00f3\u017cnicowane pytania z sze\u015bciu kategorii tematycznych.<\/p>\n<p>Zawarto\u015b\u0107: Plansza, 400 kart z pytaniami,6 pionk\u00f3w, 1 wska\u017anik aktywnego gracza, 24 \u017cetony odpowiedzi.<\/p>\n<p>Gra przeznaczona dla 2-6 os\u00f3b w wieku 12+.<\/p>\n<p><font size=\"2\"><br \/><u><b>______________________________<\/p>\n<p>Przeczytaj recenzje gry:<br \/><\/b><\/u><\/font><\/p>\n<p><font size=\"2\">&#8211; <a href=\"http:\/\/polter.pl\/planszowki\/Polska-gra-quizowa-c29482\" title=\"\" target=\"\" rel=\"noopener\">Polter.pl<\/a><\/font><\/p>\n<p><font size=\"2\">&#8211; <a href=\"http:\/\/www.granice.pl\/publicystyka,recenzja-gry-polska-8221;-co-ty-wiesz-o-wlasnym-kraju,1065\" title=\"\" target=\"\" rel=\"noopener\">Granice.pl<\/a><a href=\"http:\/\/polter.pl\/planszowki\/Polska-gra-quizowa-c29482\" title=\"\" target=\"\" rel=\"noopener\"><br \/><\/a><\/font><\/p>\n<p><font size=\"2\">&#8211;<a href=\"http:\/\/kusiatka.blogspot.com\/2016\/10\/polska-gra-quizowa.html\" title=\"\" target=\"\" rel=\"noopener\"> Blog Kusi\u0105tka<\/a><br \/><\/font><\/p>\n<p><font size=\"2\">&#8211; <a href=\"http:\/\/mlodygiercownik.blog.pl\/2016\/11\/13\/recenzja-gry-planszowej-polska-gra-quizowa\/\" title=\"\" target=\"\" rel=\"noopener\">Blog M\u0142ody Giercownik<\/a><\/font><\/p>\n<p><font size=\"2\">&#8211; <a href=\"http:\/\/matkanaszczycie.pl\/2016\/11\/jedenasty-wieczor-listopada.html\" title=\"\" target=\"\" rel=\"noopener\">Blog Matka na Szczycie<\/a><br \/><\/font><\/p>\n","protected":false},"excerpt":{"rendered":"<p>NOWA WERSJA POPULARNEJ GRYoferuje modyfikacj\u0119 mechaniki i nowe ekscytuj\u0105ce pytania, dzi\u0119ki czemu zabawa jest jeszcze lepsza! Wszyscy uczestnicy graj\u0105 w tym samym czasie, rozwi\u0105zuj\u0105c test wielokrotnego wyboru. <\/p>\n","protected":false},"featured_media":0,"template":"","meta":{"content-type":"","_monsterinsights_skip_tracking":false,"_monsterinsights_sitenote_active":false,"_monsterinsights_sitenote_note":"","_monsterinsights_sitenote_category":0},"product_brand":[],"product_cat":[1814],"product_tag":[1000,1277,995],"brand":[],"target-group":[],"discontinued":[],"class_list":{"0":"post-153856","1":"product","2":"type-product","3":"status-publish","5":"product_cat-quizowe-gry-rodzinne","6":"product_tag-edukacyjny","7":"product_tag-wiedza","8":"product_tag-wieloosobowe","10":"first","11":"outofstock","12":"taxable","13":"shipping-taxable","14":"product-type-simple"},"aioseo_notices":[],"_links":{"self":[{"href":"https:\/\/games.tactic.net\/pl\/wp-json\/wp\/v2\/product\/153856","targetHints":{"allow":["GET"]}}],"collection":[{"href":"https:\/\/games.tactic.net\/pl\/wp-json\/wp\/v2\/product"}],"about":[{"href":"https:\/\/games.tactic.net\/pl\/wp-json\/wp\/v2\/types\/product"}],"wp:attachment":[{"href":"https:\/\/games.tactic.net\/pl\/wp-json\/wp\/v2\/media?parent=153856"}],"wp:term":[{"taxonomy":"product_brand","embeddable":true,"href":"https:\/\/games.tactic.net\/pl\/wp-json\/wp\/v2\/product_brand?post=153856"},{"taxonomy":"product_cat","embeddable":true,"href":"https:\/\/games.tactic.net\/pl\/wp-json\/wp\/v2\/product_cat?post=153856"},{"taxonomy":"product_tag","embeddable":true,"href":"https:\/\/games.tactic.net\/pl\/wp-json\/wp\/v2\/product_tag?post=153856"},{"taxonomy":"brand","embeddable":true,"href":"https:\/\/games.tactic.net\/pl\/wp-json\/wp\/v2\/brand?post=153856"},{"taxonomy":"target-group","embeddable":true,"href":"https:\/\/games.tactic.net\/pl\/wp-json\/wp\/v2\/target-group?post=153856"},{"taxonomy":"discontinued","embeddable":true,"href":"https:\/\/games.tactic.net\/pl\/wp-json\/wp\/v2\/discontinued?post=153856"}],"curies":[{"name":"wp","href":"https:\/\/api.w.org\/{rel}","templated":true}]}}