{"id":153783,"date":"2021-09-28T13:37:25","date_gmt":"2021-09-28T10:37:25","guid":{"rendered":"http:\/\/dev.tactic.net\/tuote\/polska-gra-quizowa-junior\/"},"modified":"2022-01-31T09:49:19","modified_gmt":"2022-01-31T07:49:19","slug":"polska-gra-quizowa-junior","status":"publish","type":"product","link":"https:\/\/games.tactic.net\/pl\/tuote\/polska-gra-quizowa-junior\/","title":{"rendered":"Polska &#8211; gra quizowa Junior"},"content":{"rendered":"<div>Polska &#8211; gra quizowa Junior zawiera r\u00f3\u017cnorodne pytania tekstowe oraz obrazkowe dla dzieci.<\/div>\n<div>\u2022 Wiele ciekawych informacji podanych w przyst\u0119pnej formie.<\/div>\n<div>\u2022 600 pyta\u0144 z sze\u015bciu r\u00f3\u017cnych kategorii.<\/div>\n<div>\u2022 Pomaga dzieciom jeszcze lepiej pozna\u0107 w\u0142asn\u0105 ojczyzn\u0119.<\/div>\n<div><\/div>\n<div><\/div>\n<div>Zawarto\u015b\u0107: 400 kart z pytaniami (w tym 100 z ilustracjami), plansza, 6 pionk\u00f3w, strza\u0142ka z podstawk\u0105, 18 znacznik\u00f3w odpowiedzi, zasady gry.<\/div>\n<div>Gra przeznaczona dla 2-6 graczy w wieku 7+.<\/div>\n","protected":false},"excerpt":{"rendered":"<p>Polska &#8211; gra quizowa Junior zawiera 600 r\u00f3\u017cnorodnych pyta\u0144 dla dzieci: tekstowych oraz obrazkowych.<\/p>\n","protected":false},"featured_media":0,"template":"","meta":{"content-type":"","_monsterinsights_skip_tracking":false,"_monsterinsights_sitenote_active":false,"_monsterinsights_sitenote_note":"","_monsterinsights_sitenote_category":0},"product_brand":[],"product_cat":[1796,1814],"product_tag":[1000,1277],"brand":[],"target-group":[],"discontinued":[],"class_list":{"0":"post-153783","1":"product","2":"type-product","3":"status-publish","5":"product_cat-gry-planszowe-dla-dzieci","6":"product_cat-quizowe-gry-rodzinne","7":"product_tag-edukacyjny","8":"product_tag-wiedza","10":"first","11":"outofstock","12":"taxable","13":"shipping-taxable","14":"product-type-simple"},"aioseo_notices":[],"_links":{"self":[{"href":"https:\/\/games.tactic.net\/pl\/wp-json\/wp\/v2\/product\/153783","targetHints":{"allow":["GET"]}}],"collection":[{"href":"https:\/\/games.tactic.net\/pl\/wp-json\/wp\/v2\/product"}],"about":[{"href":"https:\/\/games.tactic.net\/pl\/wp-json\/wp\/v2\/types\/product"}],"wp:attachment":[{"href":"https:\/\/games.tactic.net\/pl\/wp-json\/wp\/v2\/media?parent=153783"}],"wp:term":[{"taxonomy":"product_brand","embeddable":true,"href":"https:\/\/games.tactic.net\/pl\/wp-json\/wp\/v2\/product_brand?post=153783"},{"taxonomy":"product_cat","embeddable":true,"href":"https:\/\/games.tactic.net\/pl\/wp-json\/wp\/v2\/product_cat?post=153783"},{"taxonomy":"product_tag","embeddable":true,"href":"https:\/\/games.tactic.net\/pl\/wp-json\/wp\/v2\/product_tag?post=153783"},{"taxonomy":"brand","embeddable":true,"href":"https:\/\/games.tactic.net\/pl\/wp-json\/wp\/v2\/brand?post=153783"},{"taxonomy":"target-group","embeddable":true,"href":"https:\/\/games.tactic.net\/pl\/wp-json\/wp\/v2\/target-group?post=153783"},{"taxonomy":"discontinued","embeddable":true,"href":"https:\/\/games.tactic.net\/pl\/wp-json\/wp\/v2\/discontinued?post=153783"}],"curies":[{"name":"wp","href":"https:\/\/api.w.org\/{rel}","templated":true}]}}