{"id":153752,"date":"2021-09-28T13:35:29","date_gmt":"2021-09-28T10:35:29","guid":{"rendered":"http:\/\/dev.tactic.net\/tuote\/i-%e2%99%a5-love-polska\/"},"modified":"2023-10-25T16:24:00","modified_gmt":"2023-10-25T13:24:00","slug":"i-%e2%99%a5-love-polska","status":"publish","type":"product","link":"https:\/\/games.tactic.net\/pl\/tuote\/i-%e2%99%a5-love-polska\/","title":{"rendered":"Tactic I \u2665 Love Polska"},"content":{"rendered":"<p>Ruszajcie w wy\u015bcig po Polsce! Odwiedzicie r\u00f3\u017cne jej regiony, odpowiadaj\u0105c na pytania o nasz\u0105 kultur\u0119, tradycje, przyrod\u0119 i wiele wi\u0119cej. Rzut kostk\u0105 rozstrzyga, czy gracz b\u0119dzie si\u0119 porusza\u0107 rowerem, samochodem, czy samolotem. Ka\u017cda poprawna odpowied\u017a daje mu kart\u0119. Pierwszy zawodnik, kt\u00f3ry zbierze pi\u0119\u0107 kart nale\u017c\u0105cych do r\u00f3\u017cnych kategorii, wygrywa.<br \/>\n\u2022 Kolorowa plansza \u2013 mapa.<br \/>\n\u2022 Edukacja i zabawa dla wszystkich.<br \/>\nZawarto\u015b\u0107: plansza, 100 kart, 4 pionki, kostka, zasady.<br \/>\nGra dla 2-4 os\u00f3b w wieku 8+.<\/p>\n","protected":false},"excerpt":{"rendered":"<p>Ruszajcie w wy\u015bcig po Polsce! Odwiedzicie r\u00f3\u017cne jej regiony, odpowiadaj\u0105c na pytania o nasz\u0105 kultur\u0119, tradycje, przyrod\u0119 i wiele wi\u0119cej. Rzut kostk\u0105 rozstrzyga, czy gracz b\u0119dzie si\u0119 porusza\u0107 rowerem, samochodem, czy samolotem. Ka\u017cda poprawna odpowied\u017a daje mu kart\u0119. Pierwszy zawodnik, kt\u00f3ry zbierze pi\u0119\u0107 kart nale\u017c\u0105cych do r\u00f3\u017cnych kategorii, wygrywa.<\/p>\n","protected":false},"featured_media":0,"template":"","meta":{"content-type":"","_monsterinsights_skip_tracking":false,"_monsterinsights_sitenote_active":false,"_monsterinsights_sitenote_note":"","_monsterinsights_sitenote_category":0},"product_brand":[],"product_cat":[1805],"product_tag":[1000,1277],"brand":[],"target-group":[],"discontinued":[],"class_list":{"0":"post-153752","1":"product","2":"type-product","3":"status-publish","5":"product_cat-gry-planszowe","6":"product_tag-edukacyjny","7":"product_tag-wiedza","9":"first","10":"outofstock","11":"taxable","12":"shipping-taxable","13":"product-type-simple"},"aioseo_notices":[],"_links":{"self":[{"href":"https:\/\/games.tactic.net\/pl\/wp-json\/wp\/v2\/product\/153752","targetHints":{"allow":["GET"]}}],"collection":[{"href":"https:\/\/games.tactic.net\/pl\/wp-json\/wp\/v2\/product"}],"about":[{"href":"https:\/\/games.tactic.net\/pl\/wp-json\/wp\/v2\/types\/product"}],"wp:attachment":[{"href":"https:\/\/games.tactic.net\/pl\/wp-json\/wp\/v2\/media?parent=153752"}],"wp:term":[{"taxonomy":"product_brand","embeddable":true,"href":"https:\/\/games.tactic.net\/pl\/wp-json\/wp\/v2\/product_brand?post=153752"},{"taxonomy":"product_cat","embeddable":true,"href":"https:\/\/games.tactic.net\/pl\/wp-json\/wp\/v2\/product_cat?post=153752"},{"taxonomy":"product_tag","embeddable":true,"href":"https:\/\/games.tactic.net\/pl\/wp-json\/wp\/v2\/product_tag?post=153752"},{"taxonomy":"brand","embeddable":true,"href":"https:\/\/games.tactic.net\/pl\/wp-json\/wp\/v2\/brand?post=153752"},{"taxonomy":"target-group","embeddable":true,"href":"https:\/\/games.tactic.net\/pl\/wp-json\/wp\/v2\/target-group?post=153752"},{"taxonomy":"discontinued","embeddable":true,"href":"https:\/\/games.tactic.net\/pl\/wp-json\/wp\/v2\/discontinued?post=153752"}],"curies":[{"name":"wp","href":"https:\/\/api.w.org\/{rel}","templated":true}]}}