{"id":153736,"date":"2021-09-28T13:33:33","date_gmt":"2021-09-28T10:33:33","guid":{"rendered":"http:\/\/dev.tactic.net\/tuote\/marki-swiata\/"},"modified":"2023-10-23T10:21:01","modified_gmt":"2023-10-23T07:21:01","slug":"marki-swiata","status":"publish","type":"product","link":"https:\/\/games.tactic.net\/pl\/tuote\/marki-swiata\/","title":{"rendered":"Tactic Marki \u015bwiata"},"content":{"rendered":"<p>Czy znasz najwa\u017cniejsze \u015bwiatowe marki? Ten niewielki quiz dotyczy najs\u0142ynniejszych marek, kt\u00f3re ukszta\u0142towa\u0142y \u017cycie nas wszystkich. Gra jest wartka i si\u0119 nie d\u0142u\u017cy, poniewa\u017c gracze odpowiadaj\u0105 na pytania jednocze\u015bnie. Zobaczmy, ile wiesz o Markach<br \/>\n\u015awiata! Rozpoznaj s\u0142ynne marki na zdj\u0119ciach, odpowiedz na pytania i zdob\u0105d\u017a jak najwi\u0119cej punkt\u00f3w! Gracze odpowiadaj\u0105 na trzy pytania zwi\u0105zane z mark\u0105 przedstawion\u0105 na zdj\u0119ciu i na dodatkowe pytanie-ciekawostk\u0119!<br \/>\nZawarto\u015b\u0107: 50 kart, notes od zapisywania odpowiedzi i punktacji oraz o\u0142\u00f3wek.<br \/>\nGra dla 2 i wi\u0119cej graczy w wieku 12+.<\/p>\n","protected":false},"excerpt":{"rendered":"<p>Czy znasz najwa\u017cniejsze \u015bwiatowe marki? Ten niewielki quiz dotyczy najs\u0142ynniejszych marek, kt\u00f3re ukszta\u0142towa\u0142y \u017cycie nas wszystkich. Gra jest wartka i si\u0119 nie d\u0142u\u017cy, poniewa\u017c gracze odpowiadaj\u0105 na pytania jednocze\u015bnie. Zobaczmy, ile wiesz o Markach \u015awiata! Rozpoznaj s\u0142ynne marki na zdj\u0119ciach, odpowiedz na pytania i zdob\u0105d\u017a jak najwi\u0119cej punkt\u00f3w! Gracze odpowiadaj\u0105 na trzy pytania zwi\u0105zane z [&hellip;]<\/p>\n","protected":false},"featured_media":0,"template":"","meta":{"content-type":"","_monsterinsights_skip_tracking":false,"_monsterinsights_sitenote_active":false,"_monsterinsights_sitenote_note":"","_monsterinsights_sitenote_category":0},"product_brand":[],"product_cat":[1814,1817],"product_tag":[1000,1277,995],"brand":[],"target-group":[],"discontinued":[],"class_list":{"0":"post-153736","1":"product","2":"type-product","3":"status-publish","5":"product_cat-quizowe-gry-rodzinne","6":"product_cat-quizowe-gry-dla-doroslych","7":"product_tag-edukacyjny","8":"product_tag-wiedza","9":"product_tag-wieloosobowe","11":"first","12":"outofstock","13":"taxable","14":"shipping-taxable","15":"product-type-simple"},"aioseo_notices":[],"_links":{"self":[{"href":"https:\/\/games.tactic.net\/pl\/wp-json\/wp\/v2\/product\/153736","targetHints":{"allow":["GET"]}}],"collection":[{"href":"https:\/\/games.tactic.net\/pl\/wp-json\/wp\/v2\/product"}],"about":[{"href":"https:\/\/games.tactic.net\/pl\/wp-json\/wp\/v2\/types\/product"}],"wp:attachment":[{"href":"https:\/\/games.tactic.net\/pl\/wp-json\/wp\/v2\/media?parent=153736"}],"wp:term":[{"taxonomy":"product_brand","embeddable":true,"href":"https:\/\/games.tactic.net\/pl\/wp-json\/wp\/v2\/product_brand?post=153736"},{"taxonomy":"product_cat","embeddable":true,"href":"https:\/\/games.tactic.net\/pl\/wp-json\/wp\/v2\/product_cat?post=153736"},{"taxonomy":"product_tag","embeddable":true,"href":"https:\/\/games.tactic.net\/pl\/wp-json\/wp\/v2\/product_tag?post=153736"},{"taxonomy":"brand","embeddable":true,"href":"https:\/\/games.tactic.net\/pl\/wp-json\/wp\/v2\/brand?post=153736"},{"taxonomy":"target-group","embeddable":true,"href":"https:\/\/games.tactic.net\/pl\/wp-json\/wp\/v2\/target-group?post=153736"},{"taxonomy":"discontinued","embeddable":true,"href":"https:\/\/games.tactic.net\/pl\/wp-json\/wp\/v2\/discontinued?post=153736"}],"curies":[{"name":"wp","href":"https:\/\/api.w.org\/{rel}","templated":true}]}}