{"id":153364,"date":"2021-09-28T13:23:57","date_gmt":"2021-09-28T10:23:57","guid":{"rendered":"http:\/\/dev.tactic.net\/tuote\/quizy-swiata-panstwa-swiata\/"},"modified":"2023-10-25T14:38:34","modified_gmt":"2023-10-25T11:38:34","slug":"quizy-swiata-panstwa-swiata","status":"publish","type":"product","link":"https:\/\/games.tactic.net\/pl\/tuote\/quizy-swiata-panstwa-swiata\/","title":{"rendered":"Tactic Quizy \u015bwiata Pa\u0144stwa \u015bwiata"},"content":{"rendered":"<p>Wyruszacie w podr\u00f3\u017c dooko\u0142a \u015bwiata, aby zdobywa\u0107 wiedz\u0119 o r\u00f3\u017cnych krajach i ich flagach! Gracze przyporz\u0105dkowuj\u0105 flagi pa\u0144stwom. Je\u015bli nie znaj\u0105 odpowiedzi, to czekaj\u0105 na nich dwie podpowiedzi, jednak po us\u0142yszeniu ka\u017cdej z nich otrzymaj\u0105 mniej punkt\u00f3w. Drugi element gry polega na przyporz\u0105dkowaniu pa\u0144stw kontynentom. Ko\u0144cowe podliczenie ujawnia, kto poradzi\u0142 sobie z tym najlepiej i zosta\u0142 zwyci\u0119zc\u0105! Zawarto\u015b\u0107: 200 kart z flagami, 6 plansz z kontynentami, mapa \u015bwiata. Gra dla 2-6 os\u00f3b w wieku 8+.<\/p>\n","protected":false},"excerpt":{"rendered":"<p>Poznawajcie pa\u0144stwa \u015bwiata graj\u0105c dru\u017cynowo, indywidualnie lub samemu. Najlepsza znajomo\u015b\u0107 flag oraz fakt\u00f3w dotycz\u0105cych r\u00f3\u017cnych pa\u0144stw zapewni zwyci\u0119stwo.<\/p>\n","protected":false},"featured_media":0,"template":"","meta":{"content-type":"","_monsterinsights_skip_tracking":false,"_monsterinsights_sitenote_active":false,"_monsterinsights_sitenote_note":"","_monsterinsights_sitenote_category":0},"product_brand":[],"product_cat":[1814,1817],"product_tag":[1000,1277,995],"brand":[],"target-group":[],"discontinued":[],"class_list":{"0":"post-153364","1":"product","2":"type-product","3":"status-publish","5":"product_cat-quizowe-gry-rodzinne","6":"product_cat-quizowe-gry-dla-doroslych","7":"product_tag-edukacyjny","8":"product_tag-wiedza","9":"product_tag-wieloosobowe","11":"first","12":"outofstock","13":"taxable","14":"shipping-taxable","15":"product-type-simple"},"aioseo_notices":[],"_links":{"self":[{"href":"https:\/\/games.tactic.net\/pl\/wp-json\/wp\/v2\/product\/153364","targetHints":{"allow":["GET"]}}],"collection":[{"href":"https:\/\/games.tactic.net\/pl\/wp-json\/wp\/v2\/product"}],"about":[{"href":"https:\/\/games.tactic.net\/pl\/wp-json\/wp\/v2\/types\/product"}],"wp:attachment":[{"href":"https:\/\/games.tactic.net\/pl\/wp-json\/wp\/v2\/media?parent=153364"}],"wp:term":[{"taxonomy":"product_brand","embeddable":true,"href":"https:\/\/games.tactic.net\/pl\/wp-json\/wp\/v2\/product_brand?post=153364"},{"taxonomy":"product_cat","embeddable":true,"href":"https:\/\/games.tactic.net\/pl\/wp-json\/wp\/v2\/product_cat?post=153364"},{"taxonomy":"product_tag","embeddable":true,"href":"https:\/\/games.tactic.net\/pl\/wp-json\/wp\/v2\/product_tag?post=153364"},{"taxonomy":"brand","embeddable":true,"href":"https:\/\/games.tactic.net\/pl\/wp-json\/wp\/v2\/brand?post=153364"},{"taxonomy":"target-group","embeddable":true,"href":"https:\/\/games.tactic.net\/pl\/wp-json\/wp\/v2\/target-group?post=153364"},{"taxonomy":"discontinued","embeddable":true,"href":"https:\/\/games.tactic.net\/pl\/wp-json\/wp\/v2\/discontinued?post=153364"}],"curies":[{"name":"wp","href":"https:\/\/api.w.org\/{rel}","templated":true}]}}