{"id":153277,"date":"2021-09-28T13:22:37","date_gmt":"2021-09-28T10:22:37","guid":{"rendered":"http:\/\/dev.tactic.net\/tuote\/quizy-swiata-zwierzeta-swiata\/"},"modified":"2023-10-25T14:09:30","modified_gmt":"2023-10-25T11:09:30","slug":"quizy-swiata-zwierzeta-swiata","status":"publish","type":"product","link":"https:\/\/games.tactic.net\/pl\/tuote\/quizy-swiata-zwierzeta-swiata\/","title":{"rendered":"Tactic Quizy \u015bwiata Zwierz\u0119ta \u015bwiata"},"content":{"rendered":"<p>Wybierzcie si\u0119 w podr\u00f3\u017c dooko\u0142a \u015bwiata, poznaj\u0105c sekrety dzikiej przyrody. Ta gra przeniesie was w zdumiewaj\u0105cy \u015bwiat zwierz\u0105t. B\u0119dziecie odpowiada\u0107 na pytania ich dotycz\u0105ce i umieszcza\u0107 na odpowiednich kontynentach. Najlepszy wygra!<br \/>\n\u2022 Nauka i zabawa dla os\u00f3b w ka\u017cdym wieku.<br \/>\n\u2022 Zagraj w \u0142atwiejsz\u0105 wersj\u0119 lub wypr\u00f3buj trudniejsz\u0105 i sprawd\u017a, czy znasz naukowe nazwy zwierz\u0105t. Zawarto\u015b\u0107: . Gra dla 2-6 os\u00f3b w wieku 8+.<\/p>\n","protected":false},"excerpt":{"rendered":"<p>Wybierzcie si\u0119 w podr\u00f3\u017c dooko\u0142a \u015bwiata, poznaj\u0105c sekrety dzikiej przyrody. Ta gra przeniesie was w zdumiewaj\u0105cy \u015bwiat zwierz\u0105t. B\u0119dziecie odpowiada\u0107 na pytania ich dotycz\u0105ce i umieszcza\u0107 na odpowiednich kontynentach. Najlepszy wygra!<\/p>\n","protected":false},"featured_media":0,"template":"","meta":{"content-type":"","_monsterinsights_skip_tracking":false,"_monsterinsights_sitenote_active":false,"_monsterinsights_sitenote_note":"","_monsterinsights_sitenote_category":0},"product_brand":[],"product_cat":[1814,1817],"product_tag":[1000,1277,995],"brand":[],"target-group":[],"discontinued":[],"class_list":{"0":"post-153277","1":"product","2":"type-product","3":"status-publish","5":"product_cat-quizowe-gry-rodzinne","6":"product_cat-quizowe-gry-dla-doroslych","7":"product_tag-edukacyjny","8":"product_tag-wiedza","9":"product_tag-wieloosobowe","11":"first","12":"outofstock","13":"taxable","14":"shipping-taxable","15":"product-type-simple"},"aioseo_notices":[],"_links":{"self":[{"href":"https:\/\/games.tactic.net\/pl\/wp-json\/wp\/v2\/product\/153277","targetHints":{"allow":["GET"]}}],"collection":[{"href":"https:\/\/games.tactic.net\/pl\/wp-json\/wp\/v2\/product"}],"about":[{"href":"https:\/\/games.tactic.net\/pl\/wp-json\/wp\/v2\/types\/product"}],"wp:attachment":[{"href":"https:\/\/games.tactic.net\/pl\/wp-json\/wp\/v2\/media?parent=153277"}],"wp:term":[{"taxonomy":"product_brand","embeddable":true,"href":"https:\/\/games.tactic.net\/pl\/wp-json\/wp\/v2\/product_brand?post=153277"},{"taxonomy":"product_cat","embeddable":true,"href":"https:\/\/games.tactic.net\/pl\/wp-json\/wp\/v2\/product_cat?post=153277"},{"taxonomy":"product_tag","embeddable":true,"href":"https:\/\/games.tactic.net\/pl\/wp-json\/wp\/v2\/product_tag?post=153277"},{"taxonomy":"brand","embeddable":true,"href":"https:\/\/games.tactic.net\/pl\/wp-json\/wp\/v2\/brand?post=153277"},{"taxonomy":"target-group","embeddable":true,"href":"https:\/\/games.tactic.net\/pl\/wp-json\/wp\/v2\/target-group?post=153277"},{"taxonomy":"discontinued","embeddable":true,"href":"https:\/\/games.tactic.net\/pl\/wp-json\/wp\/v2\/discontinued?post=153277"}],"curies":[{"name":"wp","href":"https:\/\/api.w.org\/{rel}","templated":true}]}}