{"id":153218,"date":"2021-09-28T13:21:16","date_gmt":"2021-09-28T10:21:16","guid":{"rendered":"http:\/\/dev.tactic.net\/tuote\/quizy-swiata-cuda-swiata\/"},"modified":"2023-10-25T16:12:38","modified_gmt":"2023-10-25T13:12:38","slug":"quizy-swiata-cuda-swiata","status":"publish","type":"product","link":"https:\/\/games.tactic.net\/pl\/tuote\/quizy-swiata-cuda-swiata\/","title":{"rendered":"Tactic Quizy \u015bwiata Cuda \u015awiata"},"content":{"rendered":"<p>Od cud\u00f3w natury po niezwyk\u0142e konstrukcje stworzone przez cz\u0142owieka\u2026 Nasza planeta jest pe\u0142na niesamowitych krajobraz\u00f3w! 195 z nich poznacie lepiej dzi\u0119ki tej grze, kt\u00f3ra uczy poprzez zabaw\u0119! Gracze nazywaj\u0105 przedstawione na kartach cuda i pr\u00f3buj\u0105 usytuowa\u0107 je na odpowiednim kontynencie, za co zdobywaj\u0105 punkty. Kto zgromadzi ich najwi\u0119cej, zwyci\u0119\u017cy! Zawarto\u015b\u0107: 200 kart, 6 tablic z kontynentami, mapa \u015bwiata, zasady gry. Gra przeznaczona dla 2-6 graczy w wieku 8+.<\/p>\n","protected":false},"excerpt":{"rendered":"<p>Wybierz si\u0119 w podr\u00f3\u017c dooko\u0142a \u015bwiata i poznaj najbardziej niesamowite miejsca na naszej planecie! Zadanie graczy polega na odgadni\u0119ciu, co jest przedstawione na karcie i wskazaniu w\u0142a\u015bciwego kontynentu. W\u0142a\u015bciw\u0105 odpowied\u017a pomagaj\u0105 znale\u017a\u0107 wskaz\u00f3wki!<\/p>\n","protected":false},"featured_media":0,"template":"","meta":{"content-type":"","_monsterinsights_skip_tracking":false,"_monsterinsights_sitenote_active":false,"_monsterinsights_sitenote_note":"","_monsterinsights_sitenote_category":0},"product_brand":[],"product_cat":[1814,1817],"product_tag":[1000,1277,995],"brand":[],"target-group":[],"discontinued":[],"class_list":{"0":"post-153218","1":"product","2":"type-product","3":"status-publish","5":"product_cat-quizowe-gry-rodzinne","6":"product_cat-quizowe-gry-dla-doroslych","7":"product_tag-edukacyjny","8":"product_tag-wiedza","9":"product_tag-wieloosobowe","11":"first","12":"instock","13":"taxable","14":"shipping-taxable","15":"product-type-simple"},"aioseo_notices":[],"_links":{"self":[{"href":"https:\/\/games.tactic.net\/pl\/wp-json\/wp\/v2\/product\/153218","targetHints":{"allow":["GET"]}}],"collection":[{"href":"https:\/\/games.tactic.net\/pl\/wp-json\/wp\/v2\/product"}],"about":[{"href":"https:\/\/games.tactic.net\/pl\/wp-json\/wp\/v2\/types\/product"}],"wp:attachment":[{"href":"https:\/\/games.tactic.net\/pl\/wp-json\/wp\/v2\/media?parent=153218"}],"wp:term":[{"taxonomy":"product_brand","embeddable":true,"href":"https:\/\/games.tactic.net\/pl\/wp-json\/wp\/v2\/product_brand?post=153218"},{"taxonomy":"product_cat","embeddable":true,"href":"https:\/\/games.tactic.net\/pl\/wp-json\/wp\/v2\/product_cat?post=153218"},{"taxonomy":"product_tag","embeddable":true,"href":"https:\/\/games.tactic.net\/pl\/wp-json\/wp\/v2\/product_tag?post=153218"},{"taxonomy":"brand","embeddable":true,"href":"https:\/\/games.tactic.net\/pl\/wp-json\/wp\/v2\/brand?post=153218"},{"taxonomy":"target-group","embeddable":true,"href":"https:\/\/games.tactic.net\/pl\/wp-json\/wp\/v2\/target-group?post=153218"},{"taxonomy":"discontinued","embeddable":true,"href":"https:\/\/games.tactic.net\/pl\/wp-json\/wp\/v2\/discontinued?post=153218"}],"curies":[{"name":"wp","href":"https:\/\/api.w.org\/{rel}","templated":true}]}}