{"id":153000,"date":"2021-09-28T13:17:40","date_gmt":"2021-09-28T10:17:40","guid":{"rendered":"http:\/\/dev.tactic.net\/tuote\/pzpn-alias-pilka-nozna\/"},"modified":"2023-10-25T14:08:31","modified_gmt":"2023-10-25T11:08:31","slug":"pzpn-alias-pilka-nozna","status":"publish","type":"product","link":"https:\/\/games.tactic.net\/pl\/tuote\/pzpn-alias-pilka-nozna\/","title":{"rendered":"PZPN Alias Pi\u0142ka No\u017cna"},"content":{"rendered":"<p>Gra z nutk\u0105 pikanterii, idealna na wieczory w gronie doros\u0142ych. W tym przypadku pruderyjno\u015b\u0107 nie pop\u0142aci, za to znajomo\u015b\u0107 frywolnych s\u0142\u00f3wek jak najbardziej!<\/p>\n","protected":false},"excerpt":{"rendered":"<p>Gra z nutk\u0105 pikanterii, idealna na wieczory w gronie doros\u0142ych. W tym przypadku pruderyjno\u015b\u0107 nie pop\u0142aci, za to znajomo\u015b\u0107 frywolnych s\u0142\u00f3wek jak najbardziej!<\/p>\n","protected":false},"featured_media":0,"template":"","meta":{"content-type":"","_monsterinsights_skip_tracking":false,"_monsterinsights_sitenote_active":false,"_monsterinsights_sitenote_note":"","_monsterinsights_sitenote_category":0},"product_brand":[],"product_cat":[691,349],"product_tag":[1276,995],"brand":[{"id":601,"name":"Alias","slug":"alias_pl"}],"target-group":[],"discontinued":[],"class_list":{"0":"post-153000","1":"product","2":"type-product","3":"status-publish","5":"product_cat-gry-dla-doroslych","6":"product_cat-gry-rodzinne","7":"product_tag-objasnianie-swiata","8":"product_tag-wieloosobowe","9":"brand-alias_pl","11":"first","12":"outofstock","13":"taxable","14":"shipping-taxable","15":"product-type-simple"},"aioseo_notices":[],"_links":{"self":[{"href":"https:\/\/games.tactic.net\/pl\/wp-json\/wp\/v2\/product\/153000","targetHints":{"allow":["GET"]}}],"collection":[{"href":"https:\/\/games.tactic.net\/pl\/wp-json\/wp\/v2\/product"}],"about":[{"href":"https:\/\/games.tactic.net\/pl\/wp-json\/wp\/v2\/types\/product"}],"wp:attachment":[{"href":"https:\/\/games.tactic.net\/pl\/wp-json\/wp\/v2\/media?parent=153000"}],"wp:term":[{"taxonomy":"product_brand","embeddable":true,"href":"https:\/\/games.tactic.net\/pl\/wp-json\/wp\/v2\/product_brand?post=153000"},{"taxonomy":"product_cat","embeddable":true,"href":"https:\/\/games.tactic.net\/pl\/wp-json\/wp\/v2\/product_cat?post=153000"},{"taxonomy":"product_tag","embeddable":true,"href":"https:\/\/games.tactic.net\/pl\/wp-json\/wp\/v2\/product_tag?post=153000"},{"taxonomy":"brand","embeddable":true,"href":"https:\/\/games.tactic.net\/pl\/wp-json\/wp\/v2\/brand?post=153000"},{"taxonomy":"target-group","embeddable":true,"href":"https:\/\/games.tactic.net\/pl\/wp-json\/wp\/v2\/target-group?post=153000"},{"taxonomy":"discontinued","embeddable":true,"href":"https:\/\/games.tactic.net\/pl\/wp-json\/wp\/v2\/discontinued?post=153000"}],"curies":[{"name":"wp","href":"https:\/\/api.w.org\/{rel}","templated":true}]}}