{"id":152811,"date":"2021-09-28T13:15:04","date_gmt":"2021-09-28T10:15:04","guid":{"rendered":"http:\/\/dev.tactic.net\/tuote\/snack-play-alias-smacznego\/"},"modified":"2022-06-01T10:02:36","modified_gmt":"2022-06-01T07:02:36","slug":"snack-play-alias-smacznego","status":"publish","type":"product","link":"https:\/\/games.tactic.net\/pl\/tuote\/snack-play-alias-smacznego\/","title":{"rendered":"Tactic Alias Snack Play Smacznego gra planszowa"},"content":{"rendered":"<p>Ostrze\u017cenie: ta ma\u0142a gra mo\u017ce sprawi\u0107, \u017ce staniecie si\u0119 bardzo g\u0142odni\u2026 Wyja\u015bniaj s\u0142owa z kulinarnego \u015bwiata, od ciast po kotlety, od whisky po gofry! Gracz w swojej kolejce wyja\u015bnia s\u0142owo pozosta\u0142ym zawodnikom. Kto odgadnie je poprawnie, zdobywa punkt.<br \/>\n Zawarto\u015b\u0107: 100 kart z has\u0142ami, 1 kostka, zasady gry. Gra dla 3 i wi\u0119cej graczy w wieku 10+.<\/p>\n","protected":false},"excerpt":{"rendered":"<p>Ostrze\u017cenie: ta ma\u0142a gra mo\u017ce sprawi\u0107, \u017ce staniecie si\u0119 bardzo g\u0142odni\u2026 Wyja\u015bniaj s\u0142owa z kulinarnego \u015bwiata, od ciast po kotlety, od whisky po gofry! Gracz w swojej kolejce wyja\u015bnia s\u0142owo pozosta\u0142ym zawodnikom. Kto odgadnie je poprawnie, zdobywa punkt.<\/p>\n","protected":false},"featured_media":0,"template":"","meta":{"content-type":"","_monsterinsights_skip_tracking":false,"_monsterinsights_sitenote_active":false,"_monsterinsights_sitenote_note":"","_monsterinsights_sitenote_category":0},"product_brand":[],"product_cat":[1809],"product_tag":[1276,995],"brand":[{"id":601,"name":"Alias","slug":"alias_pl"}],"target-group":[],"discontinued":[],"class_list":{"0":"post-152811","1":"product","2":"type-product","3":"status-publish","5":"product_cat-na-podroz-z-rodzina-gry-rodzinne","6":"product_tag-objasnianie-swiata","7":"product_tag-wieloosobowe","8":"brand-alias_pl","10":"first","11":"outofstock","12":"taxable","13":"shipping-taxable","14":"product-type-simple"},"aioseo_notices":[],"_links":{"self":[{"href":"https:\/\/games.tactic.net\/pl\/wp-json\/wp\/v2\/product\/152811","targetHints":{"allow":["GET"]}}],"collection":[{"href":"https:\/\/games.tactic.net\/pl\/wp-json\/wp\/v2\/product"}],"about":[{"href":"https:\/\/games.tactic.net\/pl\/wp-json\/wp\/v2\/types\/product"}],"wp:attachment":[{"href":"https:\/\/games.tactic.net\/pl\/wp-json\/wp\/v2\/media?parent=152811"}],"wp:term":[{"taxonomy":"product_brand","embeddable":true,"href":"https:\/\/games.tactic.net\/pl\/wp-json\/wp\/v2\/product_brand?post=152811"},{"taxonomy":"product_cat","embeddable":true,"href":"https:\/\/games.tactic.net\/pl\/wp-json\/wp\/v2\/product_cat?post=152811"},{"taxonomy":"product_tag","embeddable":true,"href":"https:\/\/games.tactic.net\/pl\/wp-json\/wp\/v2\/product_tag?post=152811"},{"taxonomy":"brand","embeddable":true,"href":"https:\/\/games.tactic.net\/pl\/wp-json\/wp\/v2\/brand?post=152811"},{"taxonomy":"target-group","embeddable":true,"href":"https:\/\/games.tactic.net\/pl\/wp-json\/wp\/v2\/target-group?post=152811"},{"taxonomy":"discontinued","embeddable":true,"href":"https:\/\/games.tactic.net\/pl\/wp-json\/wp\/v2\/discontinued?post=152811"}],"curies":[{"name":"wp","href":"https:\/\/api.w.org\/{rel}","templated":true}]}}