{"id":152752,"date":"2021-09-28T13:13:48","date_gmt":"2021-09-28T10:13:48","guid":{"rendered":"http:\/\/dev.tactic.net\/tuote\/snack-alias-play-swiat-przyrody\/"},"modified":"2022-06-01T10:03:31","modified_gmt":"2022-06-01T07:03:31","slug":"snack-alias-play-swiat-przyrody","status":"publish","type":"product","link":"https:\/\/games.tactic.net\/pl\/tuote\/snack-alias-play-swiat-przyrody\/","title":{"rendered":"Snack Alias Play &#8211; \u015awiat przyrody"},"content":{"rendered":"<div>Wybierz si\u0119 na kr\u00f3tk\u0105 wycieczk\u0119 do \u015bwiata przyrody! Czy wiesz, z czego powstaje guano? Czy chrz\u0105szcze i \u017cuki s\u0105 tym samym? Gracz w swojej kolejce wyja\u015bnia s\u0142owo pozosta\u0142ym zawodnikom. Kto odgadnie je poprawnie, zdobywa punkt.<\/div>\n<div>\u2022 Alias to ponad 5 milion\u00f3w gier sprzedanych na ca\u0142ym \u015bwiecie!<\/div>\n<div>\u2022 Kieszonkowa wersja w atrakcyjne cenie!<\/div>\n<div>\n<\/div>\n<div>Zawarto\u015b\u0107: 100 kart z has\u0142ami, 1 kostka, zasady gry.<\/div>\n<div><\/div>\n<div>Gra dla 3 i wi\u0119cej graczy w wieku 10+.<\/div>\n","protected":false},"excerpt":{"rendered":"<div>Wybierz si\u0119 na kr\u00f3tk\u0105 wycieczk\u0119 do \u015bwiata przyrody! Czy wiesz, z czego powstaje guano? Czy chrz\u0105szcze i \u017cuki s\u0105 tym samym?<\/div>\n","protected":false},"featured_media":0,"template":"","meta":{"content-type":"","_monsterinsights_skip_tracking":false,"_monsterinsights_sitenote_active":false,"_monsterinsights_sitenote_note":"","_monsterinsights_sitenote_category":0},"product_brand":[],"product_cat":[1805],"product_tag":[1276,995],"brand":[{"id":601,"name":"Alias","slug":"alias_pl"}],"target-group":[],"discontinued":[],"class_list":{"0":"post-152752","1":"product","2":"type-product","3":"status-publish","5":"product_cat-gry-planszowe","6":"product_tag-objasnianie-swiata","7":"product_tag-wieloosobowe","8":"brand-alias_pl","10":"first","11":"outofstock","12":"taxable","13":"shipping-taxable","14":"product-type-simple"},"aioseo_notices":[],"_links":{"self":[{"href":"https:\/\/games.tactic.net\/pl\/wp-json\/wp\/v2\/product\/152752","targetHints":{"allow":["GET"]}}],"collection":[{"href":"https:\/\/games.tactic.net\/pl\/wp-json\/wp\/v2\/product"}],"about":[{"href":"https:\/\/games.tactic.net\/pl\/wp-json\/wp\/v2\/types\/product"}],"wp:attachment":[{"href":"https:\/\/games.tactic.net\/pl\/wp-json\/wp\/v2\/media?parent=152752"}],"wp:term":[{"taxonomy":"product_brand","embeddable":true,"href":"https:\/\/games.tactic.net\/pl\/wp-json\/wp\/v2\/product_brand?post=152752"},{"taxonomy":"product_cat","embeddable":true,"href":"https:\/\/games.tactic.net\/pl\/wp-json\/wp\/v2\/product_cat?post=152752"},{"taxonomy":"product_tag","embeddable":true,"href":"https:\/\/games.tactic.net\/pl\/wp-json\/wp\/v2\/product_tag?post=152752"},{"taxonomy":"brand","embeddable":true,"href":"https:\/\/games.tactic.net\/pl\/wp-json\/wp\/v2\/brand?post=152752"},{"taxonomy":"target-group","embeddable":true,"href":"https:\/\/games.tactic.net\/pl\/wp-json\/wp\/v2\/target-group?post=152752"},{"taxonomy":"discontinued","embeddable":true,"href":"https:\/\/games.tactic.net\/pl\/wp-json\/wp\/v2\/discontinued?post=152752"}],"curies":[{"name":"wp","href":"https:\/\/api.w.org\/{rel}","templated":true}]}}