{"id":152707,"date":"2021-09-28T13:12:45","date_gmt":"2021-09-28T10:12:45","guid":{"rendered":"http:\/\/dev.tactic.net\/tuote\/snack-play-alias-kamera-akcja\/"},"modified":"2022-06-01T10:00:33","modified_gmt":"2022-06-01T07:00:33","slug":"snack-play-alias-kamera-akcja","status":"publish","type":"product","link":"https:\/\/games.tactic.net\/pl\/tuote\/snack-play-alias-kamera-akcja\/","title":{"rendered":"Tactic Alias Snack Play Kamera, akcja! gra planszowa"},"content":{"rendered":"<p>Wkraczamy w \u015bwiat rozrywki! Od s\u0142ynnych aktor\u00f3w po gatunki filmowe &#8211; ta gra przetestuje Wasze s\u0142ownictwo w fantastyczny spos\u00f3b! Rzu\u0107 kostk\u0105, sprawd\u017a s\u0142owo na karcie i spr\u00f3buj je opisa\u0107, u\u017cywaj\u0105c synonim\u00f3w, przeciwie\u0144stw czy dowolnych innych s\u0142\u00f3w. Pozostali b\u0119d\u0105 musieli je odgadn\u0105\u0107&#8230; Do opisania 600 hase\u0142!<br \/>\nZawarto\u015b\u0107: 100 kart z has\u0142ami, 1 kostka, zasady gry.<br \/>\nGra przeznaczona dla 3 i wi\u0119cej graczy w wieku 10+.<\/p>\n","protected":false},"excerpt":{"rendered":"<p>Wkraczamy w \u015bwiat rozrywki! Od s\u0142ynnych aktor\u00f3w po gatunki filmowe &#8211; ta gra przetestuje Wasze s\u0142ownictwo w fantastyczny spos\u00f3b! Rzu\u0107 kostk\u0105, sprawd\u017a s\u0142owo na karcie i spr\u00f3buj je opisa\u0107, u\u017cywaj\u0105c synonim\u00f3w, przeciwie\u0144stw czy dowolnych innych s\u0142\u00f3w. Pozostali b\u0119d\u0105 musieli je odgadn\u0105\u0107&#8230;<\/p>\n","protected":false},"featured_media":0,"template":"","meta":{"content-type":"","_monsterinsights_skip_tracking":false,"_monsterinsights_sitenote_active":false,"_monsterinsights_sitenote_note":"","_monsterinsights_sitenote_category":0},"product_brand":[],"product_cat":[1811,1818],"product_tag":[1276,995],"brand":[{"id":601,"name":"Alias","slug":"alias_pl"}],"target-group":[],"discontinued":[],"class_list":{"0":"post-152707","1":"product","2":"type-product","3":"status-publish","5":"product_cat-imprezowe-gry-dla-doroslych","6":"product_cat-imprezowe-gry-rodzinne","7":"product_tag-objasnianie-swiata","8":"product_tag-wieloosobowe","9":"brand-alias_pl","11":"first","12":"instock","13":"taxable","14":"shipping-taxable","15":"product-type-simple"},"aioseo_notices":[],"_links":{"self":[{"href":"https:\/\/games.tactic.net\/pl\/wp-json\/wp\/v2\/product\/152707","targetHints":{"allow":["GET"]}}],"collection":[{"href":"https:\/\/games.tactic.net\/pl\/wp-json\/wp\/v2\/product"}],"about":[{"href":"https:\/\/games.tactic.net\/pl\/wp-json\/wp\/v2\/types\/product"}],"wp:attachment":[{"href":"https:\/\/games.tactic.net\/pl\/wp-json\/wp\/v2\/media?parent=152707"}],"wp:term":[{"taxonomy":"product_brand","embeddable":true,"href":"https:\/\/games.tactic.net\/pl\/wp-json\/wp\/v2\/product_brand?post=152707"},{"taxonomy":"product_cat","embeddable":true,"href":"https:\/\/games.tactic.net\/pl\/wp-json\/wp\/v2\/product_cat?post=152707"},{"taxonomy":"product_tag","embeddable":true,"href":"https:\/\/games.tactic.net\/pl\/wp-json\/wp\/v2\/product_tag?post=152707"},{"taxonomy":"brand","embeddable":true,"href":"https:\/\/games.tactic.net\/pl\/wp-json\/wp\/v2\/brand?post=152707"},{"taxonomy":"target-group","embeddable":true,"href":"https:\/\/games.tactic.net\/pl\/wp-json\/wp\/v2\/target-group?post=152707"},{"taxonomy":"discontinued","embeddable":true,"href":"https:\/\/games.tactic.net\/pl\/wp-json\/wp\/v2\/discontinued?post=152707"}],"curies":[{"name":"wp","href":"https:\/\/api.w.org\/{rel}","templated":true}]}}