{"id":152617,"date":"2021-09-28T13:09:46","date_gmt":"2021-09-28T10:09:46","guid":{"rendered":"http:\/\/dev.tactic.net\/tuote\/late-night-alias\/"},"modified":"2022-01-31T09:25:41","modified_gmt":"2022-01-31T07:25:41","slug":"late-night-alias","status":"publish","type":"product","link":"https:\/\/games.tactic.net\/pl\/tuote\/late-night-alias\/","title":{"rendered":"Late Night Alias"},"content":{"rendered":"<p>Gra z nutk\u0105 pikanterii, idealna na wieczory w gronie doros\u0142ych. W tym przypadku pruderyjno\u015b\u0107 nie pop\u0142aci, za to znajomo\u015b\u0107 frywolnych s\u0142\u00f3wek jak najbardziej!<br \/>\u2022 Idealna na wieczorne granie dla doros\u0142ych! <br \/>\u2022 Zawiera s\u0142owa, kt\u00f3re nie wyst\u0119powa\u0142y we wcze\u015bniejszych wersjach gry Alias. <br \/>\u2022 Gra trzymaj\u0105ca w napi\u0119ciu do samego ko\u0144ca.<\/p>\n<div><\/div>\n<div>\n<div>Zawarto\u015b\u0107: plansza, 400 kart, pude\u0142ko na karty, 6 pionk\u00f3w, klepsydra, o\u0142\u00f3wek, zasady.<\/div>\n<div><\/div>\n<div>Gra przeznaczona dla 4 i wi\u0119cej graczy w wieku 18+.<\/div>\n<\/div>\n","protected":false},"excerpt":{"rendered":"<p>Gra z nutk\u0105 pikanterii, idealna na wieczory w gronie doros\u0142ych. W tym przypadku pruderyjno\u015b\u0107 nie pop\u0142aci, za to znajomo\u015b\u0107 frywolnych s\u0142\u00f3wek jak najbardziej!<\/p>\n","protected":false},"featured_media":0,"template":"","meta":{"content-type":"","_monsterinsights_skip_tracking":false,"_monsterinsights_sitenote_active":false,"_monsterinsights_sitenote_note":"","_monsterinsights_sitenote_category":0},"product_brand":[],"product_cat":[1810],"product_tag":[1276,995],"brand":[{"id":601,"name":"Alias","slug":"alias_pl"}],"target-group":[],"discontinued":[],"class_list":{"0":"post-152617","1":"product","2":"type-product","3":"status-publish","5":"product_cat-18-gry-dla-doroslych","6":"product_tag-objasnianie-swiata","7":"product_tag-wieloosobowe","8":"brand-alias_pl","10":"first","11":"outofstock","12":"taxable","13":"shipping-taxable","14":"product-type-simple"},"aioseo_notices":[],"_links":{"self":[{"href":"https:\/\/games.tactic.net\/pl\/wp-json\/wp\/v2\/product\/152617","targetHints":{"allow":["GET"]}}],"collection":[{"href":"https:\/\/games.tactic.net\/pl\/wp-json\/wp\/v2\/product"}],"about":[{"href":"https:\/\/games.tactic.net\/pl\/wp-json\/wp\/v2\/types\/product"}],"wp:attachment":[{"href":"https:\/\/games.tactic.net\/pl\/wp-json\/wp\/v2\/media?parent=152617"}],"wp:term":[{"taxonomy":"product_brand","embeddable":true,"href":"https:\/\/games.tactic.net\/pl\/wp-json\/wp\/v2\/product_brand?post=152617"},{"taxonomy":"product_cat","embeddable":true,"href":"https:\/\/games.tactic.net\/pl\/wp-json\/wp\/v2\/product_cat?post=152617"},{"taxonomy":"product_tag","embeddable":true,"href":"https:\/\/games.tactic.net\/pl\/wp-json\/wp\/v2\/product_tag?post=152617"},{"taxonomy":"brand","embeddable":true,"href":"https:\/\/games.tactic.net\/pl\/wp-json\/wp\/v2\/brand?post=152617"},{"taxonomy":"target-group","embeddable":true,"href":"https:\/\/games.tactic.net\/pl\/wp-json\/wp\/v2\/target-group?post=152617"},{"taxonomy":"discontinued","embeddable":true,"href":"https:\/\/games.tactic.net\/pl\/wp-json\/wp\/v2\/discontinued?post=152617"}],"curies":[{"name":"wp","href":"https:\/\/api.w.org\/{rel}","templated":true}]}}