{"id":152545,"date":"2021-09-28T13:08:34","date_gmt":"2021-09-28T10:08:34","guid":{"rendered":"http:\/\/dev.tactic.net\/tuote\/ja-to-kto-alias\/"},"modified":"2022-05-17T15:55:20","modified_gmt":"2022-05-17T12:55:20","slug":"ja-to-kto-alias","status":"archive","type":"product","link":"https:\/\/games.tactic.net\/pl\/tuote\/ja-to-kto-alias\/","title":{"rendered":"Ja to kto? Alias"},"content":{"rendered":"<p>Ka\u017cdy gracz zak\u0142ada na g\u0142ow\u0119 opask\u0119 z kart\u0105. Zawodnik rozgrywaj\u0105cy rund\u0119 wyja\u015bnia kolejno ka\u017cdemu, czyj wizerunek przedstawiony jest na jego karcie. Zwyci\u0119\u017cy ten, kto zajdzie najdalej!<br \/>\u2022Wszyscy nieustannie zaanga\u017cowani s\u0105 w zabaw\u0119! <br \/>\u2022Mn\u00f3stwo \u015bmiechu gwarantowane! <br \/>\u2022Dynamiczna gra w obja\u015bnianie. <\/p>\n<p>Zawarto\u015b\u0107: 400 kart, 6 opasek na g\u0142ow\u0119, 6 pionk\u00f3w, plansza i zasady gry.<\/p>\n<div>\n<div><\/div>\n<div>Gra dla 3-6 graczy w wieku 12+.<\/div>\n<div><\/div>\n<div><img decoding=\"async\" align=\"none\" alt=\"Nuoli\" src=\"http:\/\/www.tactic.net\/img\/nuoli.png\"><a title=\"Alias.eu\" href=\"http:\/\/alias.eu\/\" target=\"_blank\" rel=\"noopener\">Alias.eu<\/a><\/div>\n<\/div>\n","protected":false},"excerpt":{"rendered":"<p>Ka\u017cdy gracz zak\u0142ada na g\u0142ow\u0119 opask\u0119 z kart\u0105. Zawodnik rozgrywaj\u0105cy rund\u0119 wyja\u015bnia kolejno&#8230;<\/p>\n","protected":false},"featured_media":0,"template":"","meta":{"content-type":"","_monsterinsights_skip_tracking":false,"_monsterinsights_sitenote_active":false,"_monsterinsights_sitenote_note":"","_monsterinsights_sitenote_category":0},"product_brand":[],"product_cat":[1818],"product_tag":[1276,995],"brand":[{"id":601,"name":"Alias","slug":"alias_pl"}],"target-group":[],"discontinued":[],"class_list":{"0":"post-152545","1":"product","2":"type-product","3":"status-archive","5":"product_cat-imprezowe-gry-rodzinne","6":"product_tag-objasnianie-swiata","7":"product_tag-wieloosobowe","8":"brand-alias_pl","10":"first","11":"outofstock","12":"taxable","13":"shipping-taxable","14":"product-type-simple"},"aioseo_notices":[],"_links":{"self":[{"href":"https:\/\/games.tactic.net\/pl\/wp-json\/wp\/v2\/product\/152545","targetHints":{"allow":["GET"]}}],"collection":[{"href":"https:\/\/games.tactic.net\/pl\/wp-json\/wp\/v2\/product"}],"about":[{"href":"https:\/\/games.tactic.net\/pl\/wp-json\/wp\/v2\/types\/product"}],"wp:attachment":[{"href":"https:\/\/games.tactic.net\/pl\/wp-json\/wp\/v2\/media?parent=152545"}],"wp:term":[{"taxonomy":"product_brand","embeddable":true,"href":"https:\/\/games.tactic.net\/pl\/wp-json\/wp\/v2\/product_brand?post=152545"},{"taxonomy":"product_cat","embeddable":true,"href":"https:\/\/games.tactic.net\/pl\/wp-json\/wp\/v2\/product_cat?post=152545"},{"taxonomy":"product_tag","embeddable":true,"href":"https:\/\/games.tactic.net\/pl\/wp-json\/wp\/v2\/product_tag?post=152545"},{"taxonomy":"brand","embeddable":true,"href":"https:\/\/games.tactic.net\/pl\/wp-json\/wp\/v2\/brand?post=152545"},{"taxonomy":"target-group","embeddable":true,"href":"https:\/\/games.tactic.net\/pl\/wp-json\/wp\/v2\/target-group?post=152545"},{"taxonomy":"discontinued","embeddable":true,"href":"https:\/\/games.tactic.net\/pl\/wp-json\/wp\/v2\/discontinued?post=152545"}],"curies":[{"name":"wp","href":"https:\/\/api.w.org\/{rel}","templated":true}]}}