{"id":152443,"date":"2021-09-28T13:06:56","date_gmt":"2021-09-28T10:06:56","guid":{"rendered":"http:\/\/dev.tactic.net\/tuote\/alias-rodzinny\/"},"modified":"2022-02-08T23:19:46","modified_gmt":"2022-02-08T21:19:46","slug":"alias-rodzinny","status":"archive","type":"product","link":"https:\/\/games.tactic.net\/pl\/tuote\/alias-rodzinny\/","title":{"rendered":"Alias Rodzinny"},"content":{"rendered":"<p><b>Ekscytuj\u0105ca zabawa j\u0119zykowa!<\/b><br \/>\n<br \/>\nFamily Alias to rodzinna ods\u0142ona niezwykle popularnej w wielu europejskich krajach gry. Polega na obja\u015bnianiu hase\u0142 z kart dzi\u0119ki wypowiadaniu synonim\u00f3w, stosowaniu podpowiedzi lub robieniu czegokolwiek, co podpowie nam wyobra\u017ania! W ka\u017cdej kolejce strza\u0142ka wska\u017ce, kto b\u0119dzie odgadywa\u0142 has\u0142o!<br \/>\n<br \/>\nDwa typy kart o r\u00f3\u017cnym poziomie trudno\u015bci sprawiaj\u0105, \u017ce Family Alias stanowi ekscytuj\u0105ce wyzwanie tak dla dzieci, jak i doros\u0142ych. Za ka\u017cd\u0105 poprawn\u0105 odpowied\u017a zar\u00f3wno osoba obja\u015bniaj\u0105ca, jak i odgaduj\u0105ca przesuwaj\u0105 swe pionki po planszy. Pierwszy gracz, kt\u00f3ry dotrze do mety, zwyci\u0119\u017ca! <\/p>\n<p><\/p>\n<div><\/div>\n<div><img decoding=\"async\" align=\"none\" alt=\"Nuoli\" src=\"http:\/\/www.tactic.net\/img\/nuoli.png\"><a title=\"Alias.eu\" href=\"http:\/\/alias.eu\/\" target=\"_blank\" rel=\"noopener\">Alias.eu<\/a><\/div>\n","protected":false},"excerpt":{"rendered":"<p><strong>Ekscytuj\u0105ca zabawa j\u0119zykowa!<\/strong> <br \/>\nFamily Alias to rodzinna ods\u0142ona niezwykle popularnej w wielu europejskich krajach gry. Polega na obja\u015bnianiu hase\u0142 z kart dzi\u0119ki wypowiadaniu synonim\u00f3w, stosowaniu podpowiedzi lub robieniu czegokolwiek, co podpowie nam wyobra\u017ania! W ka\u017cdej kolejce strza\u0142ka wska\u017ce, kto b\u0119dzie odgadywa\u0142 has\u0142o!<\/p>\n","protected":false},"featured_media":0,"template":"","meta":{"content-type":"","_monsterinsights_skip_tracking":false,"_monsterinsights_sitenote_active":false,"_monsterinsights_sitenote_note":"","_monsterinsights_sitenote_category":0},"product_brand":[],"product_cat":[349],"product_tag":[1276,995],"brand":[{"id":601,"name":"Alias","slug":"alias_pl"}],"target-group":[],"discontinued":[],"class_list":{"0":"post-152443","1":"product","2":"type-product","3":"status-archive","5":"product_cat-gry-rodzinne","6":"product_tag-objasnianie-swiata","7":"product_tag-wieloosobowe","8":"brand-alias_pl","10":"first","11":"outofstock","12":"taxable","13":"shipping-taxable","14":"product-type-simple"},"aioseo_notices":[],"_links":{"self":[{"href":"https:\/\/games.tactic.net\/pl\/wp-json\/wp\/v2\/product\/152443","targetHints":{"allow":["GET"]}}],"collection":[{"href":"https:\/\/games.tactic.net\/pl\/wp-json\/wp\/v2\/product"}],"about":[{"href":"https:\/\/games.tactic.net\/pl\/wp-json\/wp\/v2\/types\/product"}],"wp:attachment":[{"href":"https:\/\/games.tactic.net\/pl\/wp-json\/wp\/v2\/media?parent=152443"}],"wp:term":[{"taxonomy":"product_brand","embeddable":true,"href":"https:\/\/games.tactic.net\/pl\/wp-json\/wp\/v2\/product_brand?post=152443"},{"taxonomy":"product_cat","embeddable":true,"href":"https:\/\/games.tactic.net\/pl\/wp-json\/wp\/v2\/product_cat?post=152443"},{"taxonomy":"product_tag","embeddable":true,"href":"https:\/\/games.tactic.net\/pl\/wp-json\/wp\/v2\/product_tag?post=152443"},{"taxonomy":"brand","embeddable":true,"href":"https:\/\/games.tactic.net\/pl\/wp-json\/wp\/v2\/brand?post=152443"},{"taxonomy":"target-group","embeddable":true,"href":"https:\/\/games.tactic.net\/pl\/wp-json\/wp\/v2\/target-group?post=152443"},{"taxonomy":"discontinued","embeddable":true,"href":"https:\/\/games.tactic.net\/pl\/wp-json\/wp\/v2\/discontinued?post=152443"}],"curies":[{"name":"wp","href":"https:\/\/api.w.org\/{rel}","templated":true}]}}