{"id":152428,"date":"2021-09-28T13:05:53","date_gmt":"2021-09-28T10:05:53","guid":{"rendered":"http:\/\/dev.tactic.net\/tuote\/alias-polska\/"},"modified":"2022-01-31T11:02:22","modified_gmt":"2022-01-31T09:02:22","slug":"alias-polska","status":"publish","type":"product","link":"https:\/\/games.tactic.net\/pl\/tuote\/alias-polska\/","title":{"rendered":"Tactic Alias Polska gra planszowa"},"content":{"rendered":"<p>Ile wiesz o swojej ojczy\u017anie? Czy dobrze znasz nasz\u0105 histori\u0119, kultur\u0119, sport i inne tematy zwi\u0105zane z Polsk\u0105? Wyja\u015bniaj s\u0142owa i dowiedz si\u0119\u00a0jeszcze wi\u0119cej! W tej grze przedstawiacie has\u0142a za pomoc\u0105 synionim\u00f3w, antonim\u00f3w i gest\u00f3w, staraj\u0105c si\u0119 przekaza\u0107 cz\u0142onkom swojej dru\u017cyny jak najwi\u0119cej informacji zanim przesypie sie piasek w klepsydrze. Wygrawa ta dru\u017cyna kt\u00f3ra wyja\u015bni wi\u0119cej hase\u0142, nie myl\u0105c si\u0119 podczas odgadywania.<br \/>\n\u2022 Zawiera 1800 hase\u0142 zwi\u0105zanych z Polsk\u0105.<br \/>\n\u2022 Prosta rozgrywka bawi i wci\u0105ga!<br \/>\n\u2022 \u015awietna dla ca\u0142ej rodziny.<br \/>\nZawarto\u015b\u0107: Plansza, 300 kart zawieraj\u0105cych 1800 hase\u0142, klepsydra, 6 pionk\u00f3w, zasady.<br \/>\nGra dla 4 i wi\u0119cej os\u00f3b w wieku 10+.<\/p>\n","protected":false},"excerpt":{"rendered":"<p>Ile wiesz o swojej ojczy\u017anie? Czy dobrze znasz nasz\u0105 histori\u0119, kultur\u0119, sport i inne tematy zwi\u0105zane z Polsk\u0105? Wyja\u015bniaj s\u0142owa i dowiedz si\u0119 jeszcze wi\u0119cej!<\/p>\n","protected":false},"featured_media":0,"template":"","meta":{"content-type":"","_monsterinsights_skip_tracking":false,"_monsterinsights_sitenote_active":false,"_monsterinsights_sitenote_note":"","_monsterinsights_sitenote_category":0},"product_brand":[],"product_cat":[1805],"product_tag":[1276,995],"brand":[{"id":601,"name":"Alias","slug":"alias_pl"}],"target-group":[],"discontinued":[],"class_list":{"0":"post-152428","1":"product","2":"type-product","3":"status-publish","5":"product_cat-gry-planszowe","6":"product_tag-objasnianie-swiata","7":"product_tag-wieloosobowe","8":"brand-alias_pl","10":"first","11":"outofstock","12":"taxable","13":"shipping-taxable","14":"product-type-simple"},"aioseo_notices":[],"_links":{"self":[{"href":"https:\/\/games.tactic.net\/pl\/wp-json\/wp\/v2\/product\/152428","targetHints":{"allow":["GET"]}}],"collection":[{"href":"https:\/\/games.tactic.net\/pl\/wp-json\/wp\/v2\/product"}],"about":[{"href":"https:\/\/games.tactic.net\/pl\/wp-json\/wp\/v2\/types\/product"}],"wp:attachment":[{"href":"https:\/\/games.tactic.net\/pl\/wp-json\/wp\/v2\/media?parent=152428"}],"wp:term":[{"taxonomy":"product_brand","embeddable":true,"href":"https:\/\/games.tactic.net\/pl\/wp-json\/wp\/v2\/product_brand?post=152428"},{"taxonomy":"product_cat","embeddable":true,"href":"https:\/\/games.tactic.net\/pl\/wp-json\/wp\/v2\/product_cat?post=152428"},{"taxonomy":"product_tag","embeddable":true,"href":"https:\/\/games.tactic.net\/pl\/wp-json\/wp\/v2\/product_tag?post=152428"},{"taxonomy":"brand","embeddable":true,"href":"https:\/\/games.tactic.net\/pl\/wp-json\/wp\/v2\/brand?post=152428"},{"taxonomy":"target-group","embeddable":true,"href":"https:\/\/games.tactic.net\/pl\/wp-json\/wp\/v2\/target-group?post=152428"},{"taxonomy":"discontinued","embeddable":true,"href":"https:\/\/games.tactic.net\/pl\/wp-json\/wp\/v2\/discontinued?post=152428"}],"curies":[{"name":"wp","href":"https:\/\/api.w.org\/{rel}","templated":true}]}}