{"id":152341,"date":"2021-09-28T13:04:12","date_gmt":"2021-09-28T10:04:12","guid":{"rendered":"http:\/\/dev.tactic.net\/tuote\/alias-zrob-to-sam\/"},"modified":"2022-02-03T14:48:40","modified_gmt":"2022-02-03T12:48:40","slug":"alias-zrob-to-sam","status":"archive","type":"product","link":"https:\/\/games.tactic.net\/pl\/tuote\/alias-zrob-to-sam\/","title":{"rendered":"Alias \u2013 zr\u00f3b to sam!"},"content":{"rendered":"<p>Stw\u00f3rz sw\u00f3j w\u0142asny unikalny Alias! W tej wersji Aliasa<br \/>\ngracze wymy\u015blaj\u0105 w\u0142asne s\u0142owa na podstawie temat\u00f3w<br \/>\nna kartach. Kiedy masz na my\u015bli jakie\u015b s\u0142owo, zapisz je<br \/>\nna karcie i zacznij wyja\u015bnia\u0107, aby inni mogli je odgadn\u0105\u0107.<br \/>\nPierwszy gracz, kt\u00f3ry dotrze do mety, wygrywa.<br \/>\n\u2022 Idealna dla graczy w ka\u017cdym wieku.<br \/>\n\u2022 Dwustronna plansza dla szybszej<br \/>\nb\u0105d\u017a d\u0142u\u017cszej rozgrywki.<br \/>\n\u2022 Kiedy wszystkie karty zostan\u0105 zape\u0142nione, mo\u017cna gra\u0107<br \/>\ndalej, wed\u0142ug zasad obowi\u0105zuj\u0105cych dla zwyk\u0142ego Alias.<\/p>\n","protected":false},"excerpt":{"rendered":"<p>Stw\u00f3rz sw\u00f3j w\u0142asny unikalny Alias! W tej wersji Aliasa gracze wymy\u015blaj\u0105 w\u0142asne s\u0142owa na podstawie temat\u00f3w na kartach. Kiedy masz na my\u015bli jakie\u015b s\u0142owo, zapisz je na karcie i zacznij wyja\u015bnia\u0107, aby inni mogli je odgadn\u0105\u0107. Pierwszy gracz, kt\u00f3ry dotrze do mety, wygrywa. \u2022 Idealna dla graczy w ka\u017cdym wieku. \u2022 Dwustronna plansza dla szybszej [&hellip;]<\/p>\n","protected":false},"featured_media":0,"template":"","meta":{"content-type":"","_monsterinsights_skip_tracking":false,"_monsterinsights_sitenote_active":false,"_monsterinsights_sitenote_note":"","_monsterinsights_sitenote_category":0},"product_brand":[],"product_cat":[1805],"product_tag":[1276,995],"brand":[{"id":601,"name":"Alias","slug":"alias_pl"}],"target-group":[],"discontinued":[],"class_list":{"0":"post-152341","1":"product","2":"type-product","3":"status-archive","5":"product_cat-gry-planszowe","6":"product_tag-objasnianie-swiata","7":"product_tag-wieloosobowe","8":"brand-alias_pl","10":"first","11":"outofstock","12":"taxable","13":"shipping-taxable","14":"product-type-simple"},"aioseo_notices":[],"_links":{"self":[{"href":"https:\/\/games.tactic.net\/pl\/wp-json\/wp\/v2\/product\/152341","targetHints":{"allow":["GET"]}}],"collection":[{"href":"https:\/\/games.tactic.net\/pl\/wp-json\/wp\/v2\/product"}],"about":[{"href":"https:\/\/games.tactic.net\/pl\/wp-json\/wp\/v2\/types\/product"}],"wp:attachment":[{"href":"https:\/\/games.tactic.net\/pl\/wp-json\/wp\/v2\/media?parent=152341"}],"wp:term":[{"taxonomy":"product_brand","embeddable":true,"href":"https:\/\/games.tactic.net\/pl\/wp-json\/wp\/v2\/product_brand?post=152341"},{"taxonomy":"product_cat","embeddable":true,"href":"https:\/\/games.tactic.net\/pl\/wp-json\/wp\/v2\/product_cat?post=152341"},{"taxonomy":"product_tag","embeddable":true,"href":"https:\/\/games.tactic.net\/pl\/wp-json\/wp\/v2\/product_tag?post=152341"},{"taxonomy":"brand","embeddable":true,"href":"https:\/\/games.tactic.net\/pl\/wp-json\/wp\/v2\/brand?post=152341"},{"taxonomy":"target-group","embeddable":true,"href":"https:\/\/games.tactic.net\/pl\/wp-json\/wp\/v2\/target-group?post=152341"},{"taxonomy":"discontinued","embeddable":true,"href":"https:\/\/games.tactic.net\/pl\/wp-json\/wp\/v2\/discontinued?post=152341"}],"curies":[{"name":"wp","href":"https:\/\/api.w.org\/{rel}","templated":true}]}}