{"id":152203,"date":"2021-09-28T13:00:11","date_gmt":"2021-09-28T10:00:11","guid":{"rendered":"http:\/\/dev.tactic.net\/tuote\/junior-alias\/"},"modified":"2023-10-25T13:27:54","modified_gmt":"2023-10-25T10:27:54","slug":"junior-alias","status":"publish","type":"product","link":"https:\/\/games.tactic.net\/pl\/tuote\/junior-alias\/","title":{"rendered":"Tactic Alias Junior gra planszowa"},"content":{"rendered":"<p>Nie ma lepszego sposobu na wzbogacenie s\u0142ownictwa dziecka ni\u017c zabawa w Junior Alias. W Alias dla dzieci gra si\u0119 w przynajmniej dwuosobowych dru\u017cynach. Gracze obja\u015bniaj\u0105 has\u0142a i obrazki cz\u0142onkom swojej dru\u017cyny, bez wypowiadania samego has\u0142a. Mo\u017cna u\u017cywa\u0107 synonim\u00f3w, przeciwie\u0144stw, podpowiedzi, d\u017awi\u0119k\u00f3w itp. Dru\u017cyna stara si\u0119 odgadn\u0105\u0107 jak najwi\u0119cej hase\u0142 zanim up\u0142ynie czas wskazywany przez klepsydr\u0119. Dru\u017cyna przesuwa sw\u00f3j pionek na planszy o tyle p\u00f3l, ile uda\u0142o im si\u0119 odgadn\u0105\u0107 hase\u0142. Dru\u017cyna, kt\u00f3ra pierwsza dotrze do mety, zwyci\u0119\u017ca! Obrazki z has\u0142ami s\u0105 \u0142atwe do obja\u015bnienia, a przesypuj\u0105cy si\u0119 piasek w klepsydrze mobilizuje do szybkiej gry.<br \/>\n\u2022 Zawiera 300 ilustrowanych kart z has\u0142ami!<br \/>\n\u2022 Doskona\u0142a zabawa dla dzieci w r\u00f3\u017cnym wieku.<br \/>\n\u2022 Edukacyjne walory \u2013 poszerzanie s\u0142ownictwa w bardzo zabawny spos\u00f3b. Gra jest wci\u0105gaj\u0105ca i zabawna! Zawarto\u015b\u0107: plansza, 300 kart, 6 pionk\u00f3w, klepsydra, zasady gry. Gra dla 4 i wi\u0119cej graczy w wieku 5+.<\/p>\n","protected":false},"excerpt":{"rendered":"<p>Nie ma lepszego sposobu na wzbogacenie s\u0142ownictwa dziecka ni\u017c zabawa w Junior Alias. Obrazki z has\u0142ami s\u0105 \u0142atwe do obja\u015bnienia, a przesypuj\u0105cy si\u0119 piasek w klepsydrze mobilizuje do szybkiej gry.<\/p>\n","protected":false},"featured_media":0,"template":"","meta":{"content-type":"","_monsterinsights_skip_tracking":false,"_monsterinsights_sitenote_active":false,"_monsterinsights_sitenote_note":"","_monsterinsights_sitenote_category":0},"product_brand":[],"product_cat":[1796],"product_tag":[1000,1276,995],"brand":[{"id":601,"name":"Alias","slug":"alias_pl"}],"target-group":[],"discontinued":[],"class_list":{"0":"post-152203","1":"product","2":"type-product","3":"status-publish","5":"product_cat-gry-planszowe-dla-dzieci","6":"product_tag-edukacyjny","7":"product_tag-objasnianie-swiata","8":"product_tag-wieloosobowe","9":"brand-alias_pl","11":"first","12":"instock","13":"taxable","14":"shipping-taxable","15":"product-type-simple"},"aioseo_notices":[],"_links":{"self":[{"href":"https:\/\/games.tactic.net\/pl\/wp-json\/wp\/v2\/product\/152203","targetHints":{"allow":["GET"]}}],"collection":[{"href":"https:\/\/games.tactic.net\/pl\/wp-json\/wp\/v2\/product"}],"about":[{"href":"https:\/\/games.tactic.net\/pl\/wp-json\/wp\/v2\/types\/product"}],"wp:attachment":[{"href":"https:\/\/games.tactic.net\/pl\/wp-json\/wp\/v2\/media?parent=152203"}],"wp:term":[{"taxonomy":"product_brand","embeddable":true,"href":"https:\/\/games.tactic.net\/pl\/wp-json\/wp\/v2\/product_brand?post=152203"},{"taxonomy":"product_cat","embeddable":true,"href":"https:\/\/games.tactic.net\/pl\/wp-json\/wp\/v2\/product_cat?post=152203"},{"taxonomy":"product_tag","embeddable":true,"href":"https:\/\/games.tactic.net\/pl\/wp-json\/wp\/v2\/product_tag?post=152203"},{"taxonomy":"brand","embeddable":true,"href":"https:\/\/games.tactic.net\/pl\/wp-json\/wp\/v2\/brand?post=152203"},{"taxonomy":"target-group","embeddable":true,"href":"https:\/\/games.tactic.net\/pl\/wp-json\/wp\/v2\/target-group?post=152203"},{"taxonomy":"discontinued","embeddable":true,"href":"https:\/\/games.tactic.net\/pl\/wp-json\/wp\/v2\/discontinued?post=152203"}],"curies":[{"name":"wp","href":"https:\/\/api.w.org\/{rel}","templated":true}]}}