{"id":152096,"date":"2021-09-28T12:58:23","date_gmt":"2021-09-28T09:58:23","guid":{"rendered":"http:\/\/dev.tactic.net\/tuote\/slawy-swiata\/"},"modified":"2023-10-25T16:33:10","modified_gmt":"2023-10-25T13:33:10","slug":"slawy-swiata","status":"publish","type":"product","link":"https:\/\/games.tactic.net\/pl\/tuote\/slawy-swiata\/","title":{"rendered":"Tactic Quizy \u015bwiata S\u0142awy \u015awiata"},"content":{"rendered":"<p>Wybierz si\u0119 w podr\u00f3\u017c dooko\u0142a \u015bwiata i poznaj najwi\u0119kszych wynalazc\u00f3w, poszukiwaczy przyg\u00f3d, artyst\u00f3w i przyw\u00f3dc\u00f3w, jakich zna historia! By wygra\u0107, zbieraj punkty, rozpoznaj\u0105c znane osoby i odpowiadaj\u0105c poprawnie na fascynuj\u0105ce pytania. Je\u015bli nie uda Ci si\u0119 odgadn\u0105\u0107 od razu, mo\u017cesz skorzysta\u0107 z podpowiedzi, jednak ka\u017cda wskaz\u00f3wka oznacza odpowiednio mniej punkt\u00f3w. Wygrywa osoba, kt\u00f3ra na koniec gry ma najwi\u0119cej s\u0142aw przyporz\u0105dkowanych do w\u0142a\u015bciwych grup. Sprawd\u017a swoj\u0105 wiedz\u0119 i dowiedz si\u0119 wi\u0119cej dzi\u0119ki grze S\u0142awy \u015awiata! Zawarto\u015b\u0107: 200 kart s\u0142aw, 6 plansz, mapa \u015bwiata, instrukcja. Gra dla 2-6 graczy w wieku 12+.<\/p>\n","protected":false},"excerpt":{"rendered":"<p>Wybierz si\u0119 w podr\u00f3\u017c dooko\u0142a \u015bwiata i poznaj najwi\u0119kszych wynalazc\u00f3w, poszukiwaczy przyg\u00f3d, artyst\u00f3w i przyw\u00f3dc\u00f3w, jakich zna historia! By wygra\u0107, zbieraj punkty, rozpoznaj\u0105c znane osoby i odpowiadaj\u0105c poprawnie na fascynuj\u0105ce pytania. Je\u015bli nie uda Ci si\u0119 odgadn\u0105\u0107 od razu, mo\u017cesz skorzysta\u0107 z podpowiedzi, jednak ka\u017cda wskaz\u00f3wka oznacza odpowiednio mniej punkt\u00f3w. Wygrywa osoba, kt\u00f3ra na koniec [&hellip;]<\/p>\n","protected":false},"featured_media":0,"template":"","meta":{"content-type":"","_monsterinsights_skip_tracking":false,"_monsterinsights_sitenote_active":false,"_monsterinsights_sitenote_note":"","_monsterinsights_sitenote_category":0},"product_brand":[],"product_cat":[1817,1814],"product_tag":[1000,1277],"brand":[],"target-group":[],"discontinued":[],"class_list":{"0":"post-152096","1":"product","2":"type-product","3":"status-publish","5":"product_cat-quizowe-gry-dla-doroslych","6":"product_cat-quizowe-gry-rodzinne","7":"product_tag-edukacyjny","8":"product_tag-wiedza","10":"first","11":"instock","12":"taxable","13":"shipping-taxable","14":"product-type-simple"},"aioseo_notices":[],"_links":{"self":[{"href":"https:\/\/games.tactic.net\/pl\/wp-json\/wp\/v2\/product\/152096","targetHints":{"allow":["GET"]}}],"collection":[{"href":"https:\/\/games.tactic.net\/pl\/wp-json\/wp\/v2\/product"}],"about":[{"href":"https:\/\/games.tactic.net\/pl\/wp-json\/wp\/v2\/types\/product"}],"wp:attachment":[{"href":"https:\/\/games.tactic.net\/pl\/wp-json\/wp\/v2\/media?parent=152096"}],"wp:term":[{"taxonomy":"product_brand","embeddable":true,"href":"https:\/\/games.tactic.net\/pl\/wp-json\/wp\/v2\/product_brand?post=152096"},{"taxonomy":"product_cat","embeddable":true,"href":"https:\/\/games.tactic.net\/pl\/wp-json\/wp\/v2\/product_cat?post=152096"},{"taxonomy":"product_tag","embeddable":true,"href":"https:\/\/games.tactic.net\/pl\/wp-json\/wp\/v2\/product_tag?post=152096"},{"taxonomy":"brand","embeddable":true,"href":"https:\/\/games.tactic.net\/pl\/wp-json\/wp\/v2\/brand?post=152096"},{"taxonomy":"target-group","embeddable":true,"href":"https:\/\/games.tactic.net\/pl\/wp-json\/wp\/v2\/target-group?post=152096"},{"taxonomy":"discontinued","embeddable":true,"href":"https:\/\/games.tactic.net\/pl\/wp-json\/wp\/v2\/discontinued?post=152096"}],"curies":[{"name":"wp","href":"https:\/\/api.w.org\/{rel}","templated":true}]}}