{"id":151895,"date":"2021-09-28T12:52:12","date_gmt":"2021-09-28T09:52:12","guid":{"rendered":"http:\/\/dev.tactic.net\/tuote\/alias-original\/"},"modified":"2025-02-17T08:06:06","modified_gmt":"2025-02-17T06:06:06","slug":"alias-original-2","status":"publish","type":"product","link":"https:\/\/games.tactic.net\/pl\/tuote\/alias-original-2\/","title":{"rendered":"Tactic Alias Original gra planszowa"},"content":{"rendered":"<p>GRA PRZY KT\u00d3REJ LUDZIE ZACZYNAJ\u0104 M\u00d3WI\u0106 ALIAS to zabawna gra o wyrazach, w kt\u00f3rej podstawowa zasada brzmi \u201cinaczej m\u00f3wi\u0105c\u201d. Celem jest obja\u015bnienie, zanim przesypie si\u0119 piasek w klepsydrze, jak najwi\u0119cej hase\u0142 z kart, za pomoc\u0105 synonim\u00f3w, przeciwie\u0144stw i podpowiedzi. Za ka\u017cde odgadni\u0119te has\u0142o pionek przesuwa si\u0119 do przodu na planszy, a dru\u017cyna kt\u00f3ra szybciej dotrze do mety zwyci\u0119\u017ca! Brzmi prosto ale czas dzia\u0142a na twoj\u0105 niekorzy\u015b\u0107\u2026 Zawarto\u015b\u0107: Plansza, 6 pionk\u00f3w, 400 kart, klepsydra, zasady gry Gra dla 4 i wi\u0119cej os\u00f3b w wieku 10+ Alias.eu<\/p>\n","protected":false},"excerpt":{"rendered":"<p>GRA PRZY KT\u00d3REJ LUDZIE ZACZYNAJ\u0104 M\u00d3WI\u0106 ALIAS to zabawna gra o wyrazach, w kt\u00f3rej podstawowa zasada brzmi \u201cinaczej m\u00f3wi\u0105c\u201d. Celem jest obja\u015bnienie, zanim przesypie si\u0119 piasek w klepsydrze, jak najwi\u0119cej hase\u0142 z kart, za pomoc\u0105 synonim\u00f3w, przeciwie\u0144stw i podpowiedzi. Za ka\u017cde odgadni\u0119te has\u0142o pionek przesuwa si\u0119 do przodu na planszy, a dru\u017cyna kt\u00f3ra szybciej dotrze do mety zwyci\u0119\u017ca! Brzmi prosto ale czas dzia\u0142a na twoj\u0105 niekorzy\u015b\u0107\u2026<\/p>\n","protected":false},"featured_media":0,"template":"","meta":{"content-type":"","_monsterinsights_skip_tracking":false,"_monsterinsights_sitenote_active":false,"_monsterinsights_sitenote_note":"","_monsterinsights_sitenote_category":0},"product_brand":[],"product_cat":[1805],"product_tag":[1276,995],"brand":[{"id":601,"name":"Alias","slug":"alias_pl"}],"target-group":[],"discontinued":[],"class_list":{"0":"post-151895","1":"product","2":"type-product","3":"status-publish","5":"product_cat-gry-planszowe","6":"product_tag-objasnianie-swiata","7":"product_tag-wieloosobowe","8":"brand-alias_pl","10":"first","11":"instock","12":"taxable","13":"shipping-taxable","14":"product-type-simple"},"aioseo_notices":[],"_links":{"self":[{"href":"https:\/\/games.tactic.net\/pl\/wp-json\/wp\/v2\/product\/151895","targetHints":{"allow":["GET"]}}],"collection":[{"href":"https:\/\/games.tactic.net\/pl\/wp-json\/wp\/v2\/product"}],"about":[{"href":"https:\/\/games.tactic.net\/pl\/wp-json\/wp\/v2\/types\/product"}],"wp:attachment":[{"href":"https:\/\/games.tactic.net\/pl\/wp-json\/wp\/v2\/media?parent=151895"}],"wp:term":[{"taxonomy":"product_brand","embeddable":true,"href":"https:\/\/games.tactic.net\/pl\/wp-json\/wp\/v2\/product_brand?post=151895"},{"taxonomy":"product_cat","embeddable":true,"href":"https:\/\/games.tactic.net\/pl\/wp-json\/wp\/v2\/product_cat?post=151895"},{"taxonomy":"product_tag","embeddable":true,"href":"https:\/\/games.tactic.net\/pl\/wp-json\/wp\/v2\/product_tag?post=151895"},{"taxonomy":"brand","embeddable":true,"href":"https:\/\/games.tactic.net\/pl\/wp-json\/wp\/v2\/brand?post=151895"},{"taxonomy":"target-group","embeddable":true,"href":"https:\/\/games.tactic.net\/pl\/wp-json\/wp\/v2\/target-group?post=151895"},{"taxonomy":"discontinued","embeddable":true,"href":"https:\/\/games.tactic.net\/pl\/wp-json\/wp\/v2\/discontinued?post=151895"}],"curies":[{"name":"wp","href":"https:\/\/api.w.org\/{rel}","templated":true}]}}