{"id":151725,"date":"2021-09-28T12:49:31","date_gmt":"2021-09-28T09:49:31","guid":{"rendered":"http:\/\/dev.tactic.net\/tuote\/karty-plastikowe-propoker-plastic\/"},"modified":"2022-01-31T09:43:10","modified_gmt":"2022-01-31T07:43:10","slug":"karty-plastikowe-propoker-plastic","status":"publish","type":"product","link":"https:\/\/games.tactic.net\/pl\/tuote\/karty-plastikowe-propoker-plastic\/","title":{"rendered":"Karty plastikowe &#8211; Propoker plastic"},"content":{"rendered":"<p><b>NAJWY\u017bSZEJ JAKO\u015aCI PLASTIKOWE KARTY DO POKERA!<\/b> <\/p>\n<p>Materia\u0142, z kt\u00f3rego s\u0105 zrobione, a tak\u017ce solidno\u015b\u0107 wykonania czyni\u0105 je wyj\u0105tkowo odpornymi na zabrudzenia, \u0142atwymi w tasowaniu i przyjemnymi w dotyku. <\/p>\n<p><b>Zawarto\u015b\u0107 opakowania:<\/b> 55 listk\u00f3w.<\/p>\n","protected":false},"excerpt":{"rendered":"<p><b>NAJWY\u017bSZEJ JAKO\u015aCI PLASTIKOWE KARTY DO POKERA!<\/b> <\/p>\n<p>Materia\u0142, z kt\u00f3rego s\u0105 zrobione, a tak\u017ce solidno\u015b\u0107 wykonania czyni\u0105 je wyj\u0105tkowo odpornymi na zabrudzenia, \u0142atwymi w tasowaniu i przyjemnymi w dotyku.<\/p>\n","protected":false},"featured_media":0,"template":"","meta":{"content-type":"","_monsterinsights_skip_tracking":false,"_monsterinsights_sitenote_active":false,"_monsterinsights_sitenote_note":"","_monsterinsights_sitenote_category":0},"product_brand":[],"product_cat":[1812],"product_tag":[991],"brand":[],"target-group":[],"discontinued":[],"class_list":{"0":"post-151725","1":"product","2":"type-product","3":"status-publish","5":"product_cat-poker-inne-gry","6":"product_tag-zabawa","8":"first","9":"instock","10":"taxable","11":"shipping-taxable","12":"product-type-simple"},"aioseo_notices":[],"_links":{"self":[{"href":"https:\/\/games.tactic.net\/pl\/wp-json\/wp\/v2\/product\/151725","targetHints":{"allow":["GET"]}}],"collection":[{"href":"https:\/\/games.tactic.net\/pl\/wp-json\/wp\/v2\/product"}],"about":[{"href":"https:\/\/games.tactic.net\/pl\/wp-json\/wp\/v2\/types\/product"}],"wp:attachment":[{"href":"https:\/\/games.tactic.net\/pl\/wp-json\/wp\/v2\/media?parent=151725"}],"wp:term":[{"taxonomy":"product_brand","embeddable":true,"href":"https:\/\/games.tactic.net\/pl\/wp-json\/wp\/v2\/product_brand?post=151725"},{"taxonomy":"product_cat","embeddable":true,"href":"https:\/\/games.tactic.net\/pl\/wp-json\/wp\/v2\/product_cat?post=151725"},{"taxonomy":"product_tag","embeddable":true,"href":"https:\/\/games.tactic.net\/pl\/wp-json\/wp\/v2\/product_tag?post=151725"},{"taxonomy":"brand","embeddable":true,"href":"https:\/\/games.tactic.net\/pl\/wp-json\/wp\/v2\/brand?post=151725"},{"taxonomy":"target-group","embeddable":true,"href":"https:\/\/games.tactic.net\/pl\/wp-json\/wp\/v2\/target-group?post=151725"},{"taxonomy":"discontinued","embeddable":true,"href":"https:\/\/games.tactic.net\/pl\/wp-json\/wp\/v2\/discontinued?post=151725"}],"curies":[{"name":"wp","href":"https:\/\/api.w.org\/{rel}","templated":true}]}}