{"id":151609,"date":"2021-09-28T12:48:09","date_gmt":"2021-09-28T09:48:09","guid":{"rendered":"http:\/\/dev.tactic.net\/tuote\/karty-do-gry-golden\/"},"modified":"2023-10-25T17:00:04","modified_gmt":"2023-10-25T14:00:04","slug":"karty-do-gry-golden","status":"publish","type":"product","link":"https:\/\/games.tactic.net\/pl\/tuote\/karty-do-gry-golden\/","title":{"rendered":"Tactic Karty do gry &#8211; Golden"},"content":{"rendered":"<p>KARTY DO GRY, KT\u00d3RE SPROSTAJ\u0104 TWOIM POTRZEBOM! Karty s\u0142u\u017c\u0105 do gry! Aby jednak gra\u0142o si\u0119 przyjemniej warto wybra\u0107 tak\u0105 tali\u0119, kt\u00f3ra odpowiada\u0107 b\u0119dzie upodobaniom graczy. Dla os\u00f3b m\u0142odszych mog\u0105 to by\u0107 karty z ilustracjami zwierz\u0105t, dla os\u00f3b konserwatywnych &#8211; karty klasyczne&#8230; A ty co wybierzesz? Zawarto\u015b\u0107 opakowania: 55 kart.<\/p>\n","protected":false},"excerpt":{"rendered":"<p>KARTY DO GRY, KT\u00d3RE SPROSTAJ\u0104 TWOIM POTRZEBOM! Karty s\u0142u\u017c\u0105 do gry! Aby jednak gra\u0142o si\u0119 przyjemniej warto wybra\u0107 tak\u0105 tali\u0119, kt\u00f3ra odpowiada\u0107 b\u0119dzie upodobaniom graczy.<\/p>\n","protected":false},"featured_media":0,"template":"","meta":{"content-type":"","_monsterinsights_skip_tracking":false,"_monsterinsights_sitenote_active":false,"_monsterinsights_sitenote_note":"","_monsterinsights_sitenote_category":0},"product_brand":[],"product_cat":[1675,1676],"product_tag":[991],"brand":[],"target-group":[],"discontinued":[],"class_list":{"0":"post-151609","1":"product","2":"type-product","3":"status-publish","5":"product_cat-gry-kosciane-i-karciane","6":"product_cat-gry-kosciane-i-karciane-gry-rodzinne","7":"product_tag-zabawa","9":"first","10":"instock","11":"taxable","12":"shipping-taxable","13":"product-type-simple"},"aioseo_notices":[],"_links":{"self":[{"href":"https:\/\/games.tactic.net\/pl\/wp-json\/wp\/v2\/product\/151609","targetHints":{"allow":["GET"]}}],"collection":[{"href":"https:\/\/games.tactic.net\/pl\/wp-json\/wp\/v2\/product"}],"about":[{"href":"https:\/\/games.tactic.net\/pl\/wp-json\/wp\/v2\/types\/product"}],"wp:attachment":[{"href":"https:\/\/games.tactic.net\/pl\/wp-json\/wp\/v2\/media?parent=151609"}],"wp:term":[{"taxonomy":"product_brand","embeddable":true,"href":"https:\/\/games.tactic.net\/pl\/wp-json\/wp\/v2\/product_brand?post=151609"},{"taxonomy":"product_cat","embeddable":true,"href":"https:\/\/games.tactic.net\/pl\/wp-json\/wp\/v2\/product_cat?post=151609"},{"taxonomy":"product_tag","embeddable":true,"href":"https:\/\/games.tactic.net\/pl\/wp-json\/wp\/v2\/product_tag?post=151609"},{"taxonomy":"brand","embeddable":true,"href":"https:\/\/games.tactic.net\/pl\/wp-json\/wp\/v2\/brand?post=151609"},{"taxonomy":"target-group","embeddable":true,"href":"https:\/\/games.tactic.net\/pl\/wp-json\/wp\/v2\/target-group?post=151609"},{"taxonomy":"discontinued","embeddable":true,"href":"https:\/\/games.tactic.net\/pl\/wp-json\/wp\/v2\/discontinued?post=151609"}],"curies":[{"name":"wp","href":"https:\/\/api.w.org\/{rel}","templated":true}]}}