{"id":151261,"date":"2021-09-28T12:21:09","date_gmt":"2021-09-28T09:21:09","guid":{"rendered":"http:\/\/dev.tactic.net\/tuote\/najpopularniejsze-gry-karciane-i-pasjanse\/"},"modified":"2023-10-25T14:47:15","modified_gmt":"2023-10-25T11:47:15","slug":"najpopularniejsze-gry-karciane-i-pasjanse","status":"publish","type":"product","link":"https:\/\/games.tactic.net\/pl\/tuote\/najpopularniejsze-gry-karciane-i-pasjanse\/","title":{"rendered":"Tactic Najpopularniejsze gry karciane i pasjanse"},"content":{"rendered":"<p>To niewielkie pude\u0142ko zawiera zasady ponad 20 s\u0142ynnych gier karcianych, a tak\u017ce popularne gry kasynowe.<br \/>\n\u2022 Zawiera zasady gier, dwie talie kart, tablic\u0119 wynik\u00f3w, \u017cetony i banknoty.<br \/>\n\u2022 R\u00f3\u017cnorodne poziomy trudno\u015bci odpowiadaj\u0105 graczom w dowolnym wieku.<br \/>\nGry dla 1-8 graczy w wieku 7+.<\/p>\n","protected":false},"excerpt":{"rendered":"<p>To niewielkie pude\u0142ko zawiera zasady s\u0142ynnych gier karcianych, a tak\u017ce popularne gry kasynowe. Zawiera zasady gier, dwie talie kart, tablic\u0119 wynik\u00f3w, \u017cetony i banknoty.<\/p>\n","protected":false},"featured_media":0,"template":"","meta":{"content-type":"","_monsterinsights_skip_tracking":false,"_monsterinsights_sitenote_active":false,"_monsterinsights_sitenote_note":"","_monsterinsights_sitenote_category":0},"product_brand":[],"product_cat":[1675,1676],"product_tag":[1033,897,1253],"brand":[],"target-group":[],"discontinued":[],"class_list":{"0":"post-151261","1":"product","2":"type-product","3":"status-publish","5":"product_cat-gry-kosciane-i-karciane","6":"product_cat-gry-kosciane-i-karciane-gry-rodzinne","7":"product_tag-losowosc","8":"product_tag-taktyka","9":"product_tag-umiejetnosc-pl","11":"first","12":"outofstock","13":"taxable","14":"shipping-taxable","15":"product-type-simple"},"aioseo_notices":[],"_links":{"self":[{"href":"https:\/\/games.tactic.net\/pl\/wp-json\/wp\/v2\/product\/151261","targetHints":{"allow":["GET"]}}],"collection":[{"href":"https:\/\/games.tactic.net\/pl\/wp-json\/wp\/v2\/product"}],"about":[{"href":"https:\/\/games.tactic.net\/pl\/wp-json\/wp\/v2\/types\/product"}],"wp:attachment":[{"href":"https:\/\/games.tactic.net\/pl\/wp-json\/wp\/v2\/media?parent=151261"}],"wp:term":[{"taxonomy":"product_brand","embeddable":true,"href":"https:\/\/games.tactic.net\/pl\/wp-json\/wp\/v2\/product_brand?post=151261"},{"taxonomy":"product_cat","embeddable":true,"href":"https:\/\/games.tactic.net\/pl\/wp-json\/wp\/v2\/product_cat?post=151261"},{"taxonomy":"product_tag","embeddable":true,"href":"https:\/\/games.tactic.net\/pl\/wp-json\/wp\/v2\/product_tag?post=151261"},{"taxonomy":"brand","embeddable":true,"href":"https:\/\/games.tactic.net\/pl\/wp-json\/wp\/v2\/brand?post=151261"},{"taxonomy":"target-group","embeddable":true,"href":"https:\/\/games.tactic.net\/pl\/wp-json\/wp\/v2\/target-group?post=151261"},{"taxonomy":"discontinued","embeddable":true,"href":"https:\/\/games.tactic.net\/pl\/wp-json\/wp\/v2\/discontinued?post=151261"}],"curies":[{"name":"wp","href":"https:\/\/api.w.org\/{rel}","templated":true}]}}