{"id":151189,"date":"2021-09-28T12:18:40","date_gmt":"2021-09-28T09:18:40","guid":{"rendered":"http:\/\/dev.tactic.net\/tuote\/popular-dice-games\/"},"modified":"2023-10-25T15:10:40","modified_gmt":"2023-10-25T12:10:40","slug":"popular-dice-games","status":"publish","type":"product","link":"https:\/\/games.tactic.net\/pl\/tuote\/popular-dice-games\/","title":{"rendered":"Tactic Najpopularniejsze gry ko\u015bciane"},"content":{"rendered":"<p>Dzi\u0119ki temu obszernemu zestawowi mo\u017cesz gra\u0107 w 27 najs\u0142ynniejszych gier ko\u015bcianych \u2013 m. in. typu yatzy, poker\u2026<br \/>\n\u2022 Zawiera zasady gier, dwa zestawy ko\u015bci i \u017cetony do gry.<br \/>\n\u2022 R\u00f3\u017cne poziomy trudno\u015bci odpowiadaj\u0105 graczom w ka\u017cdym wieku. Gry dla 2 i wi\u0119cej graczy w wieku 7+.<\/p>\n","protected":false},"excerpt":{"rendered":"<p>Dzi\u0119ki temu obszernemu zestawowi mo\u017cesz gra\u0107 w najs\u0142ynniejsze gry ko\u015bciane min. yatzy, poker. Zawiera zasady gier, dwa zestawy ko\u015bci i \u017cetony do gry.<\/p>\n","protected":false},"featured_media":0,"template":"","meta":{"content-type":"","_monsterinsights_skip_tracking":false,"_monsterinsights_sitenote_active":false,"_monsterinsights_sitenote_note":"","_monsterinsights_sitenote_category":0},"product_brand":[],"product_cat":[1675,1676],"product_tag":[1234],"brand":[],"target-group":[],"discontinued":[],"class_list":{"0":"post-151189","1":"product","2":"type-product","3":"status-publish","5":"product_cat-gry-kosciane-i-karciane","6":"product_cat-gry-kosciane-i-karciane-gry-rodzinne","7":"product_tag-laczenie-pl","9":"first","10":"instock","11":"taxable","12":"shipping-taxable","13":"product-type-simple"},"aioseo_notices":[],"_links":{"self":[{"href":"https:\/\/games.tactic.net\/pl\/wp-json\/wp\/v2\/product\/151189","targetHints":{"allow":["GET"]}}],"collection":[{"href":"https:\/\/games.tactic.net\/pl\/wp-json\/wp\/v2\/product"}],"about":[{"href":"https:\/\/games.tactic.net\/pl\/wp-json\/wp\/v2\/types\/product"}],"wp:attachment":[{"href":"https:\/\/games.tactic.net\/pl\/wp-json\/wp\/v2\/media?parent=151189"}],"wp:term":[{"taxonomy":"product_brand","embeddable":true,"href":"https:\/\/games.tactic.net\/pl\/wp-json\/wp\/v2\/product_brand?post=151189"},{"taxonomy":"product_cat","embeddable":true,"href":"https:\/\/games.tactic.net\/pl\/wp-json\/wp\/v2\/product_cat?post=151189"},{"taxonomy":"product_tag","embeddable":true,"href":"https:\/\/games.tactic.net\/pl\/wp-json\/wp\/v2\/product_tag?post=151189"},{"taxonomy":"brand","embeddable":true,"href":"https:\/\/games.tactic.net\/pl\/wp-json\/wp\/v2\/brand?post=151189"},{"taxonomy":"target-group","embeddable":true,"href":"https:\/\/games.tactic.net\/pl\/wp-json\/wp\/v2\/target-group?post=151189"},{"taxonomy":"discontinued","embeddable":true,"href":"https:\/\/games.tactic.net\/pl\/wp-json\/wp\/v2\/discontinued?post=151189"}],"curies":[{"name":"wp","href":"https:\/\/api.w.org\/{rel}","templated":true}]}}