{"id":151160,"date":"2021-09-28T12:17:01","date_gmt":"2021-09-28T09:17:01","guid":{"rendered":"http:\/\/dev.tactic.net\/tuote\/dicetto\/"},"modified":"2023-10-25T14:34:56","modified_gmt":"2023-10-25T11:34:56","slug":"dicetto","status":"publish","type":"product","link":"https:\/\/games.tactic.net\/pl\/tuote\/dicetto\/","title":{"rendered":"Tactic Dicetto dice game"},"content":{"rendered":"<p>KO\u015aCI ZOSTA\u0141Y RZUCONE! Rzucaj ko\u015b\u0107mi, por\u00f3wnuj\u0105c wyniki ze wzorami na kartach \u2013 zebranie najlepszych kart to droga do wygranej.<br \/>\n* Strategia i element szcz\u0119\u015bcia w ekscytuj\u0105cej konfiguracji.<br \/>\n* Kolorowe ko\u015bci sprawiaj\u0105, \u017ce ka\u017cda partia to inne wyzwanie.<br \/>\n* Nigdy si\u0119 nie nudzi!<br \/>\nDicetto to powr\u00f3t do korzeni w grze w ko\u015bci.<br \/>\nZawarto\u015b\u0107: 16 ko\u015bci do gry, 55 kart, instrukcja.<br \/>\nGra ko\u015bciana dla 2-4 graczy w wieku 7+.<\/p>\n","protected":false},"excerpt":{"rendered":"<p>KO\u015aCI ZOSTA\u0141Y RZUCONE! Rzucaj ko\u015b\u0107mi, por\u00f3wnuj\u0105c wyniki ze wzorami na kartach \u2013 zebranie najlepszych kart to droga do wygranej.<\/p>\n","protected":false},"featured_media":0,"template":"","meta":{"content-type":"","_monsterinsights_skip_tracking":false,"_monsterinsights_sitenote_active":false,"_monsterinsights_sitenote_note":"","_monsterinsights_sitenote_category":0},"product_brand":[],"product_cat":[1676,1675],"product_tag":[1033,897],"brand":[],"target-group":[],"discontinued":[],"class_list":{"0":"post-151160","1":"product","2":"type-product","3":"status-publish","5":"product_cat-gry-kosciane-i-karciane-gry-rodzinne","6":"product_cat-gry-kosciane-i-karciane","7":"product_tag-losowosc","8":"product_tag-taktyka","10":"first","11":"instock","12":"taxable","13":"shipping-taxable","14":"product-type-simple"},"aioseo_notices":[],"_links":{"self":[{"href":"https:\/\/games.tactic.net\/pl\/wp-json\/wp\/v2\/product\/151160","targetHints":{"allow":["GET"]}}],"collection":[{"href":"https:\/\/games.tactic.net\/pl\/wp-json\/wp\/v2\/product"}],"about":[{"href":"https:\/\/games.tactic.net\/pl\/wp-json\/wp\/v2\/types\/product"}],"wp:attachment":[{"href":"https:\/\/games.tactic.net\/pl\/wp-json\/wp\/v2\/media?parent=151160"}],"wp:term":[{"taxonomy":"product_brand","embeddable":true,"href":"https:\/\/games.tactic.net\/pl\/wp-json\/wp\/v2\/product_brand?post=151160"},{"taxonomy":"product_cat","embeddable":true,"href":"https:\/\/games.tactic.net\/pl\/wp-json\/wp\/v2\/product_cat?post=151160"},{"taxonomy":"product_tag","embeddable":true,"href":"https:\/\/games.tactic.net\/pl\/wp-json\/wp\/v2\/product_tag?post=151160"},{"taxonomy":"brand","embeddable":true,"href":"https:\/\/games.tactic.net\/pl\/wp-json\/wp\/v2\/brand?post=151160"},{"taxonomy":"target-group","embeddable":true,"href":"https:\/\/games.tactic.net\/pl\/wp-json\/wp\/v2\/target-group?post=151160"},{"taxonomy":"discontinued","embeddable":true,"href":"https:\/\/games.tactic.net\/pl\/wp-json\/wp\/v2\/discontinued?post=151160"}],"curies":[{"name":"wp","href":"https:\/\/api.w.org\/{rel}","templated":true}]}}