{"id":151145,"date":"2021-09-28T12:16:10","date_gmt":"2021-09-28T09:16:10","guid":{"rendered":"http:\/\/dev.tactic.net\/tuote\/yatzy\/"},"modified":"2023-10-25T15:56:52","modified_gmt":"2023-10-25T12:56:52","slug":"yatzy","status":"publish","type":"product","link":"https:\/\/games.tactic.net\/pl\/tuote\/yatzy\/","title":{"rendered":"Tactic Yatzy z kubkiem"},"content":{"rendered":"<p>RZUCAJ KO\u015a\u0106MI I \u2026 LICZ NA SZCZ\u0118\u015aCIE! Szcz\u0119\u015bciu mo\u017cna jednak pom\u00f3c odrobin\u0105 taktyki. Zasady s\u0105 proste. Ka\u017cdy gracz rzucaj\u0105c pi\u0119cioma ko\u015b\u0107mi stara si\u0119 otrzyma\u0107 specyficzne u\u0142o\u017cenie oczek. Im wi\u0119cej kombinacji uda mu si\u0119 uzyska\u0107 tym wi\u0119cej punkt\u00f3w zdob\u0119dzie! Yatzy jest gr\u0105, kt\u00f3ra zapewni wiele dobrej zabawy ca\u0142ej rodzinie. Zawarto\u015b\u0107: 5 ko\u015bci, notes, kubek, instrukcja. Gra dla 1-8 graczy w wieku 5+.<\/p>\n","protected":false},"excerpt":{"rendered":"<p>RZUCAJ KO\u015a\u0106MI I \u2026 LICZ NA SZCZ\u0118\u015aCIE. Szcz\u0119\u015bciu mo\u017cna jednak pom\u00f3c odrobin\u0105 taktyki. Zasady s\u0105 proste. Ka\u017cdy gracz rzucaj\u0105c pi\u0119cioma ko\u015b\u0107mi stara si\u0119 otrzyma\u0107 specyficzne u\u0142o\u017cenie oczek. Im wi\u0119cej kombinacji uda mu si\u0119 uzyska\u0107 tym wi\u0119cej punkt\u00f3w zdob\u0119dzie! Yatzy jest gr\u0105, kt\u00f3ra zapewni wiele dobrej zabawy dla ca\u0142ej rodziny.<\/p>\n","protected":false},"featured_media":0,"template":"","meta":{"content-type":"","_monsterinsights_skip_tracking":false,"_monsterinsights_sitenote_active":false,"_monsterinsights_sitenote_note":"","_monsterinsights_sitenote_category":0},"product_brand":[],"product_cat":[1676,1675],"product_tag":[1033,1234,376],"brand":[],"target-group":[],"discontinued":[],"class_list":{"0":"post-151145","1":"product","2":"type-product","3":"status-publish","5":"product_cat-gry-kosciane-i-karciane-gry-rodzinne","6":"product_cat-gry-kosciane-i-karciane","7":"product_tag-losowosc","8":"product_tag-laczenie-pl","9":"product_tag-obliczenie","11":"first","12":"instock","13":"taxable","14":"shipping-taxable","15":"product-type-simple"},"aioseo_notices":[],"_links":{"self":[{"href":"https:\/\/games.tactic.net\/pl\/wp-json\/wp\/v2\/product\/151145","targetHints":{"allow":["GET"]}}],"collection":[{"href":"https:\/\/games.tactic.net\/pl\/wp-json\/wp\/v2\/product"}],"about":[{"href":"https:\/\/games.tactic.net\/pl\/wp-json\/wp\/v2\/types\/product"}],"wp:attachment":[{"href":"https:\/\/games.tactic.net\/pl\/wp-json\/wp\/v2\/media?parent=151145"}],"wp:term":[{"taxonomy":"product_brand","embeddable":true,"href":"https:\/\/games.tactic.net\/pl\/wp-json\/wp\/v2\/product_brand?post=151145"},{"taxonomy":"product_cat","embeddable":true,"href":"https:\/\/games.tactic.net\/pl\/wp-json\/wp\/v2\/product_cat?post=151145"},{"taxonomy":"product_tag","embeddable":true,"href":"https:\/\/games.tactic.net\/pl\/wp-json\/wp\/v2\/product_tag?post=151145"},{"taxonomy":"brand","embeddable":true,"href":"https:\/\/games.tactic.net\/pl\/wp-json\/wp\/v2\/brand?post=151145"},{"taxonomy":"target-group","embeddable":true,"href":"https:\/\/games.tactic.net\/pl\/wp-json\/wp\/v2\/target-group?post=151145"},{"taxonomy":"discontinued","embeddable":true,"href":"https:\/\/games.tactic.net\/pl\/wp-json\/wp\/v2\/discontinued?post=151145"}],"curies":[{"name":"wp","href":"https:\/\/api.w.org\/{rel}","templated":true}]}}