{"id":151116,"date":"2021-09-28T12:15:16","date_gmt":"2021-09-28T09:15:16","guid":{"rendered":"http:\/\/dev.tactic.net\/tuote\/teczowe-yatzy-gra-w-kosci\/"},"modified":"2023-10-25T16:21:18","modified_gmt":"2023-10-25T13:21:18","slug":"teczowe-yatzy-gra-w-kosci","status":"publish","type":"product","link":"https:\/\/games.tactic.net\/pl\/tuote\/teczowe-yatzy-gra-w-kosci\/","title":{"rendered":"Tactic T\u0119czowe Yatzy gra w ko\u015bci"},"content":{"rendered":"<p>Klasyczna gra w ko\u015bci z kolorowym akcentem! Rzu\u0107 kostk\u0105 na t\u0119czow\u0105 plansz\u0119 i spr\u00f3buj dopasowa\u0107 kolory, aby zebra\u0107 karty ze sto\u0142u. Im wi\u0119cej kart zbierzesz, tym lepszy b\u0119dzie tw\u00f3j wynik.<br \/>\nB\u0105d\u017a ostro\u017cny, poniewa\u017c czasami twoje wysi\u0142ki mog\u0105 pom\u00f3c nast\u0119pnemu graczowi&#8230;<br \/>\n\u2022 Znana koncepcja gry z zupe\u0142nie nowym akcentem!<br \/>\n\u2022 Ta kompaktowa gra jest \u0142atwa do zabrania ze sob\u0105.<br \/>\n\u2022 Kostki z niesamowitymi kolorami<br \/>\nGra dla 2 i wi\u0119cej graczy w wieku 6+.<\/p>\n","protected":false},"excerpt":{"rendered":"<p>Klasyczna gra w ko\u015bci z kolorowym akcentem! Rzu\u0107 kostk\u0105 na t\u0119czow\u0105 plansz\u0119 i spr\u00f3buj dopasowa\u0107 kolory, aby zebra\u0107 karty ze sto\u0142u. Im wi\u0119cej kart zbierzesz, tym lepszy b\u0119dzie tw\u00f3j wynik. B\u0105d\u017a ostro\u017cny, poniewa\u017c czasami twoje wysi\u0142ki mog\u0105 pom\u00f3c nast\u0119pnemu graczowi.<\/p>\n","protected":false},"featured_media":0,"template":"","meta":{"content-type":"","_monsterinsights_skip_tracking":false,"_monsterinsights_sitenote_active":false,"_monsterinsights_sitenote_note":"","_monsterinsights_sitenote_category":0},"product_brand":[],"product_cat":[1675,1676],"product_tag":[1033,376,995],"brand":[],"target-group":[],"discontinued":[],"class_list":{"0":"post-151116","1":"product","2":"type-product","3":"status-publish","5":"product_cat-gry-kosciane-i-karciane","6":"product_cat-gry-kosciane-i-karciane-gry-rodzinne","7":"product_tag-losowosc","8":"product_tag-obliczenie","9":"product_tag-wieloosobowe","11":"first","12":"instock","13":"taxable","14":"shipping-taxable","15":"product-type-simple"},"aioseo_notices":[],"_links":{"self":[{"href":"https:\/\/games.tactic.net\/pl\/wp-json\/wp\/v2\/product\/151116","targetHints":{"allow":["GET"]}}],"collection":[{"href":"https:\/\/games.tactic.net\/pl\/wp-json\/wp\/v2\/product"}],"about":[{"href":"https:\/\/games.tactic.net\/pl\/wp-json\/wp\/v2\/types\/product"}],"wp:attachment":[{"href":"https:\/\/games.tactic.net\/pl\/wp-json\/wp\/v2\/media?parent=151116"}],"wp:term":[{"taxonomy":"product_brand","embeddable":true,"href":"https:\/\/games.tactic.net\/pl\/wp-json\/wp\/v2\/product_brand?post=151116"},{"taxonomy":"product_cat","embeddable":true,"href":"https:\/\/games.tactic.net\/pl\/wp-json\/wp\/v2\/product_cat?post=151116"},{"taxonomy":"product_tag","embeddable":true,"href":"https:\/\/games.tactic.net\/pl\/wp-json\/wp\/v2\/product_tag?post=151116"},{"taxonomy":"brand","embeddable":true,"href":"https:\/\/games.tactic.net\/pl\/wp-json\/wp\/v2\/brand?post=151116"},{"taxonomy":"target-group","embeddable":true,"href":"https:\/\/games.tactic.net\/pl\/wp-json\/wp\/v2\/target-group?post=151116"},{"taxonomy":"discontinued","embeddable":true,"href":"https:\/\/games.tactic.net\/pl\/wp-json\/wp\/v2\/discontinued?post=151116"}],"curies":[{"name":"wp","href":"https:\/\/api.w.org\/{rel}","templated":true}]}}