{"id":151097,"date":"2021-09-28T12:10:49","date_gmt":"2021-09-28T09:10:49","guid":{"rendered":"http:\/\/dev.tactic.net\/tuote\/24-godziny\/"},"modified":"2023-10-25T16:01:28","modified_gmt":"2023-10-25T13:01:28","slug":"24-godziny","status":"publish","type":"product","link":"https:\/\/games.tactic.net\/pl\/tuote\/24-godziny\/","title":{"rendered":"Tactic 24 godziny"},"content":{"rendered":"<p>DZIA\u0141AJCIE RAZEM, aby rozwik\u0142a\u0107 zagadk\u0119 kryminaln\u0105! Wsp\u00f3\u0142pracuj z przyjaci\u00f3\u0142mi i rodzin\u0105, aby wsadzi\u0107 przest\u0119pc\u00f3w za kratki! Dzia\u0142ajcie jak detektywi, przemierzaj\u0105c miasto w poszukiwaniu wskaz\u00f3wek i wykonuj\u0105c powierzone wam zadania. Macie 24 godziny, aby rozwi\u0105za\u0107 zagadk\u0119 i zamkn\u0105\u0107 spraw\u0119. Skoncentrujcie si\u0119 \u2013 przest\u0119pcom nie mo\u017ce uj\u015b\u0107 na sucho! Praca zespo\u0142owa b\u0119dzie warunkiem sukcesu. Nieprzewidziane okoliczno\u015bci mog\u0105 krzy\u017cowa\u0107 wasze plany, jednak&#8230; Zawarto\u015b\u0107: plansza, 4 detektyw\u00f3w + plastikowe podstawki, 16 kart lokalizacyjnych, 8 kr\u0105\u017ck\u00f3w ryzyka, 24 karty z informacjami, 12 kart z dowodami, zasady gry. Gra dla 2-4 graczy w wieku 7+.<\/p>\n","protected":false},"excerpt":{"rendered":"<p>Przemierzajcie miasto, zbieraj\u0105c dowody, aby rozwi\u0105za\u0107 kryminaln\u0105 zagadk\u0119. Pami\u0119tajcie jednak o up\u0142ywaj\u0105cym czasie, w przeciwnym razie przest\u0119pcy pozostan\u0105 na wolno\u015bci.<\/p>\n","protected":false},"featured_media":0,"template":"","meta":{"content-type":"","_monsterinsights_skip_tracking":false,"_monsterinsights_sitenote_active":false,"_monsterinsights_sitenote_note":"","_monsterinsights_sitenote_category":0},"product_brand":[],"product_cat":[1805,1796],"product_tag":[],"brand":[],"target-group":[],"discontinued":[],"class_list":{"0":"post-151097","1":"product","2":"type-product","3":"status-publish","5":"product_cat-gry-planszowe","6":"product_cat-gry-planszowe-dla-dzieci","8":"first","9":"instock","10":"taxable","11":"shipping-taxable","12":"product-type-simple"},"aioseo_notices":[],"_links":{"self":[{"href":"https:\/\/games.tactic.net\/pl\/wp-json\/wp\/v2\/product\/151097","targetHints":{"allow":["GET"]}}],"collection":[{"href":"https:\/\/games.tactic.net\/pl\/wp-json\/wp\/v2\/product"}],"about":[{"href":"https:\/\/games.tactic.net\/pl\/wp-json\/wp\/v2\/types\/product"}],"wp:attachment":[{"href":"https:\/\/games.tactic.net\/pl\/wp-json\/wp\/v2\/media?parent=151097"}],"wp:term":[{"taxonomy":"product_brand","embeddable":true,"href":"https:\/\/games.tactic.net\/pl\/wp-json\/wp\/v2\/product_brand?post=151097"},{"taxonomy":"product_cat","embeddable":true,"href":"https:\/\/games.tactic.net\/pl\/wp-json\/wp\/v2\/product_cat?post=151097"},{"taxonomy":"product_tag","embeddable":true,"href":"https:\/\/games.tactic.net\/pl\/wp-json\/wp\/v2\/product_tag?post=151097"},{"taxonomy":"brand","embeddable":true,"href":"https:\/\/games.tactic.net\/pl\/wp-json\/wp\/v2\/brand?post=151097"},{"taxonomy":"target-group","embeddable":true,"href":"https:\/\/games.tactic.net\/pl\/wp-json\/wp\/v2\/target-group?post=151097"},{"taxonomy":"discontinued","embeddable":true,"href":"https:\/\/games.tactic.net\/pl\/wp-json\/wp\/v2\/discontinued?post=151097"}],"curies":[{"name":"wp","href":"https:\/\/api.w.org\/{rel}","templated":true}]}}