{"id":151012,"date":"2021-09-28T12:07:48","date_gmt":"2021-09-28T09:07:48","guid":{"rendered":"http:\/\/dev.tactic.net\/tuote\/zalozysz-sie-2\/"},"modified":"2023-10-25T16:05:36","modified_gmt":"2023-10-25T13:05:36","slug":"zalozysz-sie-2","status":"publish","type":"product","link":"https:\/\/games.tactic.net\/pl\/tuote\/zalozysz-sie-2\/","title":{"rendered":"Tactic Za\u0142o\u017cysz si\u0119? 2"},"content":{"rendered":"<p>Szukasz wyzwa\u0144 i dobrej zabawy? Czy zdo\u0142asz pokaza\u0107 swojej rodzinie i przyjacio\u0142om, \u017ce zadania s\u0142owne s\u0105 dla Ciebie r\u00f3wnie proste jak&#8230; rzut pi\u0142eczk\u0105? Czas na pojedynek z wyzwaniami, kt\u00f3re zmusz\u0105 ka\u017cdego, \u017ceby da\u0142 z siebie wszystko! Za\u0142o\u017cysz si\u0119? 2.0 swoimi nowymi zadaniami podwaja emocje, rado\u015b\u0107 i \u015bmiech. Je\u015bli chcesz wygra\u0107, musisz pomy\u015blnie wykona\u0107 zadania i odgadn\u0105\u0107, czy inni gracze b\u0119d\u0105 w stanie wykona\u0107 w\u0142asne. Id\u017a na ca\u0142o\u015b\u0107, by si\u0119gn\u0105\u0107 po zwyci\u0119stwo! Zawarto\u015b\u0107: 1 plansza, 288 kart zada\u0144 (144 zr\u0119czno\u015bciowe, 144 umys\u0142owe), 12 kart TAK\/NIE, plik banknot\u00f3w, 6 pionk\u00f3w, 1 notatnik, 1 kostka, 3 klepsydry, 1 pi\u0142eczka zada\u0144, zasady gry. Gra przeznaczona dla 3-6 os\u00f3b w wieku 8+.<\/p>\n","protected":false},"excerpt":{"rendered":"<p>Szukasz wyzwa\u0144 i dobrej zabawy? Poka\u017c, na co Ci\u0119 sta\u0107 &#8211; w nowej ods\u0142onie gry z zupe\u0142nie nowymi zadaniami i do\u0142\u0105czon\u0105 do zestawu pi\u0142eczk\u0105!Druga edycja \u015bwietnego imprezowego i rodzinnego klasyka od Tactic Games Za\u0142o\u017cysz si\u0119?.<\/p>\n","protected":false},"featured_media":0,"template":"","meta":{"content-type":"","_monsterinsights_skip_tracking":false,"_monsterinsights_sitenote_active":false,"_monsterinsights_sitenote_note":"","_monsterinsights_sitenote_category":0},"product_brand":[],"product_cat":[1811,1818],"product_tag":[1230,1033,1253],"brand":[],"target-group":[],"discontinued":[],"class_list":{"0":"post-151012","1":"product","2":"type-product","3":"status-publish","5":"product_cat-imprezowe-gry-dla-doroslych","6":"product_cat-imprezowe-gry-rodzinne","7":"product_tag-dzialanie-pl","8":"product_tag-losowosc","9":"product_tag-umiejetnosc-pl","11":"first","12":"instock","13":"taxable","14":"shipping-taxable","15":"product-type-simple"},"aioseo_notices":[],"_links":{"self":[{"href":"https:\/\/games.tactic.net\/pl\/wp-json\/wp\/v2\/product\/151012","targetHints":{"allow":["GET"]}}],"collection":[{"href":"https:\/\/games.tactic.net\/pl\/wp-json\/wp\/v2\/product"}],"about":[{"href":"https:\/\/games.tactic.net\/pl\/wp-json\/wp\/v2\/types\/product"}],"wp:attachment":[{"href":"https:\/\/games.tactic.net\/pl\/wp-json\/wp\/v2\/media?parent=151012"}],"wp:term":[{"taxonomy":"product_brand","embeddable":true,"href":"https:\/\/games.tactic.net\/pl\/wp-json\/wp\/v2\/product_brand?post=151012"},{"taxonomy":"product_cat","embeddable":true,"href":"https:\/\/games.tactic.net\/pl\/wp-json\/wp\/v2\/product_cat?post=151012"},{"taxonomy":"product_tag","embeddable":true,"href":"https:\/\/games.tactic.net\/pl\/wp-json\/wp\/v2\/product_tag?post=151012"},{"taxonomy":"brand","embeddable":true,"href":"https:\/\/games.tactic.net\/pl\/wp-json\/wp\/v2\/brand?post=151012"},{"taxonomy":"target-group","embeddable":true,"href":"https:\/\/games.tactic.net\/pl\/wp-json\/wp\/v2\/target-group?post=151012"},{"taxonomy":"discontinued","embeddable":true,"href":"https:\/\/games.tactic.net\/pl\/wp-json\/wp\/v2\/discontinued?post=151012"}],"curies":[{"name":"wp","href":"https:\/\/api.w.org\/{rel}","templated":true}]}}