{"id":150983,"date":"2021-09-28T12:06:24","date_gmt":"2021-09-28T09:06:24","guid":{"rendered":"http:\/\/dev.tactic.net\/tuote\/zalozysz-sie\/"},"modified":"2023-10-25T15:57:45","modified_gmt":"2023-10-25T12:57:45","slug":"zalozysz-sie","status":"publish","type":"product","link":"https:\/\/games.tactic.net\/pl\/tuote\/zalozysz-sie\/","title":{"rendered":"Tactic Za\u0142o\u017cysz si\u0119?"},"content":{"rendered":"<p>PRZEKONAJ SI\u0118, KTO TO POTRAFI! W tej zabawnej grze rodzinnej wykonujesz r\u00f3\u017cne zadania lub odpowiadasz na pytania. Inne osoby obstawiaj\u0105 tw\u00f3j sukces lub pora\u017ck\u0119. Je\u015bli odgadn\u0105, wygrywaj\u0105 podw\u00f3jn\u0105 warto\u015b\u0107 obstawionych punkt\u00f3w. Tw\u00f3j sukces to tak\u017ce ekstra punkty dla ciebie! Za\u0142o\u017cysz si\u0119? dzi\u0119ki swojej interaktywno\u015bci i zabawnym zadaniom wci\u0105ga zar\u00f3wno doros\u0142ych, jak i dzieci. To gra zar\u00f3wno na d\u0142ugie wieczory w rodzinnym gronie jak i na szalon\u0105 imprez\u0119! Zawarto\u015b\u0107: 1 plansza, 288 kart zada\u0144 (144 zr\u0119czno\u015bciowych, 144 umys\u0142owych), 12 kart TAK\/NIE, plik banknot\u00f3w , 6 pionk\u00f3w, 1 notatnik, 1 kostka, 3 klepsydry. Gra przeznaczona dla 3 &#8211; 6 graczy w wieku 8+.<\/p>\n","protected":false},"excerpt":{"rendered":"<p>PRZEKONAJ SI\u0118, KTO TO POTRAFI! W tej zabawnej grze rodzinnej wykonujesz r\u00f3\u017cne zadania lub odpowiadasz na pytania. Inne osoby obstawiaj\u0105 tw\u00f3j sukces lub pora\u017ck\u0119. Je\u015bli odgadn\u0105, wygrywaj\u0105 podw\u00f3jn\u0105 warto\u015b\u0107 obstawionych punkt\u00f3w. Tw\u00f3j sukces to tak\u017ce ekstra punkty dla ciebie!<\/p>\n","protected":false},"featured_media":0,"template":"","meta":{"content-type":"","_monsterinsights_skip_tracking":false,"_monsterinsights_sitenote_active":false,"_monsterinsights_sitenote_note":"","_monsterinsights_sitenote_category":0},"product_brand":[],"product_cat":[1811,1818],"product_tag":[1230,1033,1253],"brand":[],"target-group":[],"discontinued":[],"class_list":{"0":"post-150983","1":"product","2":"type-product","3":"status-publish","5":"product_cat-imprezowe-gry-dla-doroslych","6":"product_cat-imprezowe-gry-rodzinne","7":"product_tag-dzialanie-pl","8":"product_tag-losowosc","9":"product_tag-umiejetnosc-pl","11":"first","12":"instock","13":"taxable","14":"shipping-taxable","15":"product-type-simple"},"aioseo_notices":[],"_links":{"self":[{"href":"https:\/\/games.tactic.net\/pl\/wp-json\/wp\/v2\/product\/150983","targetHints":{"allow":["GET"]}}],"collection":[{"href":"https:\/\/games.tactic.net\/pl\/wp-json\/wp\/v2\/product"}],"about":[{"href":"https:\/\/games.tactic.net\/pl\/wp-json\/wp\/v2\/types\/product"}],"wp:attachment":[{"href":"https:\/\/games.tactic.net\/pl\/wp-json\/wp\/v2\/media?parent=150983"}],"wp:term":[{"taxonomy":"product_brand","embeddable":true,"href":"https:\/\/games.tactic.net\/pl\/wp-json\/wp\/v2\/product_brand?post=150983"},{"taxonomy":"product_cat","embeddable":true,"href":"https:\/\/games.tactic.net\/pl\/wp-json\/wp\/v2\/product_cat?post=150983"},{"taxonomy":"product_tag","embeddable":true,"href":"https:\/\/games.tactic.net\/pl\/wp-json\/wp\/v2\/product_tag?post=150983"},{"taxonomy":"brand","embeddable":true,"href":"https:\/\/games.tactic.net\/pl\/wp-json\/wp\/v2\/brand?post=150983"},{"taxonomy":"target-group","embeddable":true,"href":"https:\/\/games.tactic.net\/pl\/wp-json\/wp\/v2\/target-group?post=150983"},{"taxonomy":"discontinued","embeddable":true,"href":"https:\/\/games.tactic.net\/pl\/wp-json\/wp\/v2\/discontinued?post=150983"}],"curies":[{"name":"wp","href":"https:\/\/api.w.org\/{rel}","templated":true}]}}