{"id":150926,"date":"2021-09-28T12:04:50","date_gmt":"2021-09-28T09:04:50","guid":{"rendered":"http:\/\/dev.tactic.net\/tuote\/great-tour\/"},"modified":"2022-01-31T08:56:02","modified_gmt":"2022-01-31T06:56:02","slug":"great-tour","status":"publish","type":"product","link":"https:\/\/games.tactic.net\/pl\/tuote\/great-tour\/","title":{"rendered":"Tactic Great Tour"},"content":{"rendered":"<p>Jeste\u015b w\u0142a\u015bcicielem firmy autokarowej i pr\u00f3bujesz rozs\u0142awi\u0107 j\u0105 na kontynencie! Zawie\u017a turyst\u00f3w z jednego miejsca do drugiego i spr\u00f3buj zdoby\u0107 jak najwi\u0119cej punkt\u00f3w! Unikaj konkurencji i jed\u017a prosto po zwyci\u0119stwo! \u2022\u2022 W zestawie z drewnianymi elementami! \u2022\u2022 \u015awietna gra wymagaj\u0105ca dokonywania wielu strategicznych wybor\u00f3w. \u2022\u2022 Oryginalne ilustracje umilaj\u0105 gr\u0119.<br \/>\nZawarto\u015b\u0107: plansza, 54 ma\u0142e autokary (po 9 w ka\u017cdym z 6 kolor\u00f3w), 6 du\u017cych autokar\u00f3w (6 kolor\u00f3w), 60 kart biletowych, 150 kart tras, 2 talie Joker\u00f3w (40 kart tras, 45 kart tras VIP), 8 kart bonusowych, 50 \u017ceton\u00f3w miejskich, zasady.<br \/>\nGra przeznaczona dla 2-6 graczy w wieku 8+.<\/p>\n","protected":false},"excerpt":{"rendered":"<p>Jeste\u015b w\u0142a\u015bcicielem firmy autokarowej i pr\u00f3bujesz rozs\u0142awi\u0107 j\u0105 na kontynencie! Zawie\u017a turyst\u00f3w z jednego miejsca do drugiego i spr\u00f3buj zdoby\u0107 jak najwi\u0119cej punkt\u00f3w! Unikaj konkurencji i jed\u017a prosto po zwyci\u0119stwo! W zestawie z drewnianymi elementami!<\/p>\n","protected":false},"featured_media":0,"template":"","meta":{"content-type":"","_monsterinsights_skip_tracking":false,"_monsterinsights_sitenote_active":false,"_monsterinsights_sitenote_note":"","_monsterinsights_sitenote_category":0},"product_brand":[],"product_cat":[1805],"product_tag":[1247],"brand":[],"target-group":[],"discontinued":[],"class_list":{"0":"post-150926","1":"product","2":"type-product","3":"status-publish","5":"product_cat-gry-planszowe","6":"product_tag-strategia-pl","8":"first","9":"outofstock","10":"taxable","11":"shipping-taxable","12":"product-type-simple"},"aioseo_notices":[],"_links":{"self":[{"href":"https:\/\/games.tactic.net\/pl\/wp-json\/wp\/v2\/product\/150926","targetHints":{"allow":["GET"]}}],"collection":[{"href":"https:\/\/games.tactic.net\/pl\/wp-json\/wp\/v2\/product"}],"about":[{"href":"https:\/\/games.tactic.net\/pl\/wp-json\/wp\/v2\/types\/product"}],"wp:attachment":[{"href":"https:\/\/games.tactic.net\/pl\/wp-json\/wp\/v2\/media?parent=150926"}],"wp:term":[{"taxonomy":"product_brand","embeddable":true,"href":"https:\/\/games.tactic.net\/pl\/wp-json\/wp\/v2\/product_brand?post=150926"},{"taxonomy":"product_cat","embeddable":true,"href":"https:\/\/games.tactic.net\/pl\/wp-json\/wp\/v2\/product_cat?post=150926"},{"taxonomy":"product_tag","embeddable":true,"href":"https:\/\/games.tactic.net\/pl\/wp-json\/wp\/v2\/product_tag?post=150926"},{"taxonomy":"brand","embeddable":true,"href":"https:\/\/games.tactic.net\/pl\/wp-json\/wp\/v2\/brand?post=150926"},{"taxonomy":"target-group","embeddable":true,"href":"https:\/\/games.tactic.net\/pl\/wp-json\/wp\/v2\/target-group?post=150926"},{"taxonomy":"discontinued","embeddable":true,"href":"https:\/\/games.tactic.net\/pl\/wp-json\/wp\/v2\/discontinued?post=150926"}],"curies":[{"name":"wp","href":"https:\/\/api.w.org\/{rel}","templated":true}]}}