{"id":150813,"date":"2021-09-28T12:03:40","date_gmt":"2021-09-28T09:03:40","guid":{"rendered":"http:\/\/dev.tactic.net\/tuote\/kimble-twist\/"},"modified":"2023-10-25T16:23:05","modified_gmt":"2023-10-25T13:23:05","slug":"kimble-twist","status":"publish","type":"product","link":"https:\/\/games.tactic.net\/pl\/tuote\/kimble-twist\/","title":{"rendered":"Tactic Kimble Twist gra planszowa"},"content":{"rendered":"<p>Gotowi na wy\u015bcig? Oto kimble poddane przer\u00f3bce. Zakr\u0119cona plansza z nieoczekiwanymi zwrotami akcji!<br \/>\nKlasyka w nowej ods\u0142onie.<br \/>\nTrwa\u0142a plastikowa plansza.<br \/>\nZnajome zasady, ale wi\u0119ksze pole dla strategii.<br \/>\nZawarto\u015b\u0107: plansza z wprawiaj\u0105cym kostk\u0119 w ruch urz\u0105dzeniem \u201ePop-O-Matic\u201d i ruchomymi polami, 16 pionk\u00f3w (po 4 w ka\u017cdym kolorze), zasady.<br \/>\nGra dla 2-4 os\u00f3b w wieku 6+.<\/p>\n","protected":false},"excerpt":{"rendered":"<p>Gotowi na wy\u015bcig? Oto kimble poddane przer\u00f3bce. Zakr\u0119cona plansza z nieoczekiwanymi zwrotami akcji! Klasyka w nowej ods\u0142onie. Trwa\u0142a plastikowa plansza.Znajome zasady, ale wi\u0119ksze pole dla strategii.<\/p>\n","protected":false},"featured_media":0,"template":"","meta":{"content-type":"","_monsterinsights_skip_tracking":false,"_monsterinsights_sitenote_active":false,"_monsterinsights_sitenote_note":"","_monsterinsights_sitenote_category":0},"product_brand":[],"product_cat":[1805],"product_tag":[1033,1247,897],"brand":[{"id":1278,"name":"Kimble","slug":"kimble-4"}],"target-group":[],"discontinued":[],"class_list":{"0":"post-150813","1":"product","2":"type-product","3":"status-publish","5":"product_cat-gry-planszowe","6":"product_tag-losowosc","7":"product_tag-strategia-pl","8":"product_tag-taktyka","9":"brand-kimble-4","11":"first","12":"instock","13":"taxable","14":"shipping-taxable","15":"product-type-simple"},"aioseo_notices":[],"_links":{"self":[{"href":"https:\/\/games.tactic.net\/pl\/wp-json\/wp\/v2\/product\/150813","targetHints":{"allow":["GET"]}}],"collection":[{"href":"https:\/\/games.tactic.net\/pl\/wp-json\/wp\/v2\/product"}],"about":[{"href":"https:\/\/games.tactic.net\/pl\/wp-json\/wp\/v2\/types\/product"}],"wp:attachment":[{"href":"https:\/\/games.tactic.net\/pl\/wp-json\/wp\/v2\/media?parent=150813"}],"wp:term":[{"taxonomy":"product_brand","embeddable":true,"href":"https:\/\/games.tactic.net\/pl\/wp-json\/wp\/v2\/product_brand?post=150813"},{"taxonomy":"product_cat","embeddable":true,"href":"https:\/\/games.tactic.net\/pl\/wp-json\/wp\/v2\/product_cat?post=150813"},{"taxonomy":"product_tag","embeddable":true,"href":"https:\/\/games.tactic.net\/pl\/wp-json\/wp\/v2\/product_tag?post=150813"},{"taxonomy":"brand","embeddable":true,"href":"https:\/\/games.tactic.net\/pl\/wp-json\/wp\/v2\/brand?post=150813"},{"taxonomy":"target-group","embeddable":true,"href":"https:\/\/games.tactic.net\/pl\/wp-json\/wp\/v2\/target-group?post=150813"},{"taxonomy":"discontinued","embeddable":true,"href":"https:\/\/games.tactic.net\/pl\/wp-json\/wp\/v2\/discontinued?post=150813"}],"curies":[{"name":"wp","href":"https:\/\/api.w.org\/{rel}","templated":true}]}}