{"id":150770,"date":"2021-09-28T12:02:41","date_gmt":"2021-09-28T09:02:41","guid":{"rendered":"http:\/\/dev.tactic.net\/tuote\/kimble-2\/"},"modified":"2023-10-25T14:46:51","modified_gmt":"2023-10-25T11:46:51","slug":"kimble-2","status":"publish","type":"product","link":"https:\/\/games.tactic.net\/pl\/tuote\/kimble-2\/","title":{"rendered":"Tactic Kimble gra planszowa"},"content":{"rendered":"<p>ZNANA OD 45 LAT ODMIANA POPULARNEGO \u201eCHI\u0143CZYKA\u201d! Solidne wykonanie, niegubi\u0105ca si\u0119 kostka i \u0142atwe do nauczenia zasady. Celem jest przej\u015bcie, wszystkimi swoimi pionkami, dooko\u0142a planszy. Mo\u017cna zbija\u0107 pionki przeciwnika, trzeba uwa\u017ca\u0107 jednak, aby samemu nie da\u0107 si\u0119 usun\u0105\u0107 z planszy. Gra tak pe\u0142na niespodziewanych zwrot\u00f3w akcji, \u017ce nikt do ko\u0144ca nie mo\u017ce by\u0107 pewny zwyci\u0119stwa. Zawarto\u015b\u0107: Plansza z kostk\u0105 \u201ePop O Matic\u201d, 16 pionk\u00f3w (4 w ka\u017cdym kolorze), instrukcja. Gra rodzinna dla 2 do 4 graczy w wieku 5+.<\/p>\n","protected":false},"excerpt":{"rendered":"<p>ZNANA OD 45 LAT ODMIANA POPULARNEGO \u201eCHI\u0143CZYKA\u201d! Solidne wykonanie, niegubi\u0105ca si\u0119 kostka i \u0142atwe do nauczenia zasady. Celem jest przej\u015bcie, wszystkimi swoimi pionkami, dooko\u0142a planszy.<\/p>\n","protected":false},"featured_media":0,"template":"","meta":{"content-type":"","_monsterinsights_skip_tracking":false,"_monsterinsights_sitenote_active":false,"_monsterinsights_sitenote_note":"","_monsterinsights_sitenote_category":0},"product_brand":[],"product_cat":[1805,1796],"product_tag":[1000,1033,1247],"brand":[{"id":1278,"name":"Kimble","slug":"kimble-4"}],"target-group":[],"discontinued":[],"class_list":{"0":"post-150770","1":"product","2":"type-product","3":"status-publish","5":"product_cat-gry-planszowe","6":"product_cat-gry-planszowe-dla-dzieci","7":"product_tag-edukacyjny","8":"product_tag-losowosc","9":"product_tag-strategia-pl","10":"brand-kimble-4","12":"first","13":"outofstock","14":"taxable","15":"shipping-taxable","16":"product-type-simple"},"aioseo_notices":[],"_links":{"self":[{"href":"https:\/\/games.tactic.net\/pl\/wp-json\/wp\/v2\/product\/150770","targetHints":{"allow":["GET"]}}],"collection":[{"href":"https:\/\/games.tactic.net\/pl\/wp-json\/wp\/v2\/product"}],"about":[{"href":"https:\/\/games.tactic.net\/pl\/wp-json\/wp\/v2\/types\/product"}],"wp:attachment":[{"href":"https:\/\/games.tactic.net\/pl\/wp-json\/wp\/v2\/media?parent=150770"}],"wp:term":[{"taxonomy":"product_brand","embeddable":true,"href":"https:\/\/games.tactic.net\/pl\/wp-json\/wp\/v2\/product_brand?post=150770"},{"taxonomy":"product_cat","embeddable":true,"href":"https:\/\/games.tactic.net\/pl\/wp-json\/wp\/v2\/product_cat?post=150770"},{"taxonomy":"product_tag","embeddable":true,"href":"https:\/\/games.tactic.net\/pl\/wp-json\/wp\/v2\/product_tag?post=150770"},{"taxonomy":"brand","embeddable":true,"href":"https:\/\/games.tactic.net\/pl\/wp-json\/wp\/v2\/brand?post=150770"},{"taxonomy":"target-group","embeddable":true,"href":"https:\/\/games.tactic.net\/pl\/wp-json\/wp\/v2\/target-group?post=150770"},{"taxonomy":"discontinued","embeddable":true,"href":"https:\/\/games.tactic.net\/pl\/wp-json\/wp\/v2\/discontinued?post=150770"}],"curies":[{"name":"wp","href":"https:\/\/api.w.org\/{rel}","templated":true}]}}